{"id":12068,"date":"2025-06-16T12:45:34","date_gmt":"2025-06-16T11:45:34","guid":{"rendered":"https:\/\/odlicno.si\/trgovina\/Bez kategorije\/przeni-i-slani-kikiriki-on-the-go-odlicno-50-g\/"},"modified":"2025-06-16T12:45:34","modified_gmt":"2025-06-16T11:45:34","slug":"przeni-i-slani-kikiriki-on-the-go-odlicno-50-g","status":"publish","type":"product","link":"https:\/\/odlicno.si\/hr\/proizvodi\/mjesavine-i-grickalice\/grickalice\/przeni-i-slani-kikiriki-on-the-go-odlicno-50-g\/","title":{"rendered":"Pr\u017eeni i slani kikiriki On the go Odli\u010dno 50 g"},"content":{"rendered":"<p>Pr\u017eeni i slani kikiriki <strong>iz na\u0161e doma\u0107e pr\u017eionice<\/strong>. Klasi\u010dna grickalica u prakti\u010dnom pakiranju \u2013 idealna za brzo uta\u017eenje gladi u pokretu. Na\u0161 pa\u017eljivo odabrani kikiriki nje\u017eno je pr\u017een za pun okus i lagano posoljen za savr\u0161enu ravnote\u017eu. <\/p>\n<blockquote><p>U\u017eivajte u hrskavosti!<\/p><\/blockquote>\n<p>&nbsp;<\/p>\n","protected":false},"excerpt":{"rendered":"<p>Pr\u017eeni i slani kikiriki iz na\u0161e doma\u0107e pr\u017eionice. Klasi\u010dna grickalica u prakti\u010dnom pakiranju \u2013 idealna za brzo uta\u017eenje gladi u pokretu. Na\u0161 pa\u017eljivo odabrani kikiriki nje\u017eno je pr\u017een za pun okus i lagano posoljen za savr\u0161enu ravnote\u017eu. U\u017eivajte u hrskavosti! &nbsp;<\/p>\n","protected":false},"featured_media":11781,"template":"","meta":{"_acf_changed":false},"product_brand":[],"product_cat":[281,115,118,117,256,262,268],"product_tag":[],"class_list":{"0":"post-12068","1":"product","2":"type-product","3":"status-publish","4":"has-post-thumbnail","6":"product_cat-35-g-60-g-hr","7":"product_cat-grickalice","8":"product_cat-kikiriki","9":"product_cat-orascici-sjemenke","10":"product_cat-za-izlete-lutanja","11":"product_cat-za-uzgred","12":"product_cat-zabava-dogadanja","14":"first","15":"instock","16":"featured","17":"taxable","18":"shipping-taxable","19":"purchasable","20":"product-type-simple"},"acf":[],"mb":[],"jetpack_sharing_enabled":true,"mfb_rest_fields":["title","jetpack_sharing_enabled"],"_links":{"self":[{"href":"https:\/\/odlicno.si\/hr\/wp-json\/wp\/v2\/product\/12068","targetHints":{"allow":["GET"]}}],"collection":[{"href":"https:\/\/odlicno.si\/hr\/wp-json\/wp\/v2\/product"}],"about":[{"href":"https:\/\/odlicno.si\/hr\/wp-json\/wp\/v2\/types\/product"}],"wp:featuredmedia":[{"embeddable":true,"href":"https:\/\/odlicno.si\/hr\/wp-json\/wp\/v2\/media\/11781"}],"wp:attachment":[{"href":"https:\/\/odlicno.si\/hr\/wp-json\/wp\/v2\/media?parent=12068"}],"wp:term":[{"taxonomy":"product_brand","embeddable":true,"href":"https:\/\/odlicno.si\/hr\/wp-json\/wp\/v2\/product_brand?post=12068"},{"taxonomy":"product_cat","embeddable":true,"href":"https:\/\/odlicno.si\/hr\/wp-json\/wp\/v2\/product_cat?post=12068"},{"taxonomy":"product_tag","embeddable":true,"href":"https:\/\/odlicno.si\/hr\/wp-json\/wp\/v2\/product_tag?post=12068"}],"curies":[{"name":"wp","href":"https:\/\/api.w.org\/{rel}","templated":true}]}}