{"id":12064,"date":"2025-06-16T12:51:55","date_gmt":"2025-06-16T11:51:55","guid":{"rendered":"https:\/\/odlicno.si\/?post_type=product&#038;p=12064"},"modified":"2025-07-07T11:54:04","modified_gmt":"2025-07-07T10:54:04","slug":"kikiriki-i-kukuruz-przeni-i-slani-on-the-go-odlicno-45-g","status":"publish","type":"product","link":"https:\/\/odlicno.si\/hr\/proizvodi\/mjesavine-i-grickalice\/grickalice\/kikiriki-i-kukuruz-przeni-i-slani-on-the-go-odlicno-45-g\/","title":{"rendered":"Kikiriki i kukuruz, pr\u017eeni i slani On the go Odli\u010dno 45 g"},"content":{"rendered":"<p>Jedinstvena kombinacija hrskavog kikirikija i zrna kukuruza \u2013 pe\u010dena do savr\u0161enstva i lagano posoljena za autenti\u010dan, pun okus. Grickalica koja spaja klasi\u010dno s novim, u prakti\u010dnom pakiranju za svaku priliku.<\/p>\n<p>U\u017eivajte u hrskavosti!<\/p>\n","protected":false},"excerpt":{"rendered":"<p>Jedinstvena kombinacija hrskavog kikirikija i zrna kukuruza \u2013 pe\u010dena do savr\u0161enstva i lagano posoljena za autenti\u010dan, pun okus. Grickalica koja spaja klasi\u010dno s novim, u prakti\u010dnom pakiranju za svaku priliku. U\u017eivajte u hrskavosti!<\/p>\n","protected":false},"featured_media":11786,"template":"","meta":{"_acf_changed":false},"product_brand":[],"product_cat":[281,115,113,256,262,268],"product_tag":[],"class_list":{"0":"post-12064","1":"product","2":"type-product","3":"status-publish","4":"has-post-thumbnail","6":"product_cat-35-g-60-g-hr","7":"product_cat-grickalice","8":"product_cat-mjesavine-i-grickalice","9":"product_cat-za-izlete-lutanja","10":"product_cat-za-uzgred","11":"product_cat-zabava-dogadanja","13":"first","14":"instock","15":"featured","16":"taxable","17":"shipping-taxable","18":"purchasable","19":"product-type-simple"},"acf":[],"mb":[],"jetpack_sharing_enabled":true,"mfb_rest_fields":["title","jetpack_sharing_enabled"],"_links":{"self":[{"href":"https:\/\/odlicno.si\/hr\/wp-json\/wp\/v2\/product\/12064","targetHints":{"allow":["GET"]}}],"collection":[{"href":"https:\/\/odlicno.si\/hr\/wp-json\/wp\/v2\/product"}],"about":[{"href":"https:\/\/odlicno.si\/hr\/wp-json\/wp\/v2\/types\/product"}],"wp:featuredmedia":[{"embeddable":true,"href":"https:\/\/odlicno.si\/hr\/wp-json\/wp\/v2\/media\/11786"}],"wp:attachment":[{"href":"https:\/\/odlicno.si\/hr\/wp-json\/wp\/v2\/media?parent=12064"}],"wp:term":[{"taxonomy":"product_brand","embeddable":true,"href":"https:\/\/odlicno.si\/hr\/wp-json\/wp\/v2\/product_brand?post=12064"},{"taxonomy":"product_cat","embeddable":true,"href":"https:\/\/odlicno.si\/hr\/wp-json\/wp\/v2\/product_cat?post=12064"},{"taxonomy":"product_tag","embeddable":true,"href":"https:\/\/odlicno.si\/hr\/wp-json\/wp\/v2\/product_tag?post=12064"}],"curies":[{"name":"wp","href":"https:\/\/api.w.org\/{rel}","templated":true}]}}