{"id":11568,"date":"2025-03-27T08:36:34","date_gmt":"2025-03-27T07:36:34","guid":{"rendered":"https:\/\/odlicno.si\/?post_type=product&#038;p=11568"},"modified":"2025-05-22T11:43:57","modified_gmt":"2025-05-22T10:43:57","slug":"przeni-i-slani-kikiriki-on-the-go-odlicno-100-g","status":"publish","type":"product","link":"https:\/\/odlicno.si\/hr\/proizvodi\/mjesavine-i-grickalice\/grickalice\/przeni-i-slani-kikiriki-on-the-go-odlicno-100-g\/","title":{"rendered":"Pr\u017eeni i slani kikiriki On the go Odli\u010dno 100 g"},"content":{"rendered":"<p>Kikiriki pr\u017eeni i slani On the go su pa\u017eljivo odabrani i pr\u017eeni kikiriki s dodatkom soli za uravnote\u017een okus. Pakiranje je prakti\u010dno <strong>za konzumaciju u pokretu, na poslu ili tijekom sportskih aktivnosti<\/strong>. Kikiriki je prirodni izvor proteina, vlakana i zdravih masti, \u0161to doprinosi uravnote\u017eenoj prehrani.<\/p>\n<blockquote><p>Za svako putovanje i za svaku avanturu!<\/p><\/blockquote>\n","protected":false},"excerpt":{"rendered":"<p>Kikiriki pr\u017eeni i slani On the go su pa\u017eljivo odabrani i pr\u017eeni kikiriki s dodatkom soli za uravnote\u017een okus. Pakiranje je prakti\u010dno za konzumaciju u pokretu, na poslu ili tijekom sportskih aktivnosti. Kikiriki je prirodni izvor proteina, vlakana i zdravih masti, \u0161to doprinosi uravnote\u017eenoj prehrani. Za svako putovanje i za svaku avanturu!<\/p>\n","protected":false},"featured_media":10909,"template":"","meta":{"_acf_changed":false},"product_brand":[],"product_cat":[286,284,115,118,117,256,262],"product_tag":[],"class_list":{"0":"post-11568","1":"product","2":"type-product","3":"status-publish","4":"has-post-thumbnail","6":"product_cat-100-g-300-g-hr","7":"product_cat-60-g-100-g-hr","8":"product_cat-grickalice","9":"product_cat-kikiriki","10":"product_cat-orascici-sjemenke","11":"product_cat-za-izlete-lutanja","12":"product_cat-za-uzgred","14":"first","15":"instock","16":"taxable","17":"shipping-taxable","18":"purchasable","19":"product-type-simple"},"acf":[],"mb":[],"jetpack_sharing_enabled":true,"mfb_rest_fields":["title","jetpack_sharing_enabled"],"_links":{"self":[{"href":"https:\/\/odlicno.si\/hr\/wp-json\/wp\/v2\/product\/11568","targetHints":{"allow":["GET"]}}],"collection":[{"href":"https:\/\/odlicno.si\/hr\/wp-json\/wp\/v2\/product"}],"about":[{"href":"https:\/\/odlicno.si\/hr\/wp-json\/wp\/v2\/types\/product"}],"wp:featuredmedia":[{"embeddable":true,"href":"https:\/\/odlicno.si\/hr\/wp-json\/wp\/v2\/media\/10909"}],"wp:attachment":[{"href":"https:\/\/odlicno.si\/hr\/wp-json\/wp\/v2\/media?parent=11568"}],"wp:term":[{"taxonomy":"product_brand","embeddable":true,"href":"https:\/\/odlicno.si\/hr\/wp-json\/wp\/v2\/product_brand?post=11568"},{"taxonomy":"product_cat","embeddable":true,"href":"https:\/\/odlicno.si\/hr\/wp-json\/wp\/v2\/product_cat?post=11568"},{"taxonomy":"product_tag","embeddable":true,"href":"https:\/\/odlicno.si\/hr\/wp-json\/wp\/v2\/product_tag?post=11568"}],"curies":[{"name":"wp","href":"https:\/\/api.w.org\/{rel}","templated":true}]}}