{"id":11560,"date":"2025-04-25T13:23:20","date_gmt":"2025-04-25T12:23:20","guid":{"rendered":"https:\/\/odlicno.si\/?post_type=product&#038;p=11560"},"modified":"2025-05-22T10:46:04","modified_gmt":"2025-05-22T09:46:04","slug":"namaz-od-pistacija-odlicno-200-g","status":"publish","type":"product","link":"https:\/\/odlicno.si\/hr\/proizvodi\/100-g-300-g-hr\/namaz-od-pistacija-odlicno-200-g\/","title":{"rendered":"Namaz od pistacija Odli\u010dno 200 g"},"content":{"rendered":"<p>Namaz od pistacija s visokim udjelom pistacija \u2013 50%. Karakterizira ga pun, prirodan okus bez dodanih bojila i umjetnih aroma.<\/p>\n<p>Svilenkasta tekstura, nje\u017ena slatko\u0107a i izrazita aroma pistacija pru\u017eaju nezaboravno iskustvo \u2013 idealno za pala\u010dinke, na tostu ili kao gre\u0161na \u017eli\u010dica samo tako!<\/p>\n<blockquote><p>Bez dodanih bojila i aroma!<\/p><\/blockquote>\n","protected":false},"excerpt":{"rendered":"<p>Namaz od pistacija s visokim udjelom pistacija \u2013 50%. Karakterizira ga pun, prirodan okus bez dodanih bojila i umjetnih aroma. Svilenkasta tekstura, nje\u017ena slatko\u0107a i izrazita aroma pistacija pru\u017eaju nezaboravno iskustvo \u2013 idealno za pala\u010dinke, na tostu ili kao gre\u0161na \u017eli\u010dica samo tako! Bez dodanih bojila i aroma!<\/p>\n","protected":false},"featured_media":14312,"template":"","meta":{"_acf_changed":false},"product_brand":[],"product_cat":[286,259,116,265],"product_tag":[],"class_list":{"0":"post-11560","1":"product","2":"type-product","3":"status-publish","4":"has-post-thumbnail","6":"product_cat-100-g-300-g-hr","7":"product_cat-kuhanje","8":"product_cat-namazi","9":"product_cat-pecenje","11":"first","12":"instock","13":"featured","14":"taxable","15":"shipping-taxable","16":"purchasable","17":"product-type-simple"},"acf":[],"mb":[],"jetpack_sharing_enabled":true,"mfb_rest_fields":["title","jetpack_sharing_enabled"],"_links":{"self":[{"href":"https:\/\/odlicno.si\/hr\/wp-json\/wp\/v2\/product\/11560","targetHints":{"allow":["GET"]}}],"collection":[{"href":"https:\/\/odlicno.si\/hr\/wp-json\/wp\/v2\/product"}],"about":[{"href":"https:\/\/odlicno.si\/hr\/wp-json\/wp\/v2\/types\/product"}],"wp:featuredmedia":[{"embeddable":true,"href":"https:\/\/odlicno.si\/hr\/wp-json\/wp\/v2\/media\/14312"}],"wp:attachment":[{"href":"https:\/\/odlicno.si\/hr\/wp-json\/wp\/v2\/media?parent=11560"}],"wp:term":[{"taxonomy":"product_brand","embeddable":true,"href":"https:\/\/odlicno.si\/hr\/wp-json\/wp\/v2\/product_brand?post=11560"},{"taxonomy":"product_cat","embeddable":true,"href":"https:\/\/odlicno.si\/hr\/wp-json\/wp\/v2\/product_cat?post=11560"},{"taxonomy":"product_tag","embeddable":true,"href":"https:\/\/odlicno.si\/hr\/wp-json\/wp\/v2\/product_tag?post=11560"}],"curies":[{"name":"wp","href":"https:\/\/api.w.org\/{rel}","templated":true}]}}