{"id":11557,"date":"2025-05-21T09:54:28","date_gmt":"2025-05-21T08:54:28","guid":{"rendered":"https:\/\/odlicno.si\/?post_type=product&#038;p=11557"},"modified":"2025-05-22T10:18:02","modified_gmt":"2025-05-22T09:18:02","slug":"zur-miyx-klasik-odlicno-150-g","status":"publish","type":"product","link":"https:\/\/odlicno.si\/hr\/proizvodi\/mjesavine-i-grickalice\/grickalice\/zur-miyx-klasik-odlicno-150-g\/","title":{"rendered":"\u017dur Mix Klasik Odli\u010dno 150 g"},"content":{"rendered":"<p>Tra\u017eite li grickalicu koja \u0107e odu\u0161eviti sve generacije? \u017dur Mix Klasik je pravi izbor! U prakti\u010dnom pakiranju od 150 grama nalazi se ukusna kombinacija pe\u010denog i slanog kikirikija, hrskavog pe\u010denog kukuruza i slanih krekera, koji zajedno stvaraju savr\u0161enu ravnote\u017eu okusa i tekstura.<\/p>\n<p>Idealno za dru\u017eenja, filmske ve\u010deri ili kao brzi me\u0111uobrok tijekom posla. Svaki zalogaj donosi zabavu, stoga ga slobodno podijelite &#8211; ili po\u010dastite sebe!<\/p>\n<ul>\n<li>Hrskavo i slano<\/li>\n<li>Bez komplikacija &#8211; samo klasik koji uvijek pobje\u0111uje<\/li>\n<li>Spremno za dijeljenje&#8230; \u010dak i ako ne \u017eelite<\/li>\n<\/ul>\n<blockquote><p>Svje\u017ee pe\u010deno u na\u0161oj doma\u0107oj pr\u017eionici!<\/p><\/blockquote>\n","protected":false},"excerpt":{"rendered":"<p>Tra\u017eite li grickalicu koja \u0107e odu\u0161eviti sve generacije? \u017dur Mix Klasik je pravi izbor! U prakti\u010dnom pakiranju od 150 grama nalazi se ukusna kombinacija pe\u010denog i slanog kikirikija, hrskavog pe\u010denog kukuruza i slanih krekera, koji zajedno stvaraju savr\u0161enu ravnote\u017eu okusa i tekstura. Idealno za dru\u017eenja, filmske ve\u010deri ili kao brzi me\u0111uobrok tijekom posla. Svaki zalogaj [&hellip;]<\/p>\n","protected":false},"featured_media":11547,"template":"","meta":{"_acf_changed":false},"product_brand":[],"product_cat":[286,115,114,113,256,268],"product_tag":[],"class_list":{"0":"post-11557","1":"product","2":"type-product","3":"status-publish","4":"has-post-thumbnail","6":"product_cat-100-g-300-g-hr","7":"product_cat-grickalice","8":"product_cat-mjesavine","9":"product_cat-mjesavine-i-grickalice","10":"product_cat-za-izlete-lutanja","11":"product_cat-zabava-dogadanja","13":"first","14":"instock","15":"featured","16":"taxable","17":"shipping-taxable","18":"purchasable","19":"product-type-simple"},"acf":[],"mb":[],"jetpack_sharing_enabled":true,"mfb_rest_fields":["title","jetpack_sharing_enabled"],"_links":{"self":[{"href":"https:\/\/odlicno.si\/hr\/wp-json\/wp\/v2\/product\/11557","targetHints":{"allow":["GET"]}}],"collection":[{"href":"https:\/\/odlicno.si\/hr\/wp-json\/wp\/v2\/product"}],"about":[{"href":"https:\/\/odlicno.si\/hr\/wp-json\/wp\/v2\/types\/product"}],"wp:featuredmedia":[{"embeddable":true,"href":"https:\/\/odlicno.si\/hr\/wp-json\/wp\/v2\/media\/11547"}],"wp:attachment":[{"href":"https:\/\/odlicno.si\/hr\/wp-json\/wp\/v2\/media?parent=11557"}],"wp:term":[{"taxonomy":"product_brand","embeddable":true,"href":"https:\/\/odlicno.si\/hr\/wp-json\/wp\/v2\/product_brand?post=11557"},{"taxonomy":"product_cat","embeddable":true,"href":"https:\/\/odlicno.si\/hr\/wp-json\/wp\/v2\/product_cat?post=11557"},{"taxonomy":"product_tag","embeddable":true,"href":"https:\/\/odlicno.si\/hr\/wp-json\/wp\/v2\/product_tag?post=11557"}],"curies":[{"name":"wp","href":"https:\/\/api.w.org\/{rel}","templated":true}]}}