{"id":1407,"date":"2024-11-27T12:34:07","date_gmt":"2024-11-27T11:34:07","guid":{"rendered":"https:\/\/odlicno.mojwww.si\/?page_id=1407"},"modified":"2024-11-27T14:45:51","modified_gmt":"2024-11-27T13:45:51","slug":"blog","status":"publish","type":"page","link":"https:\/\/odlicno.si\/hr\/blog\/","title":{"rendered":"Blog"},"content":{"rendered":"\n<div class=\"pt-cv-wrapper\"><div class=\"cvp-live-filter  cvp-customized cvp-button \" id=\"\" data-name=\"tx_category\" data-sid=\"2e90f44pd0\" data-isblock=\"\" data-postid=\"\"><label class=\"cvp-label\"><\/label><div class=\"btn\"><label><input type=\"radio\" name=\"tx_category\" value=\"\" checked\/><div>Svi<\/div><\/label><\/div><div class=\"btn\"><label><input type=\"radio\" name=\"tx_category\" value=\"izjave-hr\" \/><div>Izjave<\/div><\/label><\/div><div class=\"btn\"><label><input type=\"radio\" name=\"tx_category\" value=\"poucno-hr\" \/><div>Pou\u010dno<\/div><\/label><\/div><div class=\"btn\"><label><input type=\"radio\" name=\"tx_category\" value=\"recepti-hr\" \/><div>Recepti<\/div><\/label><\/div><\/div><div class=\"pt-cv-view pt-cv-grid pt-cv-colsys pt-cv-pgloadmore cvp-lfres\" id=\"pt-cv-view-2e90f44pd0\"><div data-id=\"pt-cv-page-1\" class=\"pt-cv-page\" data-cvc=\"4\"><div class=\"col-md-3 col-sm-6 col-xs-12 pt-cv-content-item pt-cv-1-col\"  data-pid=\"1310\"><div class='pt-cv-ifield'><a href=\"https:\/\/odlicno.si\/hr\/blog\/odlicno-energetske-bombe\/\" class=\"_self pt-cv-href-thumbnail pt-cv-thumb-default cvplbd\" target=\"_self\" ><img loading=\"lazy\" decoding=\"async\" width=\"300\" height=\"167\" src=\"https:\/\/i0.wp.com\/odlicno.si\/wp-content\/uploads\/2024\/11\/4-2.png?fit=300%2C167&amp;ssl=1\" class=\"pt-cv-thumbnail img-none\" alt=\"Odli\u010dno energetske bombe\" srcset=\"https:\/\/i0.wp.com\/odlicno.si\/wp-content\/uploads\/2024\/11\/4-2.png?w=900&amp;ssl=1 900w, https:\/\/i0.wp.com\/odlicno.si\/wp-content\/uploads\/2024\/11\/4-2.png?resize=300%2C167&amp;ssl=1 300w, https:\/\/i0.wp.com\/odlicno.si\/wp-content\/uploads\/2024\/11\/4-2.png?resize=768%2C427&amp;ssl=1 768w, https:\/\/i0.wp.com\/odlicno.si\/wp-content\/uploads\/2024\/11\/4-2.png?resize=600%2C333&amp;ssl=1 600w\" sizes=\"auto, (max-width: 300px) 100vw, 300px\" \/><\/a>\n<div class=\"pt-cv-taxoterm above_title\"><a href='https:\/\/odlicno.si\/hr\/category\/recepti-hr\/' title='Recepti' class='pt-cv-tax-recepti-hr'>Recepti<\/a><\/div>\n<h4 class=\"pt-cv-title\"><a href=\"https:\/\/odlicno.si\/hr\/blog\/odlicno-energetske-bombe\/\" class=\"_self cvplbd\" target=\"_self\" >Odli\u010dno energetske bombe<\/a><\/h4>\n<div class=\"pt-cv-content\">Za dobar po\u010detak dana ili dozu dodatne energije prije treninga idealne su izvrsne energetske kuglice pripremljene od najboljih sastojaka. Sastojci: ...<\/div><\/div><\/div>\n<div class=\"col-md-3 col-sm-6 col-xs-12 pt-cv-content-item pt-cv-1-col\"  data-pid=\"1390\"><div class='pt-cv-ifield'><a href=\"https:\/\/odlicno.si\/hr\/blog\/palacinke-od-zobenih-pahuljica-s-breskvama\/\" class=\"_self pt-cv-href-thumbnail pt-cv-thumb-default cvplbd\" target=\"_self\" ><img loading=\"lazy\" decoding=\"async\" width=\"300\" height=\"169\" src=\"https:\/\/i0.wp.com\/odlicno.si\/wp-content\/uploads\/2024\/11\/Cover-photo-blog-11_0.png?fit=300%2C169&amp;ssl=1\" class=\"pt-cv-thumbnail img-none\" alt=\"Pala\u010dinke od zobenih pahuljica s breskvama\" srcset=\"https:\/\/i0.wp.com\/odlicno.si\/wp-content\/uploads\/2024\/11\/Cover-photo-blog-11_0.png?w=820&amp;ssl=1 820w, https:\/\/i0.wp.com\/odlicno.si\/wp-content\/uploads\/2024\/11\/Cover-photo-blog-11_0.png?resize=300%2C169&amp;ssl=1 300w, https:\/\/i0.wp.com\/odlicno.si\/wp-content\/uploads\/2024\/11\/Cover-photo-blog-11_0.png?resize=768%2C433&amp;ssl=1 768w, https:\/\/i0.wp.com\/odlicno.si\/wp-content\/uploads\/2024\/11\/Cover-photo-blog-11_0.png?resize=600%2C338&amp;ssl=1 600w\" sizes=\"auto, (max-width: 300px) 100vw, 300px\" \/><\/a>\n<div class=\"pt-cv-taxoterm above_title\"><a href='https:\/\/odlicno.si\/hr\/category\/recepti-hr\/' title='Recepti' class='pt-cv-tax-recepti-hr'>Recepti<\/a><\/div>\n<h4 class=\"pt-cv-title\"><a href=\"https:\/\/odlicno.si\/hr\/blog\/palacinke-od-zobenih-pahuljica-s-breskvama\/\" class=\"_self cvplbd\" target=\"_self\" >Pala\u010dinke od zobenih pahuljica s breskvama<\/a><\/h4>\n<div class=\"pt-cv-content\">Zobene pahuljice su izvrstan sastojak svakog obroka zbog svoje hranjivosti. Ukusni su i u pala\u010dinkama, koje su nedvojbeno jedno od ...<\/div><\/div><\/div>\n<div class=\"col-md-3 col-sm-6 col-xs-12 pt-cv-content-item pt-cv-1-col\"  data-pid=\"1385\"><div class='pt-cv-ifield'><a href=\"https:\/\/odlicno.si\/hr\/blog\/kolacici-od-badema\/\" class=\"_self pt-cv-href-thumbnail pt-cv-thumb-default cvplbd\" target=\"_self\" ><img loading=\"lazy\" decoding=\"async\" width=\"300\" height=\"169\" src=\"https:\/\/i0.wp.com\/odlicno.si\/wp-content\/uploads\/2024\/11\/mandljevi-piskoti-mleti-mandlji-Odlicno.png?fit=300%2C169&amp;ssl=1\" class=\"pt-cv-thumbnail img-none\" alt=\"Kola\u010di\u0107i od badema\" srcset=\"https:\/\/i0.wp.com\/odlicno.si\/wp-content\/uploads\/2024\/11\/mandljevi-piskoti-mleti-mandlji-Odlicno.png?w=820&amp;ssl=1 820w, https:\/\/i0.wp.com\/odlicno.si\/wp-content\/uploads\/2024\/11\/mandljevi-piskoti-mleti-mandlji-Odlicno.png?resize=300%2C169&amp;ssl=1 300w, https:\/\/i0.wp.com\/odlicno.si\/wp-content\/uploads\/2024\/11\/mandljevi-piskoti-mleti-mandlji-Odlicno.png?resize=768%2C433&amp;ssl=1 768w, https:\/\/i0.wp.com\/odlicno.si\/wp-content\/uploads\/2024\/11\/mandljevi-piskoti-mleti-mandlji-Odlicno.png?resize=600%2C338&amp;ssl=1 600w\" sizes=\"auto, (max-width: 300px) 100vw, 300px\" \/><\/a>\n<div class=\"pt-cv-taxoterm above_title\"><a href='https:\/\/odlicno.si\/hr\/category\/recepti-hr\/' title='Recepti' class='pt-cv-tax-recepti-hr'>Recepti<\/a><\/div>\n<h4 class=\"pt-cv-title\"><a href=\"https:\/\/odlicno.si\/hr\/blog\/kolacici-od-badema\/\" class=\"_self cvplbd\" target=\"_self\" >Kola\u010di\u0107i od badema<\/a><\/h4>\n<div class=\"pt-cv-content\">Sastojci: 110 g organskog kokosovog \u0161e\u0107era Odli\u010dno 2 \u017elice mljevenih chia sjemenki 1 \u017eli\u010dica cimeta 2x 30 ml soka od ...<\/div><\/div><\/div>\n<div class=\"col-md-3 col-sm-6 col-xs-12 pt-cv-content-item pt-cv-1-col\"  data-pid=\"1379\"><div class='pt-cv-ifield'><a href=\"https:\/\/odlicno.si\/hr\/blog\/puding-od-prosa-s-proteinskim-jogurtom\/\" class=\"_self pt-cv-href-thumbnail pt-cv-thumb-default cvplbd\" target=\"_self\" ><img loading=\"lazy\" decoding=\"async\" width=\"300\" height=\"169\" src=\"https:\/\/i0.wp.com\/odlicno.si\/wp-content\/uploads\/2024\/11\/3-1.png?fit=300%2C169&amp;ssl=1\" class=\"pt-cv-thumbnail img-none\" alt=\"Puding od prosa s proteinskim jogurtom\" srcset=\"https:\/\/i0.wp.com\/odlicno.si\/wp-content\/uploads\/2024\/11\/3-1.png?w=1640&amp;ssl=1 1640w, https:\/\/i0.wp.com\/odlicno.si\/wp-content\/uploads\/2024\/11\/3-1.png?resize=300%2C169&amp;ssl=1 300w, https:\/\/i0.wp.com\/odlicno.si\/wp-content\/uploads\/2024\/11\/3-1.png?resize=1024%2C577&amp;ssl=1 1024w, https:\/\/i0.wp.com\/odlicno.si\/wp-content\/uploads\/2024\/11\/3-1.png?resize=768%2C433&amp;ssl=1 768w, https:\/\/i0.wp.com\/odlicno.si\/wp-content\/uploads\/2024\/11\/3-1.png?resize=1536%2C865&amp;ssl=1 1536w, https:\/\/i0.wp.com\/odlicno.si\/wp-content\/uploads\/2024\/11\/3-1.png?resize=600%2C338&amp;ssl=1 600w\" sizes=\"auto, (max-width: 300px) 100vw, 300px\" \/><\/a>\n<div class=\"pt-cv-taxoterm above_title\"><a href='https:\/\/odlicno.si\/hr\/category\/recepti-hr\/' title='Recepti' class='pt-cv-tax-recepti-hr'>Recepti<\/a><\/div>\n<h4 class=\"pt-cv-title\"><a href=\"https:\/\/odlicno.si\/hr\/blog\/puding-od-prosa-s-proteinskim-jogurtom\/\" class=\"_self cvplbd\" target=\"_self\" >Puding od prosa s proteinskim jogurtom<\/a><\/h4>\n<div class=\"pt-cv-content\">Puding od prosa s proteinskim jogurtom zdrav je obrok koji ne zahtijeva puno vremena za pripremu. Recept je nastao u ...<\/div><\/div><\/div>\n<div class=\"col-md-3 col-sm-6 col-xs-12 pt-cv-content-item pt-cv-1-col\"  data-pid=\"1367\"><div class='pt-cv-ifield'><a href=\"https:\/\/odlicno.si\/hr\/blog\/muffini-s-malinama\/\" class=\"_self pt-cv-href-thumbnail pt-cv-thumb-default cvplbd\" target=\"_self\" ><img loading=\"lazy\" decoding=\"async\" width=\"300\" height=\"169\" src=\"https:\/\/i0.wp.com\/odlicno.si\/wp-content\/uploads\/2024\/11\/Untitled-design-33-1.png?fit=300%2C169&amp;ssl=1\" class=\"pt-cv-thumbnail img-none\" alt=\"Muffini s malinama\" srcset=\"https:\/\/i0.wp.com\/odlicno.si\/wp-content\/uploads\/2024\/11\/Untitled-design-33-1.png?w=820&amp;ssl=1 820w, https:\/\/i0.wp.com\/odlicno.si\/wp-content\/uploads\/2024\/11\/Untitled-design-33-1.png?resize=300%2C169&amp;ssl=1 300w, https:\/\/i0.wp.com\/odlicno.si\/wp-content\/uploads\/2024\/11\/Untitled-design-33-1.png?resize=768%2C433&amp;ssl=1 768w, https:\/\/i0.wp.com\/odlicno.si\/wp-content\/uploads\/2024\/11\/Untitled-design-33-1.png?resize=600%2C338&amp;ssl=1 600w\" sizes=\"auto, (max-width: 300px) 100vw, 300px\" \/><\/a>\n<div class=\"pt-cv-taxoterm above_title\"><a href='https:\/\/odlicno.si\/hr\/category\/recepti-hr\/' title='Recepti' class='pt-cv-tax-recepti-hr'>Recepti<\/a><\/div>\n<h4 class=\"pt-cv-title\"><a href=\"https:\/\/odlicno.si\/hr\/blog\/muffini-s-malinama\/\" class=\"_self cvplbd\" target=\"_self\" >Muffini s malinama<\/a><\/h4>\n<div class=\"pt-cv-content\">Muffini s malinama jedan su od najlak\u0161ih deserata za napraviti, a ovaj je recept savr\u0161en za one koji su vam ...<\/div><\/div><\/div>\n<div class=\"col-md-3 col-sm-6 col-xs-12 pt-cv-content-item pt-cv-1-col\"  data-pid=\"1373\"><div class='pt-cv-ifield'><a href=\"https:\/\/odlicno.si\/hr\/blog\/pecena-juha-hokaido\/\" class=\"_self pt-cv-href-thumbnail pt-cv-thumb-default cvplbd\" target=\"_self\" ><img loading=\"lazy\" decoding=\"async\" width=\"300\" height=\"198\" src=\"https:\/\/i0.wp.com\/odlicno.si\/wp-content\/uploads\/2024\/11\/Untitled-1640-%C3%97-1080px_0.png?fit=300%2C198&amp;ssl=1\" class=\"pt-cv-thumbnail img-none\" alt=\"Pe\u010dena juha Hokaido\" \/><\/a>\n<div class=\"pt-cv-taxoterm above_title\"><a href='https:\/\/odlicno.si\/hr\/category\/recepti-hr\/' title='Recepti' class='pt-cv-tax-recepti-hr'>Recepti<\/a><\/div>\n<h4 class=\"pt-cv-title\"><a href=\"https:\/\/odlicno.si\/hr\/blog\/pecena-juha-hokaido\/\" class=\"_self cvplbd\" target=\"_self\" >Pe\u010dena juha Hokaido<\/a><\/h4>\n<div class=\"pt-cv-content\">Luka i leon (@lukainleonkuhata) pripremili su nam recept za pe\u010denu Hokkaido juhu i rije\u010dima se ne mo\u017ee opisati koliko je ...<\/div><\/div><\/div>\n<div class=\"col-md-3 col-sm-6 col-xs-12 pt-cv-content-item pt-cv-1-col\"  data-pid=\"1361\"><div class='pt-cv-ifield'><a href=\"https:\/\/odlicno.si\/hr\/blog\/sareni-kolacici\/\" class=\"_self pt-cv-href-thumbnail pt-cv-thumb-default cvplbd\" target=\"_self\" ><img loading=\"lazy\" decoding=\"async\" width=\"300\" height=\"198\" src=\"https:\/\/i0.wp.com\/odlicno.si\/wp-content\/uploads\/2024\/11\/Untitled-1640-%C3%97-1080px.png?fit=300%2C198&amp;ssl=1\" class=\"pt-cv-thumbnail img-none\" alt=\"\u0160areni kola\u010di\u0107i\" \/><\/a>\n<div class=\"pt-cv-taxoterm above_title\"><a href='https:\/\/odlicno.si\/hr\/category\/recepti-hr\/' title='Recepti' class='pt-cv-tax-recepti-hr'>Recepti<\/a><\/div>\n<h4 class=\"pt-cv-title\"><a href=\"https:\/\/odlicno.si\/hr\/blog\/sareni-kolacici\/\" class=\"_self cvplbd\" target=\"_self\" >\u0160areni kola\u010di\u0107i<\/a><\/h4>\n<div class=\"pt-cv-content\">Ovaj put s vama dijelimo poseban recept jer smo cupcakese obukli u \u0161arene boje. Za pripremu \u0161arenih kola\u010di\u0107a potrebno vam ...<\/div><\/div><\/div>\n<div class=\"col-md-3 col-sm-6 col-xs-12 pt-cv-content-item pt-cv-1-col\"  data-pid=\"1355\"><div class='pt-cv-ifield'><a href=\"https:\/\/odlicno.si\/hr\/blog\/biryani-s-indijskim-orascicima-i-grozdicama\/\" class=\"_self pt-cv-href-thumbnail pt-cv-thumb-default cvplbd\" target=\"_self\" ><img loading=\"lazy\" decoding=\"async\" width=\"300\" height=\"225\" src=\"https:\/\/i0.wp.com\/odlicno.si\/wp-content\/uploads\/2024\/11\/Photo-25-11-2017-11-46-39-scaled.jpg?fit=300%2C225&amp;ssl=1\" class=\"pt-cv-thumbnail img-none\" alt=\"Biryani s indijskim ora\u0161\u010di\u0107ima i gro\u017e\u0111icama\" srcset=\"https:\/\/i0.wp.com\/odlicno.si\/wp-content\/uploads\/2024\/11\/Photo-25-11-2017-11-46-39-scaled.jpg?w=2560&amp;ssl=1 2560w, https:\/\/i0.wp.com\/odlicno.si\/wp-content\/uploads\/2024\/11\/Photo-25-11-2017-11-46-39-scaled.jpg?resize=300%2C225&amp;ssl=1 300w, https:\/\/i0.wp.com\/odlicno.si\/wp-content\/uploads\/2024\/11\/Photo-25-11-2017-11-46-39-scaled.jpg?resize=1024%2C768&amp;ssl=1 1024w, https:\/\/i0.wp.com\/odlicno.si\/wp-content\/uploads\/2024\/11\/Photo-25-11-2017-11-46-39-scaled.jpg?resize=768%2C576&amp;ssl=1 768w, https:\/\/i0.wp.com\/odlicno.si\/wp-content\/uploads\/2024\/11\/Photo-25-11-2017-11-46-39-scaled.jpg?resize=1536%2C1152&amp;ssl=1 1536w, https:\/\/i0.wp.com\/odlicno.si\/wp-content\/uploads\/2024\/11\/Photo-25-11-2017-11-46-39-scaled.jpg?resize=2048%2C1536&amp;ssl=1 2048w, https:\/\/i0.wp.com\/odlicno.si\/wp-content\/uploads\/2024\/11\/Photo-25-11-2017-11-46-39-scaled.jpg?resize=600%2C450&amp;ssl=1 600w\" sizes=\"auto, (max-width: 300px) 100vw, 300px\" \/><\/a>\n<div class=\"pt-cv-taxoterm above_title\"><a href='https:\/\/odlicno.si\/hr\/category\/recepti-hr\/' title='Recepti' class='pt-cv-tax-recepti-hr'>Recepti<\/a><\/div>\n<h4 class=\"pt-cv-title\"><a href=\"https:\/\/odlicno.si\/hr\/blog\/biryani-s-indijskim-orascicima-i-grozdicama\/\" class=\"_self cvplbd\" target=\"_self\" >Biryani s indijskim ora\u0161\u010di\u0107ima i gro\u017e\u0111icama<\/a><\/h4>\n<div class=\"pt-cv-content\">SASTOJCI: - \u0161alica basmati ri\u017ee - sitno sjeckani luk - \u017elica \u017eute curry paste - cvjeta\u010da, brokula i gra\u0161ak (po ...<\/div><\/div><\/div>\n<div class=\"col-md-3 col-sm-6 col-xs-12 pt-cv-content-item pt-cv-1-col\"  data-pid=\"1330\"><div class='pt-cv-ifield'><a href=\"https:\/\/odlicno.si\/hr\/blog\/goji-brownies\/\" class=\"_self pt-cv-href-thumbnail pt-cv-thumb-default cvplbd\" target=\"_self\" ><img loading=\"lazy\" decoding=\"async\" width=\"300\" height=\"300\" src=\"https:\/\/i0.wp.com\/odlicno.si\/wp-content\/uploads\/2024\/11\/rec3.jpg?fit=300%2C300&amp;ssl=1\" class=\"pt-cv-thumbnail img-none\" alt=\"Goji brownies\" srcset=\"https:\/\/i0.wp.com\/odlicno.si\/wp-content\/uploads\/2024\/11\/rec3.jpg?w=1000&amp;ssl=1 1000w, https:\/\/i0.wp.com\/odlicno.si\/wp-content\/uploads\/2024\/11\/rec3.jpg?resize=300%2C300&amp;ssl=1 300w, https:\/\/i0.wp.com\/odlicno.si\/wp-content\/uploads\/2024\/11\/rec3.jpg?resize=150%2C150&amp;ssl=1 150w, https:\/\/i0.wp.com\/odlicno.si\/wp-content\/uploads\/2024\/11\/rec3.jpg?resize=768%2C768&amp;ssl=1 768w, https:\/\/i0.wp.com\/odlicno.si\/wp-content\/uploads\/2024\/11\/rec3.jpg?resize=600%2C600&amp;ssl=1 600w, https:\/\/i0.wp.com\/odlicno.si\/wp-content\/uploads\/2024\/11\/rec3.jpg?resize=100%2C100&amp;ssl=1 100w\" sizes=\"auto, (max-width: 300px) 100vw, 300px\" \/><\/a>\n<div class=\"pt-cv-taxoterm above_title\"><a href='https:\/\/odlicno.si\/hr\/category\/recepti-hr\/' title='Recepti' class='pt-cv-tax-recepti-hr'>Recepti<\/a><\/div>\n<h4 class=\"pt-cv-title\"><a href=\"https:\/\/odlicno.si\/hr\/blog\/goji-brownies\/\" class=\"_self cvplbd\" target=\"_self\" >Goji brownies<\/a><\/h4>\n<div class=\"pt-cv-content\">Poznati browniesi, koje poznajemo uglavnom iz ameri\u010dke kulture, sve su popularniji i kod nas. Prona\u0161li smo za vas malo zdraviju ...<\/div><\/div><\/div>\n<div class=\"col-md-3 col-sm-6 col-xs-12 pt-cv-content-item pt-cv-1-col\"  data-pid=\"1332\"><div class='pt-cv-ifield'><a href=\"https:\/\/odlicno.si\/hr\/blog\/tofu-sa-sezamom-i-medom\/\" class=\"_self pt-cv-href-thumbnail pt-cv-thumb-default cvplbd\" target=\"_self\" ><img loading=\"lazy\" decoding=\"async\" width=\"300\" height=\"300\" src=\"https:\/\/i0.wp.com\/odlicno.si\/wp-content\/uploads\/2024\/11\/tofu-scaled.jpg?fit=300%2C300&amp;ssl=1\" class=\"pt-cv-thumbnail img-none\" alt=\"Tofu sa sezamom i medom\" srcset=\"https:\/\/i0.wp.com\/odlicno.si\/wp-content\/uploads\/2024\/11\/tofu-scaled.jpg?w=2560&amp;ssl=1 2560w, https:\/\/i0.wp.com\/odlicno.si\/wp-content\/uploads\/2024\/11\/tofu-scaled.jpg?resize=300%2C300&amp;ssl=1 300w, https:\/\/i0.wp.com\/odlicno.si\/wp-content\/uploads\/2024\/11\/tofu-scaled.jpg?resize=1024%2C1024&amp;ssl=1 1024w, https:\/\/i0.wp.com\/odlicno.si\/wp-content\/uploads\/2024\/11\/tofu-scaled.jpg?resize=150%2C150&amp;ssl=1 150w, https:\/\/i0.wp.com\/odlicno.si\/wp-content\/uploads\/2024\/11\/tofu-scaled.jpg?resize=768%2C768&amp;ssl=1 768w, https:\/\/i0.wp.com\/odlicno.si\/wp-content\/uploads\/2024\/11\/tofu-scaled.jpg?resize=1536%2C1536&amp;ssl=1 1536w, https:\/\/i0.wp.com\/odlicno.si\/wp-content\/uploads\/2024\/11\/tofu-scaled.jpg?resize=2048%2C2048&amp;ssl=1 2048w, https:\/\/i0.wp.com\/odlicno.si\/wp-content\/uploads\/2024\/11\/tofu-scaled.jpg?resize=600%2C600&amp;ssl=1 600w, https:\/\/i0.wp.com\/odlicno.si\/wp-content\/uploads\/2024\/11\/tofu-scaled.jpg?resize=100%2C100&amp;ssl=1 100w\" sizes=\"auto, (max-width: 300px) 100vw, 300px\" \/><\/a>\n<div class=\"pt-cv-taxoterm above_title\"><a href='https:\/\/odlicno.si\/hr\/category\/recepti-hr\/' title='Recepti' class='pt-cv-tax-recepti-hr'>Recepti<\/a><\/div>\n<h4 class=\"pt-cv-title\"><a href=\"https:\/\/odlicno.si\/hr\/blog\/tofu-sa-sezamom-i-medom\/\" class=\"_self cvplbd\" target=\"_self\" >Tofu sa sezamom i medom<\/a><\/h4>\n<div class=\"pt-cv-content\">Sjemenke sezama su svestrane i mogu se koristiti u slatkim i slanim jelima zbog specifi\u010dnog, ali nje\u017enog okusa. Pripremili smo ...<\/div><\/div><\/div>\n<div class=\"col-md-3 col-sm-6 col-xs-12 pt-cv-content-item pt-cv-1-col\"  data-pid=\"1347\"><div class='pt-cv-ifield'><a href=\"https:\/\/odlicno.si\/hr\/blog\/focaccia-sa-sparogama-i-tartufima\/\" class=\"_self pt-cv-href-thumbnail pt-cv-thumb-default cvplbd\" target=\"_self\" ><img loading=\"lazy\" decoding=\"async\" width=\"300\" height=\"300\" src=\"https:\/\/i0.wp.com\/odlicno.si\/wp-content\/uploads\/2024\/11\/a1-scaled.jpg?fit=300%2C300&amp;ssl=1\" class=\"pt-cv-thumbnail img-none\" alt=\"Focaccia sa \u0161parogama i tartufima\" srcset=\"https:\/\/i0.wp.com\/odlicno.si\/wp-content\/uploads\/2024\/11\/a1-scaled.jpg?w=2560&amp;ssl=1 2560w, https:\/\/i0.wp.com\/odlicno.si\/wp-content\/uploads\/2024\/11\/a1-scaled.jpg?resize=300%2C300&amp;ssl=1 300w, https:\/\/i0.wp.com\/odlicno.si\/wp-content\/uploads\/2024\/11\/a1-scaled.jpg?resize=1024%2C1024&amp;ssl=1 1024w, https:\/\/i0.wp.com\/odlicno.si\/wp-content\/uploads\/2024\/11\/a1-scaled.jpg?resize=150%2C150&amp;ssl=1 150w, https:\/\/i0.wp.com\/odlicno.si\/wp-content\/uploads\/2024\/11\/a1-scaled.jpg?resize=768%2C768&amp;ssl=1 768w, https:\/\/i0.wp.com\/odlicno.si\/wp-content\/uploads\/2024\/11\/a1-scaled.jpg?resize=1536%2C1536&amp;ssl=1 1536w, https:\/\/i0.wp.com\/odlicno.si\/wp-content\/uploads\/2024\/11\/a1-scaled.jpg?resize=2048%2C2048&amp;ssl=1 2048w, https:\/\/i0.wp.com\/odlicno.si\/wp-content\/uploads\/2024\/11\/a1-scaled.jpg?resize=600%2C600&amp;ssl=1 600w, https:\/\/i0.wp.com\/odlicno.si\/wp-content\/uploads\/2024\/11\/a1-scaled.jpg?resize=100%2C100&amp;ssl=1 100w\" sizes=\"auto, (max-width: 300px) 100vw, 300px\" \/><\/a>\n<div class=\"pt-cv-taxoterm above_title\"><a href='https:\/\/odlicno.si\/hr\/category\/recepti-hr\/' title='Recepti' class='pt-cv-tax-recepti-hr'>Recepti<\/a><\/div>\n<h4 class=\"pt-cv-title\"><a href=\"https:\/\/odlicno.si\/hr\/blog\/focaccia-sa-sparogama-i-tartufima\/\" class=\"_self cvplbd\" target=\"_self\" >Focaccia sa \u0161parogama i tartufima<\/a><\/h4>\n<div class=\"pt-cv-content\">TIJESTO: - 1 manja glavica luka narezana i popr\u017eena na maslinovom ulju - 50 g bijelog bra\u0161na - 100 g ...<\/div><\/div><\/div><\/div><\/div><\/div>\t\t\t<style type=\"text\/css\" id=\"pt-cv-inline-style-6d07219pbd\">#pt-cv-view-2e90f44pd0 .pt-cv-title a, #pt-cv-view-2e90f44pd0  .panel-title { font-weight: 600 !important; }\n#pt-cv-view-2e90f44pd0 .pt-cv-readmore  { color: #ffffff !important; background-color: #00aeef !important; }\n#pt-cv-view-2e90f44pd0 .pt-cv-readmore:hover  { color: #ffffff !important; background-color: #00aeef !important; }\n#pt-cv-view-2e90f44pd0  + .pt-cv-pagination-wrapper .pt-cv-more , #pt-cv-view-2e90f44pd0  + .pt-cv-pagination-wrapper .pagination .active a, .pt-cv-pagination[data-sid='2e90f44pd0'] .active a { color: #1b2b59 !important; background-color: rgba(255,255,255,0) !important; border-width: 1px 1px 1px 1px !important; border-style: solid !important; border-color: #1b2b59 !important; }\n \r\n                                    .cvp-live-filter[data-sid='2e90f44pd0'].cvp-customized input:hover,\r\n                                    .cvp-live-filter[data-sid='2e90f44pd0'].cvp-customized input:focus,\r\n                                    .cvp-live-filter[data-sid='2e90f44pd0'].cvp-customized select:hover,\r\n                                    .cvp-live-filter[data-sid='2e90f44pd0'].cvp-customized select:focus,\r\n                                    .cvp-live-filter[data-sid='2e90f44pd0'].cvp-customized input~div:hover,\r\n                                    .cvp-live-filter[data-sid='2e90f44pd0'].cvp-customized input~div:focus {border-color: #0075ff; box-shadow: 0 0 0 1px #0075ff !important;}\r\n                                    .cvp-live-filter[data-sid='2e90f44pd0'].cvp-customized input[type='checkbox']:checked {background-color: #0075ff;}\r\n                                    .cvp-live-filter[data-sid='2e90f44pd0'].cvp-customized input[type='radio']:checked {border-color: #0075ff;}\r\n                                    .cvp-live-filter[data-sid='2e90f44pd0'].cvp-customized input[type='radio']:checked::before {border-color: #0075ff; background: #0075ff;}\r\n                                    <\/style>\r\n\t\t\t\n","protected":false},"excerpt":{"rendered":"","protected":false},"author":1,"featured_media":0,"parent":0,"menu_order":0,"comment_status":"closed","ping_status":"closed","template":"","meta":{"_acf_changed":false,"footnotes":""},"class_list":["post-1407","page","type-page","status-publish","hentry"],"acf":[],"mb":[],"jetpack_sharing_enabled":true,"mfb_rest_fields":["title","jetpack_sharing_enabled"],"_links":{"self":[{"href":"https:\/\/odlicno.si\/hr\/wp-json\/wp\/v2\/pages\/1407","targetHints":{"allow":["GET"]}}],"collection":[{"href":"https:\/\/odlicno.si\/hr\/wp-json\/wp\/v2\/pages"}],"about":[{"href":"https:\/\/odlicno.si\/hr\/wp-json\/wp\/v2\/types\/page"}],"author":[{"embeddable":true,"href":"https:\/\/odlicno.si\/hr\/wp-json\/wp\/v2\/users\/1"}],"replies":[{"embeddable":true,"href":"https:\/\/odlicno.si\/hr\/wp-json\/wp\/v2\/comments?post=1407"}],"version-history":[{"count":1,"href":"https:\/\/odlicno.si\/hr\/wp-json\/wp\/v2\/pages\/1407\/revisions"}],"predecessor-version":[{"id":1408,"href":"https:\/\/odlicno.si\/hr\/wp-json\/wp\/v2\/pages\/1407\/revisions\/1408"}],"wp:attachment":[{"href":"https:\/\/odlicno.si\/hr\/wp-json\/wp\/v2\/media?parent=1407"}],"curies":[{"name":"wp","href":"https:\/\/api.w.org\/{rel}","templated":true}]}}