{"id":11558,"date":"2025-05-21T09:54:28","date_gmt":"2025-05-21T08:54:28","guid":{"rendered":"https:\/\/odlicno.si\/?post_type=product&#038;p=11558"},"modified":"2025-05-22T10:22:26","modified_gmt":"2025-05-22T09:22:26","slug":"zur-mix-klasik-odlicno-150-g","status":"publish","type":"product","link":"https:\/\/odlicno.si\/en\/products\/mixes-snacks\/mixes\/zur-mix-klasik-odlicno-150-g\/","title":{"rendered":"&#8220;\u017dur Mix Klasik&#8221; Odli\u010dno 150 g"},"content":{"rendered":"<p>Looking for a snack that will delight all generations? The \u017dur Mix Klasik is the right choice! In a convenient 150-gram package, there is a delicious combination of roasted and salted peanuts, crispy roasted corn and salty crackers, which together create the perfect balance of flavors and textures.<\/p>\n<p>Ideal for gatherings, movie nights or as a quick snack during work. Every bite brings fun, so feel free to share it &#8211; or treat yourself!<\/p>\n<ul>\n<li>Crunchy &amp; salty<\/li>\n<li>No complications &#8211; just a classic that always wins<\/li>\n<li>Ready to share&#8230; even if you don&#8217;t want to<\/li>\n<\/ul>\n<blockquote><p>Freshly roasted in our home roastery!<\/p><\/blockquote>\n","protected":false},"excerpt":{"rendered":"<p>Looking for a snack that will delight all generations? The \u017dur Mix Klasik is the right choice! In a convenient 150-gram package, there is a delicious combination of roasted and salted peanuts, crispy roasted corn and salty crackers, which together create the perfect balance of flavors and textures. Ideal for gatherings, movie nights or as [&hellip;]<\/p>\n","protected":false},"featured_media":11548,"template":"","meta":{"_acf_changed":false},"product_brand":[],"product_cat":[287,89,88,269,90,257],"product_tag":[],"class_list":{"0":"post-11558","1":"product","2":"type-product","3":"status-publish","4":"has-post-thumbnail","6":"product_cat-100-g-300-g-en","7":"product_cat-mixes","8":"product_cat-mixes-snacks","9":"product_cat-party-events","10":"product_cat-snacks","11":"product_cat-trips-on-the-road","13":"first","14":"instock","15":"featured","16":"taxable","17":"shipping-taxable","18":"purchasable","19":"product-type-simple"},"acf":[],"mb":[],"jetpack_sharing_enabled":true,"mfb_rest_fields":["title","jetpack_sharing_enabled"],"_links":{"self":[{"href":"https:\/\/odlicno.si\/en\/wp-json\/wp\/v2\/product\/11558","targetHints":{"allow":["GET"]}}],"collection":[{"href":"https:\/\/odlicno.si\/en\/wp-json\/wp\/v2\/product"}],"about":[{"href":"https:\/\/odlicno.si\/en\/wp-json\/wp\/v2\/types\/product"}],"wp:featuredmedia":[{"embeddable":true,"href":"https:\/\/odlicno.si\/en\/wp-json\/wp\/v2\/media\/11548"}],"wp:attachment":[{"href":"https:\/\/odlicno.si\/en\/wp-json\/wp\/v2\/media?parent=11558"}],"wp:term":[{"taxonomy":"product_brand","embeddable":true,"href":"https:\/\/odlicno.si\/en\/wp-json\/wp\/v2\/product_brand?post=11558"},{"taxonomy":"product_cat","embeddable":true,"href":"https:\/\/odlicno.si\/en\/wp-json\/wp\/v2\/product_cat?post=11558"},{"taxonomy":"product_tag","embeddable":true,"href":"https:\/\/odlicno.si\/en\/wp-json\/wp\/v2\/product_tag?post=11558"}],"curies":[{"name":"wp","href":"https:\/\/api.w.org\/{rel}","templated":true}]}}