{"id":9680,"date":"2024-12-02T11:40:52","date_gmt":"2024-12-02T10:40:52","guid":{"rendered":"https:\/\/odlicno.mojwww.si\/trgovina\/unkategorisiert\/pflanzen-sind-gut-produktpaket-excellent-ii-2150-g\/"},"modified":"2025-08-28T06:42:22","modified_gmt":"2025-08-28T05:42:22","slug":"pflanzen-sind-gut-produktpaket-excellent-ii-2150-g","status":"publish","type":"product","link":"https:\/\/odlicno.si\/de\/produkte\/kochen\/pflanzen-sind-gut-produktpaket-excellent-ii-2150-g\/","title":{"rendered":"Pflanzen sind gut: Produktpaket Odli\u010dno II 2150 g"},"content":{"rendered":"<p>BESONDERES ANGEBOT: Bestellen Sie ein Paket mit Produkten f\u00fcr Rezepte aus dem \u017danina<a href=\"https:\/\/rastlinesofine.si\/\">Vollwert-Gem\u00fcsekochbuch.<\/a><\/p>\n","protected":false},"excerpt":{"rendered":"<p>BESONDERES ANGEBOT: Bestellen Sie ein Paket mit Produkten f\u00fcr Rezepte aus dem \u017daninaVollwert-Gem\u00fcsekochbuch.<\/p>\n","protected":false},"featured_media":5781,"template":"","meta":{"_acf_changed":false},"product_brand":[],"product_cat":[261,103],"product_tag":[],"class_list":{"0":"post-9680","1":"product","2":"type-product","3":"status-publish","4":"has-post-thumbnail","6":"product_cat-kochen","7":"product_cat-pakete","9":"first","10":"instock","11":"sale","12":"taxable","13":"shipping-taxable","14":"purchasable","15":"product-type-simple"},"acf":[],"mb":[],"jetpack_sharing_enabled":true,"mfb_rest_fields":["title","jetpack_sharing_enabled"],"_links":{"self":[{"href":"https:\/\/odlicno.si\/de\/wp-json\/wp\/v2\/product\/9680","targetHints":{"allow":["GET"]}}],"collection":[{"href":"https:\/\/odlicno.si\/de\/wp-json\/wp\/v2\/product"}],"about":[{"href":"https:\/\/odlicno.si\/de\/wp-json\/wp\/v2\/types\/product"}],"wp:featuredmedia":[{"embeddable":true,"href":"https:\/\/odlicno.si\/de\/wp-json\/wp\/v2\/media\/5781"}],"wp:attachment":[{"href":"https:\/\/odlicno.si\/de\/wp-json\/wp\/v2\/media?parent=9680"}],"wp:term":[{"taxonomy":"product_brand","embeddable":true,"href":"https:\/\/odlicno.si\/de\/wp-json\/wp\/v2\/product_brand?post=9680"},{"taxonomy":"product_cat","embeddable":true,"href":"https:\/\/odlicno.si\/de\/wp-json\/wp\/v2\/product_cat?post=9680"},{"taxonomy":"product_tag","embeddable":true,"href":"https:\/\/odlicno.si\/de\/wp-json\/wp\/v2\/product_tag?post=9680"}],"curies":[{"name":"wp","href":"https:\/\/api.w.org\/{rel}","templated":true}]}}