{"id":9676,"date":"2024-12-02T11:40:52","date_gmt":"2024-12-02T10:40:52","guid":{"rendered":"https:\/\/odlicno.mojwww.si\/trgovina\/unkategorisiert\/pflanzen-sind-gut-produktpaket-excellent-i-5300-g\/"},"modified":"2025-08-28T06:42:27","modified_gmt":"2025-08-28T05:42:27","slug":"pflanzen-sind-gut-produktpaket-excellent-i-5300-g","status":"publish","type":"product","link":"https:\/\/odlicno.si\/de\/produkte\/kochen\/pflanzen-sind-gut-produktpaket-excellent-i-5300-g\/","title":{"rendered":"Pflanzen sind gut: Produktpaket Odli\u010dno I 5300 g"},"content":{"rendered":"<p class=\"text-align-justify\">BESONDERES ANGEBOT: Bestellen Sie ein Paket mit Produkten f\u00fcr Rezepte aus dem \u017danina<a href=\"https:\/\/rastlinesofine.si\/\">Vollwert-Gem\u00fcsekochbuch<\/a>.<\/p>\n<p class=\"text-align-justify\"><strong>Rezeptbuch nicht enthalten!<\/strong><\/p>\n<p>Das Paket enth\u00e4lt:<\/p>\n<p><a href=\"\/izdelki\/oreski-semena\/indijski-orescki-odlicno-1000-g\">1 X CASHEWN\u00dcSSE 1000 G AUSGEZEICHNET<\/a><\/p>\n<p><a href=\"\/izdelki\/oreski-semena\/soncnicna-semena-oluscena-odlicno-1000-g\">1 X SONNENBLUMENKERNE 1000 G AUSGEZEICHNET<\/a><\/p>\n<p><a href=\"\/izdelki\/oreski-semena\/lanena-semena-oluscena-odlicno-1000-g\">1 X LEINSAMEN 1000 G AUSGEZEICHNET<\/a><\/p>\n<p><a href=\"\/izdelki\/oreski-semena\/prazeni-arasidi-brez-dodanega-olja-soli-odlicno-1000-g\">1 X GER\u00d6STETE ERDN\u00dcSSE, OHNE ZUSATZ VON \u00d6L UND SALZ 1000 G AUSGEZEICHNET<\/a><\/p>\n<p><a href=\"\/izdelki\/namazi\/100-arasidov-namaz-odlicno-300-g\">2 X 100% ERDNUSSAUFSTRICH 300 G AUSGEZEICHNET<\/a><\/p>\n<p><a href=\"\/izdelki\/bio\/bio-rdeca-leca\">1 X BIO ROTE LINSEN 1000 G BIO AUSGEZEICHNET<\/a><\/p>\n","protected":false},"excerpt":{"rendered":"<p>BESONDERES ANGEBOT: Bestellen Sie ein Paket mit Produkten f\u00fcr Rezepte aus dem \u017daninaVollwert-Gem\u00fcsekochbuch. Rezeptbuch nicht enthalten! Das Paket enth\u00e4lt: 1 X CASHEWN\u00dcSSE 1000 G AUSGEZEICHNET 1 X SONNENBLUMENKERNE 1000 G AUSGEZEICHNET 1 X LEINSAMEN 1000 G AUSGEZEICHNET 1 X GER\u00d6STETE ERDN\u00dcSSE, OHNE ZUSATZ VON \u00d6L UND SALZ 1000 G AUSGEZEICHNET 2 X 100% ERDNUSSAUFSTRICH 300 [&hellip;]<\/p>\n","protected":false},"featured_media":5785,"template":"","meta":{"_acf_changed":false},"product_brand":[],"product_cat":[261,103],"product_tag":[],"class_list":{"0":"post-9676","1":"product","2":"type-product","3":"status-publish","4":"has-post-thumbnail","6":"product_cat-kochen","7":"product_cat-pakete","9":"first","10":"instock","11":"sale","12":"taxable","13":"shipping-taxable","14":"purchasable","15":"product-type-simple"},"acf":[],"mb":[],"jetpack_sharing_enabled":true,"mfb_rest_fields":["title","jetpack_sharing_enabled"],"_links":{"self":[{"href":"https:\/\/odlicno.si\/de\/wp-json\/wp\/v2\/product\/9676","targetHints":{"allow":["GET"]}}],"collection":[{"href":"https:\/\/odlicno.si\/de\/wp-json\/wp\/v2\/product"}],"about":[{"href":"https:\/\/odlicno.si\/de\/wp-json\/wp\/v2\/types\/product"}],"wp:featuredmedia":[{"embeddable":true,"href":"https:\/\/odlicno.si\/de\/wp-json\/wp\/v2\/media\/5785"}],"wp:attachment":[{"href":"https:\/\/odlicno.si\/de\/wp-json\/wp\/v2\/media?parent=9676"}],"wp:term":[{"taxonomy":"product_brand","embeddable":true,"href":"https:\/\/odlicno.si\/de\/wp-json\/wp\/v2\/product_brand?post=9676"},{"taxonomy":"product_cat","embeddable":true,"href":"https:\/\/odlicno.si\/de\/wp-json\/wp\/v2\/product_cat?post=9676"},{"taxonomy":"product_tag","embeddable":true,"href":"https:\/\/odlicno.si\/de\/wp-json\/wp\/v2\/product_tag?post=9676"}],"curies":[{"name":"wp","href":"https:\/\/api.w.org\/{rel}","templated":true}]}}