{"id":9673,"date":"2024-12-02T11:41:15","date_gmt":"2024-12-02T10:41:15","guid":{"rendered":"https:\/\/odlicno.mojwww.si\/trgovina\/unkategorisiert\/maxi-snackpackung-excellent-3-x-1000-g\/"},"modified":"2025-08-28T06:40:21","modified_gmt":"2025-08-28T05:40:21","slug":"maxi-snackpackung-excellent-3-x-1000-g","status":"publish","type":"product","link":"https:\/\/odlicno.si\/de\/produkte\/500-g-1000-g-de\/maxi-snackpackung-excellent-3-x-1000-g\/","title":{"rendered":"Maxi-Snackpackung Odli\u010dno 3 \u00d7 1000 g"},"content":{"rendered":"<p>Eine sehr preiswerte Packung mit drei Snacks pro Kilo: Ger\u00f6stete &amp; gesalzene Erdn\u00fcsse, Ger\u00f6stete Erdn\u00fcsse ohne Zusatz von \u00d6l &amp; Salz, Studentenfutter.<\/p>\n","protected":false},"excerpt":{"rendered":"<p>Eine sehr preiswerte Packung mit drei Snacks pro Kilo: Ger\u00f6stete &amp; gesalzene Erdn\u00fcsse, Ger\u00f6stete Erdn\u00fcsse ohne Zusatz von \u00d6l &amp; Salz, Studentenfutter.<\/p>\n","protected":false},"featured_media":10325,"template":"","meta":{"_acf_changed":false},"product_brand":[],"product_cat":[293,103],"product_tag":[],"class_list":{"0":"post-9673","1":"product","2":"type-product","3":"status-publish","4":"has-post-thumbnail","6":"product_cat-500-g-1000-g-de","7":"product_cat-pakete","9":"first","10":"instock","11":"sale","12":"taxable","13":"shipping-taxable","14":"purchasable","15":"product-type-simple"},"acf":[],"mb":[],"jetpack_sharing_enabled":true,"mfb_rest_fields":["title","jetpack_sharing_enabled"],"_links":{"self":[{"href":"https:\/\/odlicno.si\/de\/wp-json\/wp\/v2\/product\/9673","targetHints":{"allow":["GET"]}}],"collection":[{"href":"https:\/\/odlicno.si\/de\/wp-json\/wp\/v2\/product"}],"about":[{"href":"https:\/\/odlicno.si\/de\/wp-json\/wp\/v2\/types\/product"}],"wp:featuredmedia":[{"embeddable":true,"href":"https:\/\/odlicno.si\/de\/wp-json\/wp\/v2\/media\/10325"}],"wp:attachment":[{"href":"https:\/\/odlicno.si\/de\/wp-json\/wp\/v2\/media?parent=9673"}],"wp:term":[{"taxonomy":"product_brand","embeddable":true,"href":"https:\/\/odlicno.si\/de\/wp-json\/wp\/v2\/product_brand?post=9673"},{"taxonomy":"product_cat","embeddable":true,"href":"https:\/\/odlicno.si\/de\/wp-json\/wp\/v2\/product_cat?post=9673"},{"taxonomy":"product_tag","embeddable":true,"href":"https:\/\/odlicno.si\/de\/wp-json\/wp\/v2\/product_tag?post=9673"}],"curies":[{"name":"wp","href":"https:\/\/api.w.org\/{rel}","templated":true}]}}