{"id":9661,"date":"2024-12-02T11:41:15","date_gmt":"2024-12-02T10:41:15","guid":{"rendered":"https:\/\/odlicno.mojwww.si\/trgovina\/unkategorisiert\/haselnuesse-excellent-1000g\/"},"modified":"2025-08-28T06:36:36","modified_gmt":"2025-08-28T05:36:36","slug":"haselnuesse-excellent-1000g","status":"publish","type":"product","link":"https:\/\/odlicno.si\/de\/produkte\/nusse-samen\/nusse\/haselnuesse-excellent-1000g\/","title":{"rendered":"Haseln\u00fcsse Odli\u010dno  1000g"},"content":{"rendered":"<p class=\"text-align-justify\">Die Haselnusskerne schmecken hervorragend und sind sch\u00f6n knusprig. Sie k\u00f6nnen im Fr\u00fchst\u00fccksm\u00fcsli, beim Backen von Desserts oder in exotischeren Gerichten verwendet werden. Das Produkt ist frei von Zusatzstoffen.<\/p>\n","protected":false},"excerpt":{"rendered":"<p>Die Haselnusskerne schmecken hervorragend und sind sch\u00f6n knusprig. Sie k\u00f6nnen im Fr\u00fchst\u00fccksm\u00fcsli, beim Backen von Desserts oder in exotischeren Gerichten verwendet werden. Das Produkt ist frei von Zusatzstoffen.<\/p>\n","protected":false},"featured_media":9987,"template":"","meta":{"_acf_changed":false},"product_brand":[],"product_cat":[293,273,267,261,105,107],"product_tag":[],"class_list":{"0":"post-9661","1":"product","2":"type-product","3":"status-publish","4":"has-post-thumbnail","6":"product_cat-500-g-1000-g-de","7":"product_cat-aufstocken-weil-es-sich-lohnt","8":"product_cat-backen","9":"product_cat-kochen","10":"product_cat-nusse","11":"product_cat-nusse-samen","13":"first","14":"instock","15":"taxable","16":"shipping-taxable","17":"purchasable","18":"product-type-simple"},"acf":[],"mb":[],"jetpack_sharing_enabled":true,"mfb_rest_fields":["title","jetpack_sharing_enabled"],"_links":{"self":[{"href":"https:\/\/odlicno.si\/de\/wp-json\/wp\/v2\/product\/9661","targetHints":{"allow":["GET"]}}],"collection":[{"href":"https:\/\/odlicno.si\/de\/wp-json\/wp\/v2\/product"}],"about":[{"href":"https:\/\/odlicno.si\/de\/wp-json\/wp\/v2\/types\/product"}],"wp:featuredmedia":[{"embeddable":true,"href":"https:\/\/odlicno.si\/de\/wp-json\/wp\/v2\/media\/9987"}],"wp:attachment":[{"href":"https:\/\/odlicno.si\/de\/wp-json\/wp\/v2\/media?parent=9661"}],"wp:term":[{"taxonomy":"product_brand","embeddable":true,"href":"https:\/\/odlicno.si\/de\/wp-json\/wp\/v2\/product_brand?post=9661"},{"taxonomy":"product_cat","embeddable":true,"href":"https:\/\/odlicno.si\/de\/wp-json\/wp\/v2\/product_cat?post=9661"},{"taxonomy":"product_tag","embeddable":true,"href":"https:\/\/odlicno.si\/de\/wp-json\/wp\/v2\/product_tag?post=9661"}],"curies":[{"name":"wp","href":"https:\/\/api.w.org\/{rel}","templated":true}]}}