{"id":9657,"date":"2024-12-02T11:33:44","date_gmt":"2024-12-02T10:33:44","guid":{"rendered":"https:\/\/odlicno.mojwww.si\/trgovina\/unkategorisiert\/amerikanische-pekannuss-1000-g\/"},"modified":"2024-12-02T11:33:44","modified_gmt":"2024-12-02T10:33:44","slug":"amerikanische-pekannuss-1000-g","status":"publish","type":"product","link":"https:\/\/odlicno.si\/de\/produkte\/nusse-samen\/nusse\/amerikanische-pekannuss-1000-g\/","title":{"rendered":"Amerikanische Pekannuss 1000 g"},"content":{"rendered":"<p>Die amerikanische Walnuss, auch Pekannuss genannt, geh\u00f6rt zu den N\u00fcssen, die bei uns selten gegessen werden. Obwohl es nat\u00fcrlich ratsam ist, einheimische Sorten zu bevorzugen, ist es auch ratsam, ab und zu eine amerikanische Walnuss zu essen. Sie ist eine hervorragende Quelle f\u00fcr Antioxidantien, enth\u00e4lt aber auch viele andere n\u00fctzliche Stoffe.  <\/p>\n<p><strong>Lassen Sie sich von Rezepten inspirieren:<\/strong><\/p>\n<ul style=\"-webkit-text-stroke-width: 0px; background-color: #ffffff; box-sizing: border-box; color: #1b2b59; font-family: Roboto, sans-serif; font-size: 19px; font-style: normal; font-variant-caps: normal; font-variant-ligatures: normal; font-weight: 300; letter-spacing: normal; margin: 0px 0px 1.25rem; orphans: 2; padding-left: 3.25rem; padding-right: 0px; text-align: start; text-decoration-color: initial; text-decoration-style: initial; text-decoration-thickness: initial; text-indent: 0px; text-transform: none; white-space: normal; widows: 2; word-spacing: 0px;\">\n<li style=\"box-sizing: border-box;\"><a style=\"box-sizing: border-box; color: var(--besedilo); cursor: pointer;\" href=\"\/blog\/velika-palacinka-z-jabolkami-pekan-orehi\">Gro\u00dfer Pfannkuchen mit \u00c4pfeln und Pekann\u00fcssen<\/a><\/li>\n<li style=\"box-sizing: border-box;\"><a href=\"\/blog\/slivova-drobljenka\">Pflaumenstreusel<\/a><\/li>\n<li style=\"box-sizing: border-box;\"><a style=\"box-sizing: border-box; color: var(--besedilo); cursor: pointer;\" href=\"\/blog\/oresckasti-bananini-brownieji\"><span class=\"field field-name-title field-formatter-string field-type-string field-label-hidden\" style=\"box-sizing: border-box; margin-bottom: 0px;\"><u>Nussige Bananen-Brownies<\/u><\/span><\/a><\/li>\n<\/ul>\n","protected":false},"excerpt":{"rendered":"<p>Die amerikanische Walnuss, auch Pekannuss genannt, geh\u00f6rt zu den N\u00fcssen, die bei uns selten gegessen werden. Obwohl es nat\u00fcrlich ratsam ist, einheimische Sorten zu bevorzugen, ist es auch ratsam, ab und zu eine amerikanische Walnuss zu essen. Sie ist eine hervorragende Quelle f\u00fcr Antioxidantien, enth\u00e4lt aber auch viele andere n\u00fctzliche Stoffe. Lassen Sie sich von [&hellip;]<\/p>\n","protected":false},"featured_media":4518,"template":"","meta":{"_acf_changed":false},"product_brand":[],"product_cat":[293,273,267,261,105,107],"product_tag":[],"class_list":{"0":"post-9657","1":"product","2":"type-product","3":"status-publish","4":"has-post-thumbnail","6":"product_cat-500-g-1000-g-de","7":"product_cat-aufstocken-weil-es-sich-lohnt","8":"product_cat-backen","9":"product_cat-kochen","10":"product_cat-nusse","11":"product_cat-nusse-samen","13":"first","14":"instock","15":"taxable","16":"shipping-taxable","17":"purchasable","18":"product-type-simple"},"acf":[],"mb":[],"jetpack_sharing_enabled":true,"mfb_rest_fields":["title","jetpack_sharing_enabled"],"_links":{"self":[{"href":"https:\/\/odlicno.si\/de\/wp-json\/wp\/v2\/product\/9657","targetHints":{"allow":["GET"]}}],"collection":[{"href":"https:\/\/odlicno.si\/de\/wp-json\/wp\/v2\/product"}],"about":[{"href":"https:\/\/odlicno.si\/de\/wp-json\/wp\/v2\/types\/product"}],"wp:featuredmedia":[{"embeddable":true,"href":"https:\/\/odlicno.si\/de\/wp-json\/wp\/v2\/media\/4518"}],"wp:attachment":[{"href":"https:\/\/odlicno.si\/de\/wp-json\/wp\/v2\/media?parent=9657"}],"wp:term":[{"taxonomy":"product_brand","embeddable":true,"href":"https:\/\/odlicno.si\/de\/wp-json\/wp\/v2\/product_brand?post=9657"},{"taxonomy":"product_cat","embeddable":true,"href":"https:\/\/odlicno.si\/de\/wp-json\/wp\/v2\/product_cat?post=9657"},{"taxonomy":"product_tag","embeddable":true,"href":"https:\/\/odlicno.si\/de\/wp-json\/wp\/v2\/product_tag?post=9657"}],"curies":[{"name":"wp","href":"https:\/\/api.w.org\/{rel}","templated":true}]}}