{"id":9655,"date":"2024-12-02T11:41:15","date_gmt":"2024-12-02T10:41:15","guid":{"rendered":"https:\/\/odlicno.mojwww.si\/trgovina\/unkategorisiert\/rohe-geschaelte-pistazien-excellent-1000-g\/"},"modified":"2025-08-28T06:42:35","modified_gmt":"2025-08-28T05:42:35","slug":"rohe-geschaelte-pistazien-excellent-1000-g","status":"publish","type":"product","link":"https:\/\/odlicno.si\/de\/produkte\/nusse-samen\/nusse\/rohe-geschaelte-pistazien-excellent-1000-g\/","title":{"rendered":"Rohe &amp; gesch\u00e4lte Pistazien Odli\u010dno 1000 g"},"content":{"rendered":"<p>Rohe, gesch\u00e4lte Pistazien sind die Hauptzutat f\u00fcr viele verschiedene Desserts. Pistazieneis ist eine h\u00e4ufige Zutat in der veganen K\u00fcche und findet sich auch in dem ber\u00fchmten Baklava.<\/p>\n<p><strong>Lassen Sie sich von Rezepten inspirieren:<\/strong><\/p>\n<ul>\n<li><a href=\"https:\/\/odlicno.si\/blog\/odlicni-donuts-krofki-iz-pecice\/\">Perfekte (Donuts) Krapfen aus dem Ofen<\/a><\/li>\n<li><a href=\"https:\/\/odlicno.si\/blog\/avokadov-puding\/\">Avocado-Pudding<\/a><\/li>\n<\/ul>\n","protected":false},"excerpt":{"rendered":"<p>Rohe, gesch\u00e4lte Pistazien sind die Hauptzutat f\u00fcr viele verschiedene Desserts. Pistazieneis ist eine h\u00e4ufige Zutat in der veganen K\u00fcche und findet sich auch in dem ber\u00fchmten Baklava. Lassen Sie sich von Rezepten inspirieren: Perfekte (Donuts) Krapfen aus dem Ofen Avocado-Pudding<\/p>\n","protected":false},"featured_media":10045,"template":"","meta":{"_acf_changed":false},"product_brand":[],"product_cat":[293,273,267,105,107],"product_tag":[],"class_list":{"0":"post-9655","1":"product","2":"type-product","3":"status-publish","4":"has-post-thumbnail","6":"product_cat-500-g-1000-g-de","7":"product_cat-aufstocken-weil-es-sich-lohnt","8":"product_cat-backen","9":"product_cat-nusse","10":"product_cat-nusse-samen","12":"first","13":"instock","14":"taxable","15":"shipping-taxable","16":"purchasable","17":"product-type-simple"},"acf":[],"mb":[],"jetpack_sharing_enabled":true,"mfb_rest_fields":["title","jetpack_sharing_enabled"],"_links":{"self":[{"href":"https:\/\/odlicno.si\/de\/wp-json\/wp\/v2\/product\/9655","targetHints":{"allow":["GET"]}}],"collection":[{"href":"https:\/\/odlicno.si\/de\/wp-json\/wp\/v2\/product"}],"about":[{"href":"https:\/\/odlicno.si\/de\/wp-json\/wp\/v2\/types\/product"}],"wp:featuredmedia":[{"embeddable":true,"href":"https:\/\/odlicno.si\/de\/wp-json\/wp\/v2\/media\/10045"}],"wp:attachment":[{"href":"https:\/\/odlicno.si\/de\/wp-json\/wp\/v2\/media?parent=9655"}],"wp:term":[{"taxonomy":"product_brand","embeddable":true,"href":"https:\/\/odlicno.si\/de\/wp-json\/wp\/v2\/product_brand?post=9655"},{"taxonomy":"product_cat","embeddable":true,"href":"https:\/\/odlicno.si\/de\/wp-json\/wp\/v2\/product_cat?post=9655"},{"taxonomy":"product_tag","embeddable":true,"href":"https:\/\/odlicno.si\/de\/wp-json\/wp\/v2\/product_tag?post=9655"}],"curies":[{"name":"wp","href":"https:\/\/api.w.org\/{rel}","templated":true}]}}