{"id":9641,"date":"2024-12-02T11:40:51","date_gmt":"2024-12-02T10:40:51","guid":{"rendered":"https:\/\/odlicno.mojwww.si\/trgovina\/unkategorisiert\/erdnuesse-in-oel-geroestet-ungesalzen-ausgezeichnet-500-g\/"},"modified":"2025-08-28T06:31:29","modified_gmt":"2025-08-28T05:31:29","slug":"erdnuesse-in-oel-geroestet-ungesalzen-ausgezeichnet-500-g","status":"publish","type":"product","link":"https:\/\/odlicno.si\/de\/produkte\/nusse-samen\/erdnusse\/erdnuesse-in-oel-geroestet-ungesalzen-ausgezeichnet-500-g\/","title":{"rendered":"Erdn\u00fcsse in \u00d6l ger\u00f6stet, ungesalzen Odli\u010dno 500 g"},"content":{"rendered":"<p class=\"text-align-justify\">Die Erdn\u00fcsse werden in einem Heimr\u00f6ster in \u00d6l ger\u00f6stet, was Frische und reiches Aroma garantiert. Sie sind ungesalzen, so dass der nat\u00fcrliche Geschmack der Erdnuss <strong>ohne Zusatzstoffe<\/strong> zur Geltung kommt. Sie eignen sich als Snack f\u00fcr sich allein oder als Beilage zu einer Vielzahl von Gerichten wie Salaten, Snacks und Desserts.<\/p>\n<blockquote><p>Vom heimischen R\u00f6ster!<\/p><\/blockquote>\n","protected":false},"excerpt":{"rendered":"<p>Die Erdn\u00fcsse werden in einem Heimr\u00f6ster in \u00d6l ger\u00f6stet, was Frische und reiches Aroma garantiert. Sie sind ungesalzen, so dass der nat\u00fcrliche Geschmack der Erdnuss ohne Zusatzstoffe zur Geltung kommt. Sie eignen sich als Snack f\u00fcr sich allein oder als Beilage zu einer Vielzahl von Gerichten wie Salaten, Snacks und Desserts. Vom heimischen R\u00f6ster!<\/p>\n","protected":false},"featured_media":11172,"template":"","meta":{"_acf_changed":false},"product_brand":[],"product_cat":[293,267,106,258,261,111,107,109,270],"product_tag":[],"class_list":{"0":"post-9641","1":"product","2":"type-product","3":"status-publish","4":"has-post-thumbnail","6":"product_cat-500-g-1000-g-de","7":"product_cat-backen","8":"product_cat-erdnusse","9":"product_cat-fur-ausfluge-wanderungen","10":"product_cat-kochen","11":"product_cat-mischungen-snacks","12":"product_cat-nusse-samen","13":"product_cat-snacks","14":"product_cat-unterhaltung-events","16":"first","17":"instock","18":"taxable","19":"shipping-taxable","20":"purchasable","21":"product-type-simple"},"acf":[],"mb":[],"jetpack_sharing_enabled":true,"mfb_rest_fields":["title","jetpack_sharing_enabled"],"_links":{"self":[{"href":"https:\/\/odlicno.si\/de\/wp-json\/wp\/v2\/product\/9641","targetHints":{"allow":["GET"]}}],"collection":[{"href":"https:\/\/odlicno.si\/de\/wp-json\/wp\/v2\/product"}],"about":[{"href":"https:\/\/odlicno.si\/de\/wp-json\/wp\/v2\/types\/product"}],"wp:featuredmedia":[{"embeddable":true,"href":"https:\/\/odlicno.si\/de\/wp-json\/wp\/v2\/media\/11172"}],"wp:attachment":[{"href":"https:\/\/odlicno.si\/de\/wp-json\/wp\/v2\/media?parent=9641"}],"wp:term":[{"taxonomy":"product_brand","embeddable":true,"href":"https:\/\/odlicno.si\/de\/wp-json\/wp\/v2\/product_brand?post=9641"},{"taxonomy":"product_cat","embeddable":true,"href":"https:\/\/odlicno.si\/de\/wp-json\/wp\/v2\/product_cat?post=9641"},{"taxonomy":"product_tag","embeddable":true,"href":"https:\/\/odlicno.si\/de\/wp-json\/wp\/v2\/product_tag?post=9641"}],"curies":[{"name":"wp","href":"https:\/\/api.w.org\/{rel}","templated":true}]}}