{"id":9640,"date":"2024-12-02T11:40:52","date_gmt":"2024-12-02T10:40:52","guid":{"rendered":"https:\/\/odlicno.mojwww.si\/trgovina\/unkategorisiert\/geroestete-gesalzene-pistazien-excellent-125-g\/"},"modified":"2025-08-28T06:35:56","modified_gmt":"2025-08-28T05:35:56","slug":"geroestete-gesalzene-pistazien-excellent-125-g","status":"publish","type":"product","link":"https:\/\/odlicno.si\/de\/produkte\/nusse-samen\/nusse\/geroestete-gesalzene-pistazien-excellent-125-g\/","title":{"rendered":"Ger\u00f6stete &amp; gesalzene Pistazien Odli\u010dno 125 g"},"content":{"rendered":"<p>Trocken ger\u00f6stet und genau richtig gesalzen, sind die vollmundigen Pistazien ein toller Snack f\u00fcr eine Vielzahl von Gelegenheiten.<\/p>\n<p><strong>Lassen Sie sich von Rezepten inspirieren:<\/strong><\/p>\n<ul>\n<li><a href=\"https:\/\/odlicno.si\/blog\/poletna-testeninska-solata-s-pistacijami\/\">Sommerlicher Nudelsalat mit Pistazien<\/a><\/li>\n<\/ul>\n<p>&nbsp;<\/p>\n","protected":false},"excerpt":{"rendered":"<p>Trocken ger\u00f6stet und genau richtig gesalzen, sind die vollmundigen Pistazien ein toller Snack f\u00fcr eine Vielzahl von Gelegenheiten. Lassen Sie sich von Rezepten inspirieren: Sommerlicher Nudelsalat mit Pistazien &nbsp;<\/p>\n","protected":false},"featured_media":9920,"template":"","meta":{"_acf_changed":false},"product_brand":[],"product_cat":[285,258,111,105,107,109,270],"product_tag":[],"class_list":{"0":"post-9640","1":"product","2":"type-product","3":"status-publish","4":"has-post-thumbnail","6":"product_cat-100-g-300-g-de","7":"product_cat-fur-ausfluge-wanderungen","8":"product_cat-mischungen-snacks","9":"product_cat-nusse","10":"product_cat-nusse-samen","11":"product_cat-snacks","12":"product_cat-unterhaltung-events","14":"first","15":"instock","16":"taxable","17":"shipping-taxable","18":"purchasable","19":"product-type-simple"},"acf":[],"mb":[],"jetpack_sharing_enabled":true,"mfb_rest_fields":["title","jetpack_sharing_enabled"],"_links":{"self":[{"href":"https:\/\/odlicno.si\/de\/wp-json\/wp\/v2\/product\/9640","targetHints":{"allow":["GET"]}}],"collection":[{"href":"https:\/\/odlicno.si\/de\/wp-json\/wp\/v2\/product"}],"about":[{"href":"https:\/\/odlicno.si\/de\/wp-json\/wp\/v2\/types\/product"}],"wp:featuredmedia":[{"embeddable":true,"href":"https:\/\/odlicno.si\/de\/wp-json\/wp\/v2\/media\/9920"}],"wp:attachment":[{"href":"https:\/\/odlicno.si\/de\/wp-json\/wp\/v2\/media?parent=9640"}],"wp:term":[{"taxonomy":"product_brand","embeddable":true,"href":"https:\/\/odlicno.si\/de\/wp-json\/wp\/v2\/product_brand?post=9640"},{"taxonomy":"product_cat","embeddable":true,"href":"https:\/\/odlicno.si\/de\/wp-json\/wp\/v2\/product_cat?post=9640"},{"taxonomy":"product_tag","embeddable":true,"href":"https:\/\/odlicno.si\/de\/wp-json\/wp\/v2\/product_tag?post=9640"}],"curies":[{"name":"wp","href":"https:\/\/api.w.org\/{rel}","templated":true}]}}