{"id":9634,"date":"2024-12-02T11:31:17","date_gmt":"2024-12-02T10:31:17","guid":{"rendered":"https:\/\/odlicno.mojwww.si\/trgovina\/unkategorisiert\/kichererbsen-ausgezeichnet-500-g\/"},"modified":"2025-08-28T06:38:03","modified_gmt":"2025-08-28T05:38:03","slug":"kichererbsen-ausgezeichnet-500-g","status":"publish","type":"product","link":"https:\/\/odlicno.si\/de\/produkte\/500-g-1000-g-de\/kichererbsen-ausgezeichnet-500-g\/","title":{"rendered":"Kichererbsen Odli\u010dno 500 g"},"content":{"rendered":"<p class=\"text-align-justify\">Kichererbsen sind eine vielseitige, nahrhafte H\u00fclsenfrucht, die sich f\u00fcr Suppen, Salate, Hummus, Falafel und viele andere Gerichte eignet. Sie ist f\u00fcr vegetarische, vegane und glutenfreie Ern\u00e4hrung geeignet.<\/p>\n<p><strong>Lassen Sie sich von Rezepten inspirieren:<\/strong><\/p>\n<ul>\n<li><a href=\"https:\/\/odlicno.si\/blog\/bucna-enoloncnica\/\">K\u00fcrbis-Eintopf<\/a><\/li>\n<li><a href=\"https:\/\/odlicno.si\/blog\/domac-cicerikin-humus-s-sezamovimi-semeni\/\">Hausgemachter Kichererbsen-Hummus mit Sesam<\/a><\/li>\n<\/ul>\n","protected":false},"excerpt":{"rendered":"<p>Kichererbsen sind eine vielseitige, nahrhafte H\u00fclsenfrucht, die sich f\u00fcr Suppen, Salate, Hummus, Falafel und viele andere Gerichte eignet. Sie ist f\u00fcr vegetarische, vegane und glutenfreie Ern\u00e4hrung geeignet. Lassen Sie sich von Rezepten inspirieren: K\u00fcrbis-Eintopf Hausgemachter Kichererbsen-Hummus mit Sesam<\/p>\n","protected":false},"featured_media":4582,"template":"","meta":{"_acf_changed":false},"product_brand":[],"product_cat":[293,112,261,238],"product_tag":[],"class_list":{"0":"post-9634","1":"product","2":"type-product","3":"status-publish","4":"has-post-thumbnail","6":"product_cat-500-g-1000-g-de","7":"product_cat-huelsenfruechte","8":"product_cat-kochen","9":"product_cat-sonderangebot","11":"first","12":"instock","13":"sale","14":"taxable","15":"shipping-taxable","16":"purchasable","17":"product-type-simple"},"acf":[],"mb":[],"jetpack_sharing_enabled":true,"mfb_rest_fields":["title","jetpack_sharing_enabled"],"_links":{"self":[{"href":"https:\/\/odlicno.si\/de\/wp-json\/wp\/v2\/product\/9634","targetHints":{"allow":["GET"]}}],"collection":[{"href":"https:\/\/odlicno.si\/de\/wp-json\/wp\/v2\/product"}],"about":[{"href":"https:\/\/odlicno.si\/de\/wp-json\/wp\/v2\/types\/product"}],"wp:featuredmedia":[{"embeddable":true,"href":"https:\/\/odlicno.si\/de\/wp-json\/wp\/v2\/media\/4582"}],"wp:attachment":[{"href":"https:\/\/odlicno.si\/de\/wp-json\/wp\/v2\/media?parent=9634"}],"wp:term":[{"taxonomy":"product_brand","embeddable":true,"href":"https:\/\/odlicno.si\/de\/wp-json\/wp\/v2\/product_brand?post=9634"},{"taxonomy":"product_cat","embeddable":true,"href":"https:\/\/odlicno.si\/de\/wp-json\/wp\/v2\/product_cat?post=9634"},{"taxonomy":"product_tag","embeddable":true,"href":"https:\/\/odlicno.si\/de\/wp-json\/wp\/v2\/product_tag?post=9634"}],"curies":[{"name":"wp","href":"https:\/\/api.w.org\/{rel}","templated":true}]}}