{"id":9630,"date":"2024-12-02T11:40:51","date_gmt":"2024-12-02T10:40:51","guid":{"rendered":"https:\/\/odlicno.mojwww.si\/trgovina\/unkategorisiert\/geroestete-bio-erdnuesse-ohne-zusatz-von-oel-salz-1000-g\/"},"modified":"2024-12-02T11:40:51","modified_gmt":"2024-12-02T10:40:51","slug":"geroestete-bio-erdnuesse-ohne-zusatz-von-oel-salz-1000-g","status":"publish","type":"product","link":"https:\/\/odlicno.si\/de\/produkte\/500-g-1000-g-de\/geroestete-bio-erdnuesse-ohne-zusatz-von-oel-salz-1000-g\/","title":{"rendered":"Ger\u00f6stete Bio-Erdn\u00fcsse ohne Zusatz von \u00d6l &amp; Salz 1000 g"},"content":{"rendered":"<p>Knackige Erdn\u00fcsse aus kontrolliert biologischem Anbau, frisch ger\u00f6stet mit Hei\u00dfluft, ohne Zusatz von \u00d6l oder Salz.<\/p>\n","protected":false},"excerpt":{"rendered":"<p>Knackige Erdn\u00fcsse aus kontrolliert biologischem Anbau, frisch ger\u00f6stet mit Hei\u00dfluft, ohne Zusatz von \u00d6l oder Salz.<\/p>\n","protected":false},"featured_media":5751,"template":"","meta":{"_acf_changed":false},"product_brand":[],"product_cat":[293,273,84],"product_tag":[],"class_list":{"0":"post-9630","1":"product","2":"type-product","3":"status-publish","4":"has-post-thumbnail","6":"product_cat-500-g-1000-g-de","7":"product_cat-aufstocken-weil-es-sich-lohnt","8":"product_cat-bio","10":"first","11":"instock","12":"taxable","13":"shipping-taxable","14":"purchasable","15":"product-type-simple"},"acf":[],"mb":[],"jetpack_sharing_enabled":true,"mfb_rest_fields":["title","jetpack_sharing_enabled"],"_links":{"self":[{"href":"https:\/\/odlicno.si\/de\/wp-json\/wp\/v2\/product\/9630","targetHints":{"allow":["GET"]}}],"collection":[{"href":"https:\/\/odlicno.si\/de\/wp-json\/wp\/v2\/product"}],"about":[{"href":"https:\/\/odlicno.si\/de\/wp-json\/wp\/v2\/types\/product"}],"wp:featuredmedia":[{"embeddable":true,"href":"https:\/\/odlicno.si\/de\/wp-json\/wp\/v2\/media\/5751"}],"wp:attachment":[{"href":"https:\/\/odlicno.si\/de\/wp-json\/wp\/v2\/media?parent=9630"}],"wp:term":[{"taxonomy":"product_brand","embeddable":true,"href":"https:\/\/odlicno.si\/de\/wp-json\/wp\/v2\/product_brand?post=9630"},{"taxonomy":"product_cat","embeddable":true,"href":"https:\/\/odlicno.si\/de\/wp-json\/wp\/v2\/product_cat?post=9630"},{"taxonomy":"product_tag","embeddable":true,"href":"https:\/\/odlicno.si\/de\/wp-json\/wp\/v2\/product_tag?post=9630"}],"curies":[{"name":"wp","href":"https:\/\/api.w.org\/{rel}","templated":true}]}}