{"id":9626,"date":"2024-12-02T11:41:15","date_gmt":"2024-12-02T10:41:15","guid":{"rendered":"https:\/\/odlicno.mojwww.si\/trgovina\/unkategorisiert\/geroestete-bio-erdnuesse-ohne-zusatz-von-oel-salz-bio-excellent-150-g\/"},"modified":"2025-08-28T06:36:05","modified_gmt":"2025-08-28T05:36:05","slug":"geroestete-bio-erdnuesse-ohne-zusatz-von-oel-salz-bio-excellent-150-g","status":"publish","type":"product","link":"https:\/\/odlicno.si\/de\/produkte\/100-g-300-g-de\/geroestete-bio-erdnuesse-ohne-zusatz-von-oel-salz-bio-excellent-150-g\/","title":{"rendered":"Ger\u00f6stete Bio-Erdn\u00fcsse ohne Zusatz von \u00d6l &amp; Salz Bio Odli\u010dno 150 g"},"content":{"rendered":"<p>Erdn\u00fcsse aus kontrolliert biologischem Anbau sind hei\u00dfluftger\u00f6stet, knackig und schmecken hervorragend. Das Produkt ist v\u00f6llig frei von Zusatzstoffen. Sie eignen sich als Snack, zur Herstellung von Erdnussbutter oder f\u00fcr eine Vielzahl von Gerichten und Desserts.<\/p>\n","protected":false},"excerpt":{"rendered":"<p>Erdn\u00fcsse aus kontrolliert biologischem Anbau sind hei\u00dfluftger\u00f6stet, knackig und schmecken hervorragend. Das Produkt ist v\u00f6llig frei von Zusatzstoffen. Sie eignen sich als Snack, zur Herstellung von Erdnussbutter oder f\u00fcr eine Vielzahl von Gerichten und Desserts.<\/p>\n","protected":false},"featured_media":5817,"template":"","meta":{"_acf_changed":false},"product_brand":[],"product_cat":[285,84,258,238],"product_tag":[],"class_list":{"0":"post-9626","1":"product","2":"type-product","3":"status-publish","4":"has-post-thumbnail","6":"product_cat-100-g-300-g-de","7":"product_cat-bio","8":"product_cat-fur-ausfluge-wanderungen","9":"product_cat-sonderangebot","11":"first","12":"instock","13":"sale","14":"taxable","15":"shipping-taxable","16":"purchasable","17":"product-type-simple"},"acf":[],"mb":[],"jetpack_sharing_enabled":true,"mfb_rest_fields":["title","jetpack_sharing_enabled"],"_links":{"self":[{"href":"https:\/\/odlicno.si\/de\/wp-json\/wp\/v2\/product\/9626","targetHints":{"allow":["GET"]}}],"collection":[{"href":"https:\/\/odlicno.si\/de\/wp-json\/wp\/v2\/product"}],"about":[{"href":"https:\/\/odlicno.si\/de\/wp-json\/wp\/v2\/types\/product"}],"wp:featuredmedia":[{"embeddable":true,"href":"https:\/\/odlicno.si\/de\/wp-json\/wp\/v2\/media\/5817"}],"wp:attachment":[{"href":"https:\/\/odlicno.si\/de\/wp-json\/wp\/v2\/media?parent=9626"}],"wp:term":[{"taxonomy":"product_brand","embeddable":true,"href":"https:\/\/odlicno.si\/de\/wp-json\/wp\/v2\/product_brand?post=9626"},{"taxonomy":"product_cat","embeddable":true,"href":"https:\/\/odlicno.si\/de\/wp-json\/wp\/v2\/product_cat?post=9626"},{"taxonomy":"product_tag","embeddable":true,"href":"https:\/\/odlicno.si\/de\/wp-json\/wp\/v2\/product_tag?post=9626"}],"curies":[{"name":"wp","href":"https:\/\/api.w.org\/{rel}","templated":true}]}}