{"id":9606,"date":"2024-12-02T11:33:45","date_gmt":"2024-12-02T10:33:45","guid":{"rendered":"https:\/\/odlicno.mojwww.si\/trgovina\/unkategorisiert\/erdnuss-cashew-mischung-mit-chili-schmackhaft-142-frei-16-x-60-g\/"},"modified":"2025-08-28T06:33:48","modified_gmt":"2025-08-28T05:33:48","slug":"erdnuss-cashew-mischung-mit-chili-schmackhaft-142-frei-16-x-60-g","status":"publish","type":"product","link":"https:\/\/odlicno.si\/de\/produkte\/35-g-60-g-de\/erdnuss-cashew-mischung-mit-chili-schmackhaft-142-frei-16-x-60-g\/","title":{"rendered":"Erdnuss-Cashew-Mischung mit Chili Schmackhaft, Tasty 14+2 frei"},"content":{"rendered":"<p class=\"text-align-justify\"><span style=\"-webkit-text-stroke-width: 0px; background-color: #ffffff; color: #1b2b59; display: inline !important; float: none; font-family: Roboto, sans-serif; font-size: 19px; font-style: normal; font-variant-caps: normal; font-variant-ligatures: normal; font-weight: 300; letter-spacing: normal; orphans: 2; text-align: start; text-decoration-color: initial; text-decoration-style: initial; text-decoration-thickness: initial; text-indent: 0px; text-transform: none; white-space: normal; widows: 2; word-spacing: 0px;\">Die Mischung in unserer <\/span><strong style=\"-webkit-text-stroke-width: 0px; background-color: #ffffff; box-sizing: border-box; color: #1b2b59; font-family: Roboto, sans-serif; font-size: 19px; font-style: normal; font-variant-caps: normal; font-variant-ligatures: normal; font-weight: 500; letter-spacing: normal; orphans: 2; text-align: start; text-decoration-color: initial; text-decoration-style: initial; text-decoration-thickness: initial; text-indent: 0px; text-transform: none; white-space: normal; widows: 2; word-spacing: 0px;\">eigenen R\u00f6sterei<\/strong><span style=\"-webkit-text-stroke-width: 0px; background-color: #ffffff; color: #1b2b59; display: inline !important; float: none; font-family: Roboto, sans-serif; font-size: 19px; font-style: normal; font-variant-caps: normal; font-variant-ligatures: normal; font-weight: 300; letter-spacing: normal; orphans: 2; text-align: start; text-decoration-color: initial; text-decoration-style: initial; text-decoration-thickness: initial; text-indent: 0px; text-transform: none; white-space: normal; widows: 2; word-spacing: 0px;\"> ger\u00f6stete Erdn\u00fcsse und Cashewn\u00fcsse mit St\u00fcckchen <\/span><strong style=\"-webkit-text-stroke-width: 0px; background-color: #ffffff; box-sizing: border-box; color: #1b2b59; font-family: Roboto, sans-serif; font-size: 19px; font-style: normal; font-variant-caps: normal; font-variant-ligatures: normal; font-weight: 500; letter-spacing: normal; orphans: 2; text-align: start; text-decoration-color: initial; text-decoration-style: initial; text-decoration-thickness: initial; text-indent: 0px; text-transform: none; white-space: normal; widows: 2; word-spacing: 0px;\">echtem Chili<\/strong><span style=\"-webkit-text-stroke-width: 0px; background-color: #ffffff; color: #1b2b59; display: inline !important; float: none; font-family: Roboto, sans-serif; font-size: 19px; font-style: normal; font-variant-caps: normal; font-variant-ligatures: normal; font-weight: 300; letter-spacing: normal; orphans: 2; text-align: start; text-decoration-color: initial; text-decoration-style: initial; text-decoration-thickness: initial; text-indent: 0px; text-transform: none; white-space: normal; widows: 2; word-spacing: 0px;\"> und die Gew\u00fcrzmischung. Genie\u00dfen Sie <\/span> <strong style=\"-webkit-text-stroke-width: 0px; background-color: #ffffff; box-sizing: border-box; color: #1b2b59; font-family: Roboto, sans-serif; font-size: 19px; font-style: normal; font-variant-caps: normal; font-variant-ligatures: normal; font-weight: 500; letter-spacing: normal; orphans: 2; text-align: start; text-decoration-color: initial; text-decoration-style: initial; text-decoration-thickness: initial; text-indent: 0px; text-transform: none; white-space: normal; widows: 2; word-spacing: 0px;\"> w\u00fcrziger Snack<\/strong><span style=\"-webkit-text-stroke-width: 0px; background-color: #ffffff; color: #1b2b59; display: inline !important; float: none; font-family: Roboto, sans-serif; font-size: 19px; font-style: normal; font-variant-caps: normal; font-variant-ligatures: normal; font-weight: 300; letter-spacing: normal; orphans: 2; text-align: start; text-decoration-color: initial; text-decoration-style: initial; text-decoration-thickness: initial; text-indent: 0px; text-transform: none; white-space: normal; widows: 2; word-spacing: 0px;\">der auch f\u00fcr die Zubereitung von Gerichten nach asiatischer Art verwendet werden kann.<\/span><\/p>\n","protected":false},"excerpt":{"rendered":"<p>Die Mischung in unserer eigenen R\u00f6sterei ger\u00f6stete Erdn\u00fcsse und Cashewn\u00fcsse mit St\u00fcckchen echtem Chili und die Gew\u00fcrzmischung. Genie\u00dfen Sie w\u00fcrziger Snackder auch f\u00fcr die Zubereitung von Gerichten nach asiatischer Art verwendet werden kann.<\/p>\n","protected":false},"featured_media":2962,"template":"","meta":{"_acf_changed":false},"product_brand":[],"product_cat":[280,282,273,102],"product_tag":[],"class_list":{"0":"post-9606","1":"product","2":"type-product","3":"status-publish","4":"has-post-thumbnail","6":"product_cat-35-g-60-g-de","7":"product_cat-60-g-100-g-de","8":"product_cat-aufstocken-weil-es-sich-lohnt","9":"product_cat-premium","11":"first","12":"instock","13":"sale","14":"taxable","15":"shipping-taxable","16":"purchasable","17":"product-type-simple"},"acf":[],"mb":[],"jetpack_sharing_enabled":true,"mfb_rest_fields":["title","jetpack_sharing_enabled"],"_links":{"self":[{"href":"https:\/\/odlicno.si\/de\/wp-json\/wp\/v2\/product\/9606","targetHints":{"allow":["GET"]}}],"collection":[{"href":"https:\/\/odlicno.si\/de\/wp-json\/wp\/v2\/product"}],"about":[{"href":"https:\/\/odlicno.si\/de\/wp-json\/wp\/v2\/types\/product"}],"wp:featuredmedia":[{"embeddable":true,"href":"https:\/\/odlicno.si\/de\/wp-json\/wp\/v2\/media\/2962"}],"wp:attachment":[{"href":"https:\/\/odlicno.si\/de\/wp-json\/wp\/v2\/media?parent=9606"}],"wp:term":[{"taxonomy":"product_brand","embeddable":true,"href":"https:\/\/odlicno.si\/de\/wp-json\/wp\/v2\/product_brand?post=9606"},{"taxonomy":"product_cat","embeddable":true,"href":"https:\/\/odlicno.si\/de\/wp-json\/wp\/v2\/product_cat?post=9606"},{"taxonomy":"product_tag","embeddable":true,"href":"https:\/\/odlicno.si\/de\/wp-json\/wp\/v2\/product_tag?post=9606"}],"curies":[{"name":"wp","href":"https:\/\/api.w.org\/{rel}","templated":true}]}}