{"id":9598,"date":"2024-12-02T11:30:50","date_gmt":"2024-12-02T10:30:50","guid":{"rendered":"https:\/\/odlicno.mojwww.si\/trgovina\/unkategorisiert\/mandeln-mit-chili-limette-schmackhaft-14-2-gratis-16-x-60-g\/"},"modified":"2025-08-28T06:39:16","modified_gmt":"2025-08-28T05:39:16","slug":"mandeln-mit-chili-limette-schmackhaft-14-2-gratis-16-x-60-g","status":"publish","type":"product","link":"https:\/\/odlicno.si\/de\/produkte\/35-g-60-g-de\/mandeln-mit-chili-limette-schmackhaft-14-2-gratis-16-x-60-g\/","title":{"rendered":"Mandeln mit Chili &amp; Limette Schmackhaft, Tasty 14 + 2 gratis"},"content":{"rendered":"<p>Knusprige Mandeln, ger\u00f6stet in unserem eigenen Sonnenblumen\u00f6l-R\u00f6ster. Sie sind mit Chilist\u00fccken und nat\u00fcrlichem Limettenaroma gew\u00fcrzt. Sie zeichnen sich durch einen angenehm w\u00fcrzigen Geschmack aus, der durch eine Kombination aus Zitrusfr\u00fcchten und Rauch perfekt abgerundet wird.<\/p>\n<p>Sie werden in einer kontrollierten Atmosph\u00e4re verpackt, um ihre Knusprigkeit und ihren authentischen Geschmack zu bewahren.<\/p>\n","protected":false},"excerpt":{"rendered":"<p>Knusprige Mandeln, ger\u00f6stet in unserem eigenen Sonnenblumen\u00f6l-R\u00f6ster. Sie sind mit Chilist\u00fccken und nat\u00fcrlichem Limettenaroma gew\u00fcrzt. Sie zeichnen sich durch einen angenehm w\u00fcrzigen Geschmack aus, der durch eine Kombination aus Zitrusfr\u00fcchten und Rauch perfekt abgerundet wird. Sie werden in einer kontrollierten Atmosph\u00e4re verpackt, um ihre Knusprigkeit und ihren authentischen Geschmack zu bewahren.<\/p>\n","protected":false},"featured_media":4942,"template":"","meta":{"_acf_changed":false},"product_brand":[],"product_cat":[280,273,102,238],"product_tag":[],"class_list":{"0":"post-9598","1":"product","2":"type-product","3":"status-publish","4":"has-post-thumbnail","6":"product_cat-35-g-60-g-de","7":"product_cat-aufstocken-weil-es-sich-lohnt","8":"product_cat-premium","9":"product_cat-sonderangebot","11":"first","12":"instock","13":"sale","14":"taxable","15":"shipping-taxable","16":"purchasable","17":"product-type-simple"},"acf":[],"mb":[],"jetpack_sharing_enabled":true,"mfb_rest_fields":["title","jetpack_sharing_enabled"],"_links":{"self":[{"href":"https:\/\/odlicno.si\/de\/wp-json\/wp\/v2\/product\/9598","targetHints":{"allow":["GET"]}}],"collection":[{"href":"https:\/\/odlicno.si\/de\/wp-json\/wp\/v2\/product"}],"about":[{"href":"https:\/\/odlicno.si\/de\/wp-json\/wp\/v2\/types\/product"}],"wp:featuredmedia":[{"embeddable":true,"href":"https:\/\/odlicno.si\/de\/wp-json\/wp\/v2\/media\/4942"}],"wp:attachment":[{"href":"https:\/\/odlicno.si\/de\/wp-json\/wp\/v2\/media?parent=9598"}],"wp:term":[{"taxonomy":"product_brand","embeddable":true,"href":"https:\/\/odlicno.si\/de\/wp-json\/wp\/v2\/product_brand?post=9598"},{"taxonomy":"product_cat","embeddable":true,"href":"https:\/\/odlicno.si\/de\/wp-json\/wp\/v2\/product_cat?post=9598"},{"taxonomy":"product_tag","embeddable":true,"href":"https:\/\/odlicno.si\/de\/wp-json\/wp\/v2\/product_tag?post=9598"}],"curies":[{"name":"wp","href":"https:\/\/api.w.org\/{rel}","templated":true}]}}