{"id":9591,"date":"2024-12-02T11:34:08","date_gmt":"2024-12-02T10:34:08","guid":{"rendered":"https:\/\/odlicno.mojwww.si\/trgovina\/unkategorisiert\/cashewnuesse-mit-trueffeln-lecker-142-frei-16-x-60-g\/"},"modified":"2024-12-02T11:34:08","modified_gmt":"2024-12-02T10:34:08","slug":"cashewnuesse-mit-trueffeln-lecker-142-frei-16-x-60-g","status":"publish","type":"product","link":"https:\/\/odlicno.si\/de\/produkte\/35-g-60-g-de\/cashewnuesse-mit-trueffeln-lecker-142-frei-16-x-60-g\/","title":{"rendered":"Cashewn\u00fcsse mit Tr\u00fcffeln Lecker, 14+2 frei 16 x 60 g"},"content":{"rendered":"<p class=\"text-align-justify\" style=\"-webkit-font-smoothing: antialiased; -webkit-text-stroke-width: 0px; background-color: #ffffff; box-sizing: border-box; color: #1b2b59; font-family: Roboto, sans-serif; font-size: 19px; font-style: normal; font-variant-caps: normal; font-variant-ligatures: normal; font-weight: 300; letter-spacing: normal; margin: 0px 0px 1.25rem; orphans: 2; text-align: start; text-decoration-color: initial; text-decoration-style: initial; text-decoration-thickness: initial; text-indent: 0px; text-transform: none; white-space: normal; widows: 2; word-spacing: 0px;\">Gewinner des Preises f\u00fcr den besten Snack auf dem Wabel Summit 2017 in Paris!<\/p>\n<p class=\"text-align-justify\" style=\"-webkit-font-smoothing: antialiased; -webkit-text-stroke-width: 0px; background-color: #ffffff; box-sizing: border-box; color: #1b2b59; font-family: Roboto, sans-serif; font-size: 19px; font-style: normal; font-variant-caps: normal; font-variant-ligatures: normal; font-weight: 300; letter-spacing: normal; margin: 0px 0px 1.25rem; orphans: 2; text-align: start; text-decoration-color: initial; text-decoration-style: initial; text-decoration-thickness: initial; text-indent: 0px; text-transform: none; white-space: normal; widows: 2; word-spacing: 0px;\">Cremige Cashewn\u00fcsse, frisch ger\u00f6stet in unserer eigenen R\u00f6sterei in Sonnenblumen\u00f6l. Sie sind mit St\u00fccken echter italienischer schwarzer Tr\u00fcffel aromatisiert, was ihnen ein ganz besonderes Aroma und ein wahres Gourmet-Erlebnis verleiht.<\/p>\n<p class=\"text-align-justify\" style=\"-webkit-font-smoothing: antialiased; -webkit-text-stroke-width: 0px; background-color: #ffffff; box-sizing: border-box; color: #1b2b59; font-family: Roboto, sans-serif; font-size: 19px; font-style: normal; font-variant-caps: normal; font-variant-ligatures: normal; font-weight: 300; letter-spacing: normal; margin: 0px 0px 1.25rem; orphans: 2; text-align: start; text-decoration-color: initial; text-decoration-style: initial; text-decoration-thickness: initial; text-indent: 0px; text-transform: none; white-space: normal; widows: 2; word-spacing: 0px;\">Sie werden in einer kontrollierten Atmosph\u00e4re verpackt, um ihre Knusprigkeit und ihren authentischen Geschmack zu bewahren.<\/p>\n","protected":false},"excerpt":{"rendered":"<p>Gewinner des Preises f\u00fcr den besten Snack auf dem Wabel Summit 2017 in Paris! Cremige Cashewn\u00fcsse, frisch ger\u00f6stet in unserer eigenen R\u00f6sterei in Sonnenblumen\u00f6l. Sie sind mit St\u00fccken echter italienischer schwarzer Tr\u00fcffel aromatisiert, was ihnen ein ganz besonderes Aroma und ein wahres Gourmet-Erlebnis verleiht. Sie werden in einer kontrollierten Atmosph\u00e4re verpackt, um ihre Knusprigkeit und [&hellip;]<\/p>\n","protected":false},"featured_media":2982,"template":"","meta":{"_acf_changed":false},"product_brand":[],"product_cat":[280,282,273,102,241],"product_tag":[],"class_list":{"0":"post-9591","1":"product","2":"type-product","3":"status-publish","4":"has-post-thumbnail","6":"product_cat-35-g-60-g-de","7":"product_cat-60-g-100-g-de","8":"product_cat-aufstocken-weil-es-sich-lohnt","9":"product_cat-premium","10":"product_cat-vor-dem-ablaufdatum","12":"first","13":"instock","14":"sale","15":"taxable","16":"shipping-taxable","17":"purchasable","18":"product-type-simple"},"acf":[],"mb":[],"jetpack_sharing_enabled":true,"mfb_rest_fields":["title","jetpack_sharing_enabled"],"_links":{"self":[{"href":"https:\/\/odlicno.si\/de\/wp-json\/wp\/v2\/product\/9591","targetHints":{"allow":["GET"]}}],"collection":[{"href":"https:\/\/odlicno.si\/de\/wp-json\/wp\/v2\/product"}],"about":[{"href":"https:\/\/odlicno.si\/de\/wp-json\/wp\/v2\/types\/product"}],"wp:featuredmedia":[{"embeddable":true,"href":"https:\/\/odlicno.si\/de\/wp-json\/wp\/v2\/media\/2982"}],"wp:attachment":[{"href":"https:\/\/odlicno.si\/de\/wp-json\/wp\/v2\/media?parent=9591"}],"wp:term":[{"taxonomy":"product_brand","embeddable":true,"href":"https:\/\/odlicno.si\/de\/wp-json\/wp\/v2\/product_brand?post=9591"},{"taxonomy":"product_cat","embeddable":true,"href":"https:\/\/odlicno.si\/de\/wp-json\/wp\/v2\/product_cat?post=9591"},{"taxonomy":"product_tag","embeddable":true,"href":"https:\/\/odlicno.si\/de\/wp-json\/wp\/v2\/product_tag?post=9591"}],"curies":[{"name":"wp","href":"https:\/\/api.w.org\/{rel}","templated":true}]}}