{"id":9578,"date":"2024-12-02T11:33:45","date_gmt":"2024-12-02T10:33:45","guid":{"rendered":"https:\/\/odlicno.mojwww.si\/trgovina\/unkategorisiert\/erdnuesse-mit-chili-schmackhaft-71-g-frei-8-x-200-g\/"},"modified":"2025-08-28T06:33:25","modified_gmt":"2025-08-28T05:33:25","slug":"erdnuesse-mit-chili-schmackhaft-71-g-frei-8-x-200-g","status":"publish","type":"product","link":"https:\/\/odlicno.si\/de\/produkte\/premium\/erdnuesse-mit-chili-schmackhaft-71-g-frei-8-x-200-g\/","title":{"rendered":"Erdn\u00fcsse mit Chili Schmackhaft, Tasty 7+1 g frei"},"content":{"rendered":"<p class=\"text-align-justify\"><span style=\"-webkit-text-stroke-width: 0px; background-color: #ffffff; color: #1b2b59; display: inline !important; float: none; font-family: Roboto, sans-serif; font-size: 19px; font-style: normal; font-variant-caps: normal; font-variant-ligatures: normal; font-weight: 300; letter-spacing: normal; orphans: 2; text-align: justify; text-decoration-color: initial; text-decoration-style: initial; text-decoration-thickness: initial; text-indent: 0px; text-transform: none; white-space: normal; widows: 2; word-spacing: 0px;\">Erdn\u00fcsse, ger\u00f6stet in Sonnenblumen\u00f6l in unserer eigenen R\u00f6sterei, mit St\u00fccken von <\/span><strong style=\"-webkit-text-stroke-width: 0px; background-color: #ffffff; box-sizing: border-box; color: #1b2b59; font-family: Roboto, sans-serif; font-size: 19px; font-style: normal; font-variant-caps: normal; font-variant-ligatures: normal; font-weight: 500; letter-spacing: normal; orphans: 2; text-align: justify; text-decoration-color: initial; text-decoration-style: initial; text-decoration-thickness: initial; text-indent: 0px; text-transform: none; white-space: normal; widows: 2; word-spacing: 0px;\">echter Chili <\/strong> <span style=\"-webkit-text-stroke-width: 0px; background-color: #ffffff; color: #1b2b59; display: inline !important; float: none; font-family: Roboto, sans-serif; font-size: 19px; font-style: normal; font-variant-caps: normal; font-variant-ligatures: normal; font-weight: 300; letter-spacing: normal; orphans: 2; text-align: justify; text-decoration-color: initial; text-decoration-style: initial; text-decoration-thickness: initial; text-indent: 0px; text-transform: none; white-space: normal; widows: 2; word-spacing: 0px;\">und Gew\u00fcrzen, was ihnen einen angenehm pikanten Geschmack verleiht. Sie eignen sich als eigenst\u00e4ndiger Snack, k\u00f6nnen aber auch f\u00fcr die Zubereitung verschiedener w\u00fcrziger Hauptgerichte der asiatischen K\u00fcche verwendet werden. <\/span><\/p>\n","protected":false},"excerpt":{"rendered":"<p>Erdn\u00fcsse, ger\u00f6stet in Sonnenblumen\u00f6l in unserer eigenen R\u00f6sterei, mit St\u00fccken von echter Chili und Gew\u00fcrzen, was ihnen einen angenehm pikanten Geschmack verleiht. Sie eignen sich als eigenst\u00e4ndiger Snack, k\u00f6nnen aber auch f\u00fcr die Zubereitung verschiedener w\u00fcrziger Hauptgerichte der asiatischen K\u00fcche verwendet werden.<\/p>\n","protected":false},"featured_media":2906,"template":"","meta":{"_acf_changed":false},"product_brand":[],"product_cat":[102],"product_tag":[],"class_list":{"0":"post-9578","1":"product","2":"type-product","3":"status-publish","4":"has-post-thumbnail","6":"product_cat-premium","8":"first","9":"instock","10":"sale","11":"taxable","12":"shipping-taxable","13":"purchasable","14":"product-type-simple"},"acf":[],"mb":[],"jetpack_sharing_enabled":true,"mfb_rest_fields":["title","jetpack_sharing_enabled"],"_links":{"self":[{"href":"https:\/\/odlicno.si\/de\/wp-json\/wp\/v2\/product\/9578","targetHints":{"allow":["GET"]}}],"collection":[{"href":"https:\/\/odlicno.si\/de\/wp-json\/wp\/v2\/product"}],"about":[{"href":"https:\/\/odlicno.si\/de\/wp-json\/wp\/v2\/types\/product"}],"wp:featuredmedia":[{"embeddable":true,"href":"https:\/\/odlicno.si\/de\/wp-json\/wp\/v2\/media\/2906"}],"wp:attachment":[{"href":"https:\/\/odlicno.si\/de\/wp-json\/wp\/v2\/media?parent=9578"}],"wp:term":[{"taxonomy":"product_brand","embeddable":true,"href":"https:\/\/odlicno.si\/de\/wp-json\/wp\/v2\/product_brand?post=9578"},{"taxonomy":"product_cat","embeddable":true,"href":"https:\/\/odlicno.si\/de\/wp-json\/wp\/v2\/product_cat?post=9578"},{"taxonomy":"product_tag","embeddable":true,"href":"https:\/\/odlicno.si\/de\/wp-json\/wp\/v2\/product_tag?post=9578"}],"curies":[{"name":"wp","href":"https:\/\/api.w.org\/{rel}","templated":true}]}}