{"id":9266,"date":"2024-12-02T11:42:49","date_gmt":"2024-12-02T10:42:49","guid":{"rendered":"https:\/\/odlicno.mojwww.si\/trgovina\/unkategorisiert\/haselnuesse-mit-dunkler-schokolade\/"},"modified":"2025-01-05T00:19:14","modified_gmt":"2025-01-04T23:19:14","slug":"haselnuesse-mit-dunkler-schokolade","status":"publish","type":"product","link":"https:\/\/odlicno.si\/de\/produkte\/500-g-1000-g-de\/haselnuesse-mit-dunkler-schokolade\/","title":{"rendered":"Haseln\u00fcsse mit dunkler Schokolade 5000 g"},"content":{"rendered":"<p>Haseln\u00fcsse mit dunkler Schokolade \u00fcberzogen in einer wiederverschlie\u00dfbaren Packung. Preis pro Kilo nur 14,99 \u20ac!<\/p>\n","protected":false},"excerpt":{"rendered":"<p>Haseln\u00fcsse mit dunkler Schokolade \u00fcberzogen in einer wiederverschlie\u00dfbaren Packung. Preis pro Kilo nur 14,99 \u20ac!<\/p>\n","protected":false},"featured_media":6230,"template":"","meta":{"_acf_changed":false},"product_brand":[],"product_cat":[293,273,252,100],"product_tag":[],"class_list":{"0":"post-9266","1":"product","2":"type-product","3":"status-publish","4":"has-post-thumbnail","6":"product_cat-500-g-1000-g-de","7":"product_cat-aufstocken-weil-es-sich-lohnt","8":"product_cat-fur-schokoholics","9":"product_cat-schoko","11":"first","12":"outofstock","13":"taxable","14":"shipping-taxable","15":"purchasable","16":"product-type-simple"},"acf":[],"mb":[],"jetpack_sharing_enabled":true,"mfb_rest_fields":["title","jetpack_sharing_enabled"],"_links":{"self":[{"href":"https:\/\/odlicno.si\/de\/wp-json\/wp\/v2\/product\/9266","targetHints":{"allow":["GET"]}}],"collection":[{"href":"https:\/\/odlicno.si\/de\/wp-json\/wp\/v2\/product"}],"about":[{"href":"https:\/\/odlicno.si\/de\/wp-json\/wp\/v2\/types\/product"}],"wp:featuredmedia":[{"embeddable":true,"href":"https:\/\/odlicno.si\/de\/wp-json\/wp\/v2\/media\/6230"}],"wp:attachment":[{"href":"https:\/\/odlicno.si\/de\/wp-json\/wp\/v2\/media?parent=9266"}],"wp:term":[{"taxonomy":"product_brand","embeddable":true,"href":"https:\/\/odlicno.si\/de\/wp-json\/wp\/v2\/product_brand?post=9266"},{"taxonomy":"product_cat","embeddable":true,"href":"https:\/\/odlicno.si\/de\/wp-json\/wp\/v2\/product_cat?post=9266"},{"taxonomy":"product_tag","embeddable":true,"href":"https:\/\/odlicno.si\/de\/wp-json\/wp\/v2\/product_tag?post=9266"}],"curies":[{"name":"wp","href":"https:\/\/api.w.org\/{rel}","templated":true}]}}