{"id":9263,"date":"2024-12-02T11:43:10","date_gmt":"2024-12-02T10:43:10","guid":{"rendered":"https:\/\/odlicno.mojwww.si\/trgovina\/unkategorisiert\/cashewnuesse-mit-kaese-chili-lecker-7-1-gratis\/"},"modified":"2025-01-05T00:18:34","modified_gmt":"2025-01-04T23:18:34","slug":"cashewnuesse-mit-kaese-chili-lecker-7-1-gratis","status":"publish","type":"product","link":"https:\/\/odlicno.si\/de\/produkte\/500-g-1000-g-de\/cashewnuesse-mit-kaese-chili-lecker-7-1-gratis\/","title":{"rendered":"Cashewn\u00fcsse mit K\u00e4se &amp; Chili Lecker, 7 + 1 gratis 8 x 150 g"},"content":{"rendered":"<p class=\"text-align-justify\">Cremige Cashewn\u00fcsse, frisch ger\u00f6stet in unserer eigenen R\u00f6sterei in Sonnenblumen\u00f6l. Sie sind mit echtem K\u00e4se und Chilist\u00fccken aromatisiert, was ihnen ein angenehm w\u00fcrziges Aroma verleiht und sie zum perfekten Snack f\u00fcr echte Feinschmecker macht.<\/p>\n<p class=\"text-align-justify\">Sie werden in einer kontrollierten Atmosph\u00e4re verpackt, um ihre Knusprigkeit und ihren authentischen Geschmack zu bewahren.<\/p>\n","protected":false},"excerpt":{"rendered":"<p>Cremige Cashewn\u00fcsse, frisch ger\u00f6stet in unserer eigenen R\u00f6sterei in Sonnenblumen\u00f6l. Sie sind mit echtem K\u00e4se und Chilist\u00fccken aromatisiert, was ihnen ein angenehm w\u00fcrziges Aroma verleiht und sie zum perfekten Snack f\u00fcr echte Feinschmecker macht. Sie werden in einer kontrollierten Atmosph\u00e4re verpackt, um ihre Knusprigkeit und ihren authentischen Geschmack zu bewahren.<\/p>\n","protected":false},"featured_media":6242,"template":"","meta":{"_acf_changed":false},"product_brand":[],"product_cat":[293,102],"product_tag":[],"class_list":{"0":"post-9263","1":"product","2":"type-product","3":"status-publish","4":"has-post-thumbnail","6":"product_cat-500-g-1000-g-de","7":"product_cat-premium","9":"first","10":"outofstock","11":"sale","12":"taxable","13":"shipping-taxable","14":"purchasable","15":"product-type-simple"},"acf":[],"mb":[],"jetpack_sharing_enabled":true,"mfb_rest_fields":["title","jetpack_sharing_enabled"],"_links":{"self":[{"href":"https:\/\/odlicno.si\/de\/wp-json\/wp\/v2\/product\/9263","targetHints":{"allow":["GET"]}}],"collection":[{"href":"https:\/\/odlicno.si\/de\/wp-json\/wp\/v2\/product"}],"about":[{"href":"https:\/\/odlicno.si\/de\/wp-json\/wp\/v2\/types\/product"}],"wp:featuredmedia":[{"embeddable":true,"href":"https:\/\/odlicno.si\/de\/wp-json\/wp\/v2\/media\/6242"}],"wp:attachment":[{"href":"https:\/\/odlicno.si\/de\/wp-json\/wp\/v2\/media?parent=9263"}],"wp:term":[{"taxonomy":"product_brand","embeddable":true,"href":"https:\/\/odlicno.si\/de\/wp-json\/wp\/v2\/product_brand?post=9263"},{"taxonomy":"product_cat","embeddable":true,"href":"https:\/\/odlicno.si\/de\/wp-json\/wp\/v2\/product_cat?post=9263"},{"taxonomy":"product_tag","embeddable":true,"href":"https:\/\/odlicno.si\/de\/wp-json\/wp\/v2\/product_tag?post=9263"}],"curies":[{"name":"wp","href":"https:\/\/api.w.org\/{rel}","templated":true}]}}