{"id":9257,"date":"2024-12-02T11:43:11","date_gmt":"2024-12-02T10:43:11","guid":{"rendered":"https:\/\/odlicno.mojwww.si\/trgovina\/unkategorisiert\/mango-colada-ausgezeichnet\/"},"modified":"2025-08-28T06:40:03","modified_gmt":"2025-08-28T05:40:03","slug":"mango-colada-ausgezeichnet","status":"publish","type":"product","link":"https:\/\/odlicno.si\/de\/produkte\/mischungen-snacks\/mischungen\/mango-colada-ausgezeichnet\/","title":{"rendered":"Mango Colada Odli\u010dno 150 g"},"content":{"rendered":"<p>Eine k\u00f6stliche Mischung aus Kokosnussw\u00fcrfeln, Bananenchips, Mango, Cashewn\u00fcssen und Mandeln.<\/p>\n<blockquote><p>Tropische Fantasie!<\/p><\/blockquote>\n","protected":false},"excerpt":{"rendered":"<p>Eine k\u00f6stliche Mischung aus Kokosnussw\u00fcrfeln, Bananenchips, Mango, Cashewn\u00fcssen und Mandeln. Tropische Fantasie!<\/p>\n","protected":false},"featured_media":6266,"template":"","meta":{"_acf_changed":false},"product_brand":[],"product_cat":[285,258,110,111,109],"product_tag":[],"class_list":{"0":"post-9257","1":"product","2":"type-product","3":"status-publish","4":"has-post-thumbnail","6":"product_cat-100-g-300-g-de","7":"product_cat-fur-ausfluge-wanderungen","8":"product_cat-mischungen","9":"product_cat-mischungen-snacks","10":"product_cat-snacks","12":"first","13":"instock","14":"featured","15":"taxable","16":"shipping-taxable","17":"purchasable","18":"product-type-simple"},"acf":[],"mb":[],"jetpack_sharing_enabled":true,"mfb_rest_fields":["title","jetpack_sharing_enabled"],"_links":{"self":[{"href":"https:\/\/odlicno.si\/de\/wp-json\/wp\/v2\/product\/9257","targetHints":{"allow":["GET"]}}],"collection":[{"href":"https:\/\/odlicno.si\/de\/wp-json\/wp\/v2\/product"}],"about":[{"href":"https:\/\/odlicno.si\/de\/wp-json\/wp\/v2\/types\/product"}],"wp:featuredmedia":[{"embeddable":true,"href":"https:\/\/odlicno.si\/de\/wp-json\/wp\/v2\/media\/6266"}],"wp:attachment":[{"href":"https:\/\/odlicno.si\/de\/wp-json\/wp\/v2\/media?parent=9257"}],"wp:term":[{"taxonomy":"product_brand","embeddable":true,"href":"https:\/\/odlicno.si\/de\/wp-json\/wp\/v2\/product_brand?post=9257"},{"taxonomy":"product_cat","embeddable":true,"href":"https:\/\/odlicno.si\/de\/wp-json\/wp\/v2\/product_cat?post=9257"},{"taxonomy":"product_tag","embeddable":true,"href":"https:\/\/odlicno.si\/de\/wp-json\/wp\/v2\/product_tag?post=9257"}],"curies":[{"name":"wp","href":"https:\/\/api.w.org\/{rel}","templated":true}]}}