{"id":9255,"date":"2024-12-02T11:43:20","date_gmt":"2024-12-02T10:43:20","guid":{"rendered":"https:\/\/odlicno.mojwww.si\/trgovina\/unkategorisiert\/mais-geroestet-und-gesalzen-ausgezeichnet\/"},"modified":"2025-08-20T08:41:10","modified_gmt":"2025-08-20T07:41:10","slug":"mais-geroestet-und-gesalzen-ausgezeichnet","status":"publish","type":"product","link":"https:\/\/odlicno.si\/de\/produkte\/mischungen-snacks\/snacks\/mais-geroestet-und-gesalzen-ausgezeichnet\/","title":{"rendered":"Mais, ger\u00f6stet und gesalzen Odli\u010dno 80 g"},"content":{"rendered":"<p class=\"text-align-justify\">Ger\u00f6steter und leicht gesalzener Mais ist die ideale Wahl f\u00fcr einen <strong>knusprigen und leckeren Snack<\/strong>, um den Hunger zu Hause, unterwegs oder bei der Arbeit zu stillen. <strong>Die praktische Verpackung <\/strong>erleichtert die Aufbewahrung und Verwendung.<\/p>\n<blockquote><p>K\u00f6stliche herzhafte H\u00e4ppchen f\u00fcr jede gute Party und jedes Beisammensein!<\/p><\/blockquote>\n","protected":false},"excerpt":{"rendered":"<p>Ger\u00f6steter und leicht gesalzener Mais ist die ideale Wahl f\u00fcr einen knusprigen und leckeren Snack, um den Hunger zu Hause, unterwegs oder bei der Arbeit zu stillen. Die praktische Verpackung erleichtert die Aufbewahrung und Verwendung. K\u00f6stliche herzhafte H\u00e4ppchen f\u00fcr jede gute Party und jedes Beisammensein!<\/p>\n","protected":false},"featured_media":6275,"template":"","meta":{"_acf_changed":false},"product_brand":[],"product_cat":[282,258,264,111,109,270],"product_tag":[],"class_list":{"0":"post-9255","1":"product","2":"type-product","3":"status-publish","4":"has-post-thumbnail","6":"product_cat-60-g-100-g-de","7":"product_cat-fur-ausfluge-wanderungen","8":"product_cat-fur-ubrigens","9":"product_cat-mischungen-snacks","10":"product_cat-snacks","11":"product_cat-unterhaltung-events","13":"first","14":"instock","15":"taxable","16":"shipping-taxable","17":"purchasable","18":"product-type-simple"},"acf":[],"mb":[],"jetpack_sharing_enabled":true,"mfb_rest_fields":["title","jetpack_sharing_enabled"],"_links":{"self":[{"href":"https:\/\/odlicno.si\/de\/wp-json\/wp\/v2\/product\/9255","targetHints":{"allow":["GET"]}}],"collection":[{"href":"https:\/\/odlicno.si\/de\/wp-json\/wp\/v2\/product"}],"about":[{"href":"https:\/\/odlicno.si\/de\/wp-json\/wp\/v2\/types\/product"}],"wp:featuredmedia":[{"embeddable":true,"href":"https:\/\/odlicno.si\/de\/wp-json\/wp\/v2\/media\/6275"}],"wp:attachment":[{"href":"https:\/\/odlicno.si\/de\/wp-json\/wp\/v2\/media?parent=9255"}],"wp:term":[{"taxonomy":"product_brand","embeddable":true,"href":"https:\/\/odlicno.si\/de\/wp-json\/wp\/v2\/product_brand?post=9255"},{"taxonomy":"product_cat","embeddable":true,"href":"https:\/\/odlicno.si\/de\/wp-json\/wp\/v2\/product_cat?post=9255"},{"taxonomy":"product_tag","embeddable":true,"href":"https:\/\/odlicno.si\/de\/wp-json\/wp\/v2\/product_tag?post=9255"}],"curies":[{"name":"wp","href":"https:\/\/api.w.org\/{rel}","templated":true}]}}