{"id":8865,"date":"2024-12-02T11:42:13","date_gmt":"2024-12-02T10:42:13","guid":{"rendered":"https:\/\/odlicno.mojwww.si\/?post_type=product&#038;p=8865"},"modified":"2024-12-04T12:49:04","modified_gmt":"2024-12-04T11:49:04","slug":"odlicno-macadamianuesse-100-g","status":"publish","type":"product","link":"https:\/\/odlicno.si\/de\/produkte\/nusse-samen\/nusse\/odlicno-macadamianuesse-100-g\/","title":{"rendered":"ODLI\u010cNO Macadamian\u00fcsse, 100 g"},"content":{"rendered":"<p>Macadamian\u00fcsse sind eine gro\u00dfartige Erg\u00e4nzung zu verschiedenen s\u00fc\u00dfen und herzhaften Speisen und sind als selbst\u00e4ndiger Snack geeignet. Das Produkt ist frei von Zusatzstoffen.<\/p>\n","protected":false},"excerpt":{"rendered":"<p>Macadamian\u00fcsse sind eine gro\u00dfartige Erg\u00e4nzung zu verschiedenen s\u00fc\u00dfen und herzhaften Speisen und sind als selbst\u00e4ndiger Snack geeignet. Das Produkt ist frei von Zusatzstoffen.<\/p>\n","protected":false},"featured_media":6108,"template":"","meta":{"_acf_changed":false},"product_brand":[],"product_cat":[282,267,258,261,105,107],"product_tag":[],"class_list":{"0":"post-8865","1":"product","2":"type-product","3":"status-publish","4":"has-post-thumbnail","6":"product_cat-60-g-100-g-de","7":"product_cat-backen","8":"product_cat-fur-ausfluge-wanderungen","9":"product_cat-kochen","10":"product_cat-nusse","11":"product_cat-nusse-samen","13":"first","14":"instock","15":"taxable","16":"shipping-taxable","17":"purchasable","18":"product-type-simple"},"acf":[],"mb":[],"jetpack_sharing_enabled":true,"mfb_rest_fields":["title","jetpack_sharing_enabled"],"_links":{"self":[{"href":"https:\/\/odlicno.si\/de\/wp-json\/wp\/v2\/product\/8865","targetHints":{"allow":["GET"]}}],"collection":[{"href":"https:\/\/odlicno.si\/de\/wp-json\/wp\/v2\/product"}],"about":[{"href":"https:\/\/odlicno.si\/de\/wp-json\/wp\/v2\/types\/product"}],"wp:featuredmedia":[{"embeddable":true,"href":"https:\/\/odlicno.si\/de\/wp-json\/wp\/v2\/media\/6108"}],"wp:attachment":[{"href":"https:\/\/odlicno.si\/de\/wp-json\/wp\/v2\/media?parent=8865"}],"wp:term":[{"taxonomy":"product_brand","embeddable":true,"href":"https:\/\/odlicno.si\/de\/wp-json\/wp\/v2\/product_brand?post=8865"},{"taxonomy":"product_cat","embeddable":true,"href":"https:\/\/odlicno.si\/de\/wp-json\/wp\/v2\/product_cat?post=8865"},{"taxonomy":"product_tag","embeddable":true,"href":"https:\/\/odlicno.si\/de\/wp-json\/wp\/v2\/product_tag?post=8865"}],"curies":[{"name":"wp","href":"https:\/\/api.w.org\/{rel}","templated":true}]}}