{"id":8382,"date":"2024-12-02T11:34:09","date_gmt":"2024-12-02T10:34:09","guid":{"rendered":"https:\/\/odlicno.mojwww.si\/?post_type=product&#038;p=8382"},"modified":"2025-01-05T00:28:37","modified_gmt":"2025-01-04T23:28:37","slug":"gourmet-mix-odlicno","status":"publish","type":"product","link":"https:\/\/odlicno.si\/de\/produkte\/mischungen-snacks\/mischungen\/gourmet-mix-odlicno\/","title":{"rendered":"Gourmet Mix Odli\u010dno 125 g"},"content":{"rendered":"<p class=\"text-align-justify\">Gourmet Mix vereint Erdn\u00fcsse, Mandeln, Cashews, ger\u00f6steten Mais, Pekann\u00fcsse und Macadamian\u00fcsse. Leicht gesalzen und in Sonnenblumen\u00f6l frittiert ist es die perfekte Wahl f\u00fcr Liebhaber hochwertiger Snacks. Es ist ideal f\u00fcr entspannte Momente, Treffen oder als nahrhafter Snack zwischendurch. Dank der sorgf\u00e4ltig ausgew\u00e4hlten Zutaten hat es einen reichen Geschmack \u2013 Premiumqualit\u00e4t f\u00fcr anspruchsvolle Geschm\u00e4cker.<\/p>\n<p class=\"text-align-justify\">Das Produkt wird in Sonnenblumen\u00f6l frittiert und enth\u00e4lt keine k\u00fcnstlichen Zusatzstoffe.<\/p>\n<blockquote><p><span style=\"-webkit-text-stroke-width: 0px; background-color: #ffffff; color: #1b2b59; display: inline !important; float: none; font-family: Roboto, sans-serif; font-size: 20px; font-style: normal; font-variant-caps: normal; font-variant-ligatures: normal; font-weight: 300; letter-spacing: normal; orphans: 2; text-align: start; text-decoration-color: initial; text-decoration-style: initial; text-decoration-thickness: initial; text-indent: 0px; text-transform: none; white-space: normal; widows: 2; word-spacing: 0px;\">Leckere salzige H\u00e4ppchen f\u00fcr jede sch\u00f6ne Party und Zusammenkunft.<\/span><\/p><\/blockquote>\n","protected":false},"excerpt":{"rendered":"<p>Gourmet Mix vereint Erdn\u00fcsse, Mandeln, Cashews, ger\u00f6steten Mais, Pekann\u00fcsse und Macadamian\u00fcsse. Leicht gesalzen und in Sonnenblumen\u00f6l frittiert ist es die perfekte Wahl f\u00fcr Liebhaber hochwertiger Snacks. Es ist ideal f\u00fcr entspannte Momente, Treffen oder als nahrhafter Snack zwischendurch. Dank der sorgf\u00e4ltig ausgew\u00e4hlten Zutaten hat es einen reichen Geschmack \u2013 Premiumqualit\u00e4t f\u00fcr anspruchsvolle Geschm\u00e4cker. Das Produkt [&hellip;]<\/p>\n","protected":false},"featured_media":3734,"template":"","meta":{"_acf_changed":false},"product_brand":[],"product_cat":[285,258,110,111,109,270],"product_tag":[],"class_list":{"0":"post-8382","1":"product","2":"type-product","3":"status-publish","4":"has-post-thumbnail","6":"product_cat-100-g-300-g-de","7":"product_cat-fur-ausfluge-wanderungen","8":"product_cat-mischungen","9":"product_cat-mischungen-snacks","10":"product_cat-snacks","11":"product_cat-unterhaltung-events","13":"first","14":"instock","15":"featured","16":"taxable","17":"shipping-taxable","18":"purchasable","19":"product-type-simple"},"acf":[],"mb":[],"jetpack_sharing_enabled":true,"mfb_rest_fields":["title","jetpack_sharing_enabled"],"_links":{"self":[{"href":"https:\/\/odlicno.si\/de\/wp-json\/wp\/v2\/product\/8382","targetHints":{"allow":["GET"]}}],"collection":[{"href":"https:\/\/odlicno.si\/de\/wp-json\/wp\/v2\/product"}],"about":[{"href":"https:\/\/odlicno.si\/de\/wp-json\/wp\/v2\/types\/product"}],"wp:featuredmedia":[{"embeddable":true,"href":"https:\/\/odlicno.si\/de\/wp-json\/wp\/v2\/media\/3734"}],"wp:attachment":[{"href":"https:\/\/odlicno.si\/de\/wp-json\/wp\/v2\/media?parent=8382"}],"wp:term":[{"taxonomy":"product_brand","embeddable":true,"href":"https:\/\/odlicno.si\/de\/wp-json\/wp\/v2\/product_brand?post=8382"},{"taxonomy":"product_cat","embeddable":true,"href":"https:\/\/odlicno.si\/de\/wp-json\/wp\/v2\/product_cat?post=8382"},{"taxonomy":"product_tag","embeddable":true,"href":"https:\/\/odlicno.si\/de\/wp-json\/wp\/v2\/product_tag?post=8382"}],"curies":[{"name":"wp","href":"https:\/\/api.w.org\/{rel}","templated":true}]}}