{"id":8381,"date":"2024-12-02T11:43:11","date_gmt":"2024-12-02T10:43:11","guid":{"rendered":"https:\/\/odlicno.mojwww.si\/?post_type=product&#038;p=8381"},"modified":"2025-01-05T00:17:44","modified_gmt":"2025-01-04T23:17:44","slug":"pistazien-trocken-geroestet-und-ungesalzen-odlicno","status":"publish","type":"product","link":"https:\/\/odlicno.si\/de\/produkte\/nusse-samen\/nusse\/pistazien-trocken-geroestet-und-ungesalzen-odlicno\/","title":{"rendered":"Pistazien, trocken ger\u00f6stet und ungesalzen Odli\u010dno 80 g"},"content":{"rendered":"<p class=\"text-align-justify\">Praktische Verpackung trocken ger\u00f6steter und ungesalzener Pistazien ohne Schale. Gesch\u00e4lte Pistazien sind sofort verzehrfertig, ohne zus\u00e4tzliches Salz, wodurch ihr nat\u00fcrlicher Geschmack erhalten bleibt. Sie eignen sich ideal als gesunder Snack, als Beilage zu Gerichten oder als Zutat in verschiedenen Rezepten.<\/p>\n<blockquote><p><em>Nat\u00fcrlicher Geschmack in praktischer Verpackung.<\/em><\/p><\/blockquote>\n","protected":false},"excerpt":{"rendered":"<p>Praktische Verpackung trocken ger\u00f6steter und ungesalzener Pistazien ohne Schale. Gesch\u00e4lte Pistazien sind sofort verzehrfertig, ohne zus\u00e4tzliches Salz, wodurch ihr nat\u00fcrlicher Geschmack erhalten bleibt. Sie eignen sich ideal als gesunder Snack, als Beilage zu Gerichten oder als Zutat in verschiedenen Rezepten. Nat\u00fcrlicher Geschmack in praktischer Verpackung.<\/p>\n","protected":false},"featured_media":11078,"template":"","meta":{"_acf_changed":false},"product_brand":[],"product_cat":[282,267,258,264,261,111,105,107,109,270],"product_tag":[],"class_list":{"0":"post-8381","1":"product","2":"type-product","3":"status-publish","4":"has-post-thumbnail","6":"product_cat-60-g-100-g-de","7":"product_cat-backen","8":"product_cat-fur-ausfluge-wanderungen","9":"product_cat-fur-ubrigens","10":"product_cat-kochen","11":"product_cat-mischungen-snacks","12":"product_cat-nusse","13":"product_cat-nusse-samen","14":"product_cat-snacks","15":"product_cat-unterhaltung-events","17":"first","18":"instock","19":"featured","20":"taxable","21":"shipping-taxable","22":"purchasable","23":"product-type-simple"},"acf":[],"mb":[],"jetpack_sharing_enabled":true,"mfb_rest_fields":["title","jetpack_sharing_enabled"],"_links":{"self":[{"href":"https:\/\/odlicno.si\/de\/wp-json\/wp\/v2\/product\/8381","targetHints":{"allow":["GET"]}}],"collection":[{"href":"https:\/\/odlicno.si\/de\/wp-json\/wp\/v2\/product"}],"about":[{"href":"https:\/\/odlicno.si\/de\/wp-json\/wp\/v2\/types\/product"}],"wp:featuredmedia":[{"embeddable":true,"href":"https:\/\/odlicno.si\/de\/wp-json\/wp\/v2\/media\/11078"}],"wp:attachment":[{"href":"https:\/\/odlicno.si\/de\/wp-json\/wp\/v2\/media?parent=8381"}],"wp:term":[{"taxonomy":"product_brand","embeddable":true,"href":"https:\/\/odlicno.si\/de\/wp-json\/wp\/v2\/product_brand?post=8381"},{"taxonomy":"product_cat","embeddable":true,"href":"https:\/\/odlicno.si\/de\/wp-json\/wp\/v2\/product_cat?post=8381"},{"taxonomy":"product_tag","embeddable":true,"href":"https:\/\/odlicno.si\/de\/wp-json\/wp\/v2\/product_tag?post=8381"}],"curies":[{"name":"wp","href":"https:\/\/api.w.org\/{rel}","templated":true}]}}