{"id":8380,"date":"2024-12-02T11:43:11","date_gmt":"2024-12-02T10:43:11","guid":{"rendered":"https:\/\/odlicno.mojwww.si\/?post_type=product&#038;p=8380"},"modified":"2025-08-28T06:31:26","modified_gmt":"2025-08-28T05:31:26","slug":"fan-mix","status":"publish","type":"product","link":"https:\/\/odlicno.si\/de\/produkte\/mischungen-snacks\/mischungen\/fan-mix\/","title":{"rendered":"Fan Mix Odli\u010dno 150 g"},"content":{"rendered":"<p class=\"text-align-justify\">Fan Mix ist eine ausgezeichnete Wahl, perfekt f\u00fcr einen schnellen Snack zwischen den Mahlzeiten, unterwegs oder beim Anschauen von Sportspielen. Es ist auch ideal, um Ihre G\u00e4ste zu erfreuen und zu verw\u00f6hnen.<\/p>\n<p class=\"text-align-justify\">Unsere N\u00fcsse sind mehr als nur gew\u00f6hnliche Snacks \u2013 sie sind die Zutaten f\u00fcr unvergessliche Momente, die gew\u00f6hnliche Zusammenk\u00fcnfte in wertvolle Erinnerungen verwandeln.<\/p>\n<blockquote><p>&nbsp;<\/p>\n<p>Jubeln Sie mit uns<\/p>\n<p>&nbsp;<\/p>\n<p>&nbsp;<\/p><\/blockquote>\n","protected":false},"excerpt":{"rendered":"<p>Fan Mix ist eine ausgezeichnete Wahl, perfekt f\u00fcr einen schnellen Snack zwischen den Mahlzeiten, unterwegs oder beim Anschauen von Sportspielen. Es ist auch ideal, um Ihre G\u00e4ste zu erfreuen und zu verw\u00f6hnen. Unsere N\u00fcsse sind mehr als nur gew\u00f6hnliche Snacks \u2013 sie sind die Zutaten f\u00fcr unvergessliche Momente, die gew\u00f6hnliche Zusammenk\u00fcnfte in wertvolle Erinnerungen verwandeln. [&hellip;]<\/p>\n","protected":false},"featured_media":6262,"template":"","meta":{"_acf_changed":false},"product_brand":[],"product_cat":[285,258,110,111,109,270],"product_tag":[],"class_list":{"0":"post-8380","1":"product","2":"type-product","3":"status-publish","4":"has-post-thumbnail","6":"product_cat-100-g-300-g-de","7":"product_cat-fur-ausfluge-wanderungen","8":"product_cat-mischungen","9":"product_cat-mischungen-snacks","10":"product_cat-snacks","11":"product_cat-unterhaltung-events","13":"first","14":"instock","15":"taxable","16":"shipping-taxable","17":"purchasable","18":"product-type-simple"},"acf":[],"mb":[],"jetpack_sharing_enabled":true,"mfb_rest_fields":["title","jetpack_sharing_enabled"],"_links":{"self":[{"href":"https:\/\/odlicno.si\/de\/wp-json\/wp\/v2\/product\/8380","targetHints":{"allow":["GET"]}}],"collection":[{"href":"https:\/\/odlicno.si\/de\/wp-json\/wp\/v2\/product"}],"about":[{"href":"https:\/\/odlicno.si\/de\/wp-json\/wp\/v2\/types\/product"}],"wp:featuredmedia":[{"embeddable":true,"href":"https:\/\/odlicno.si\/de\/wp-json\/wp\/v2\/media\/6262"}],"wp:attachment":[{"href":"https:\/\/odlicno.si\/de\/wp-json\/wp\/v2\/media?parent=8380"}],"wp:term":[{"taxonomy":"product_brand","embeddable":true,"href":"https:\/\/odlicno.si\/de\/wp-json\/wp\/v2\/product_brand?post=8380"},{"taxonomy":"product_cat","embeddable":true,"href":"https:\/\/odlicno.si\/de\/wp-json\/wp\/v2\/product_cat?post=8380"},{"taxonomy":"product_tag","embeddable":true,"href":"https:\/\/odlicno.si\/de\/wp-json\/wp\/v2\/product_tag?post=8380"}],"curies":[{"name":"wp","href":"https:\/\/api.w.org\/{rel}","templated":true}]}}