{"id":8379,"date":"2024-12-02T11:43:10","date_gmt":"2024-12-02T10:43:10","guid":{"rendered":"https:\/\/odlicno.mojwww.si\/?post_type=product&#038;p=8379"},"modified":"2025-01-05T00:18:13","modified_gmt":"2025-01-04T23:18:13","slug":"mit-schokolade-ueberzogene-erdnuesse-on-the-go-odlicno","status":"publish","type":"product","link":"https:\/\/odlicno.si\/de\/produkte\/nusse-samen\/erdnusse\/mit-schokolade-ueberzogene-erdnuesse-on-the-go-odlicno\/","title":{"rendered":"Mit Schokolade \u00fcberzogene Erdn\u00fcsse On the go Odli\u010dno 35 g"},"content":{"rendered":"<p class=\"text-align-justify\">Mit Schokolade \u00fcberzogene Erdn\u00fcsse sind der perfekte s\u00fc\u00dfe Snack, der hochwertige Milchschokolade und knackige Erdn\u00fcsse vereint. Dank der praktischen Verpackung haben Sie sie immer zur Hand, egal ob auf einer kurzen Reise oder im B\u00fcro. Ein leckerer und nahrhafter Genuss f\u00fcr alle Liebhaber s\u00fc\u00dfer Snacks.<\/p>\n<blockquote>\n<p class=\"text-align-justify\">Genie\u00dfe den s\u00fc\u00dfen Moment!<\/p>\n<\/blockquote>\n<p>&nbsp;<\/p>\n","protected":false},"excerpt":{"rendered":"<p>Mit Schokolade \u00fcberzogene Erdn\u00fcsse sind der perfekte s\u00fc\u00dfe Snack, der hochwertige Milchschokolade und knackige Erdn\u00fcsse vereint. Dank der praktischen Verpackung haben Sie sie immer zur Hand, egal ob auf einer kurzen Reise oder im B\u00fcro. Ein leckerer und nahrhafter Genuss f\u00fcr alle Liebhaber s\u00fc\u00dfer Snacks. Genie\u00dfe den s\u00fc\u00dfen Moment! &nbsp;<\/p>\n","protected":false},"featured_media":6250,"template":"","meta":{"_acf_changed":false},"product_brand":[],"product_cat":[280,106,258,252,264,111,107,100,109,270,303],"product_tag":[],"class_list":{"0":"post-8379","1":"product","2":"type-product","3":"status-publish","4":"has-post-thumbnail","6":"product_cat-35-g-60-g-de","7":"product_cat-erdnusse","8":"product_cat-fur-ausfluge-wanderungen","9":"product_cat-fur-schokoholics","10":"product_cat-fur-ubrigens","11":"product_cat-mischungen-snacks","12":"product_cat-nusse-samen","13":"product_cat-schoko","14":"product_cat-snacks","15":"product_cat-unterhaltung-events","16":"product_cat-verkaufsschlager","18":"first","19":"instock","20":"taxable","21":"shipping-taxable","22":"purchasable","23":"product-type-simple"},"acf":[],"mb":[],"jetpack_sharing_enabled":true,"mfb_rest_fields":["title","jetpack_sharing_enabled"],"_links":{"self":[{"href":"https:\/\/odlicno.si\/de\/wp-json\/wp\/v2\/product\/8379","targetHints":{"allow":["GET"]}}],"collection":[{"href":"https:\/\/odlicno.si\/de\/wp-json\/wp\/v2\/product"}],"about":[{"href":"https:\/\/odlicno.si\/de\/wp-json\/wp\/v2\/types\/product"}],"wp:featuredmedia":[{"embeddable":true,"href":"https:\/\/odlicno.si\/de\/wp-json\/wp\/v2\/media\/6250"}],"wp:attachment":[{"href":"https:\/\/odlicno.si\/de\/wp-json\/wp\/v2\/media?parent=8379"}],"wp:term":[{"taxonomy":"product_brand","embeddable":true,"href":"https:\/\/odlicno.si\/de\/wp-json\/wp\/v2\/product_brand?post=8379"},{"taxonomy":"product_cat","embeddable":true,"href":"https:\/\/odlicno.si\/de\/wp-json\/wp\/v2\/product_cat?post=8379"},{"taxonomy":"product_tag","embeddable":true,"href":"https:\/\/odlicno.si\/de\/wp-json\/wp\/v2\/product_tag?post=8379"}],"curies":[{"name":"wp","href":"https:\/\/api.w.org\/{rel}","templated":true}]}}