{"id":8378,"date":"2024-12-02T11:43:10","date_gmt":"2024-12-02T10:43:10","guid":{"rendered":"https:\/\/odlicno.mojwww.si\/?post_type=product&#038;p=8378"},"modified":"2025-01-05T00:18:23","modified_gmt":"2025-01-04T23:18:23","slug":"gesalzene-mischung-on-the-go-odlicno","status":"publish","type":"product","link":"https:\/\/odlicno.si\/de\/produkte\/mischungen-snacks\/mischungen\/gesalzene-mischung-on-the-go-odlicno\/","title":{"rendered":"Gesalzene Mischung On the go Odli\u010dno 40 g"},"content":{"rendered":"<p class=\"text-align-justify\">Die herzhafte Mischung enth\u00e4lt glutenfreie Salzb\u00e4llchen, ger\u00f6stete Erdn\u00fcsse mit genau der richtigen Menge Salz und knusprigen Mais, was f\u00fcr eine perfekte Balance von Aromen und Texturen sorgt. Unabh\u00e4ngig von Ihren Ern\u00e4hrungsbed\u00fcrfnissen wird diese Mischung alle Liebhaber herzhafter Speisen mit ihrem gro\u00dfartigen Geschmack und ihrer praktischen Anwendbarkeit begeistern.<\/p>\n<blockquote><p>Genie\u00dfe das Knuspern!<\/p><\/blockquote>\n","protected":false},"excerpt":{"rendered":"<p>Die herzhafte Mischung enth\u00e4lt glutenfreie Salzb\u00e4llchen, ger\u00f6stete Erdn\u00fcsse mit genau der richtigen Menge Salz und knusprigen Mais, was f\u00fcr eine perfekte Balance von Aromen und Texturen sorgt. Unabh\u00e4ngig von Ihren Ern\u00e4hrungsbed\u00fcrfnissen wird diese Mischung alle Liebhaber herzhafter Speisen mit ihrem gro\u00dfartigen Geschmack und ihrer praktischen Anwendbarkeit begeistern. Genie\u00dfe das Knuspern!<\/p>\n","protected":false},"featured_media":6246,"template":"","meta":{"_acf_changed":false},"product_brand":[],"product_cat":[280,258,264,110,111,109,270,303],"product_tag":[],"class_list":{"0":"post-8378","1":"product","2":"type-product","3":"status-publish","4":"has-post-thumbnail","6":"product_cat-35-g-60-g-de","7":"product_cat-fur-ausfluge-wanderungen","8":"product_cat-fur-ubrigens","9":"product_cat-mischungen","10":"product_cat-mischungen-snacks","11":"product_cat-snacks","12":"product_cat-unterhaltung-events","13":"product_cat-verkaufsschlager","15":"first","16":"instock","17":"taxable","18":"shipping-taxable","19":"purchasable","20":"product-type-simple"},"acf":[],"mb":[],"jetpack_sharing_enabled":true,"mfb_rest_fields":["title","jetpack_sharing_enabled"],"_links":{"self":[{"href":"https:\/\/odlicno.si\/de\/wp-json\/wp\/v2\/product\/8378","targetHints":{"allow":["GET"]}}],"collection":[{"href":"https:\/\/odlicno.si\/de\/wp-json\/wp\/v2\/product"}],"about":[{"href":"https:\/\/odlicno.si\/de\/wp-json\/wp\/v2\/types\/product"}],"wp:featuredmedia":[{"embeddable":true,"href":"https:\/\/odlicno.si\/de\/wp-json\/wp\/v2\/media\/6246"}],"wp:attachment":[{"href":"https:\/\/odlicno.si\/de\/wp-json\/wp\/v2\/media?parent=8378"}],"wp:term":[{"taxonomy":"product_brand","embeddable":true,"href":"https:\/\/odlicno.si\/de\/wp-json\/wp\/v2\/product_brand?post=8378"},{"taxonomy":"product_cat","embeddable":true,"href":"https:\/\/odlicno.si\/de\/wp-json\/wp\/v2\/product_cat?post=8378"},{"taxonomy":"product_tag","embeddable":true,"href":"https:\/\/odlicno.si\/de\/wp-json\/wp\/v2\/product_tag?post=8378"}],"curies":[{"name":"wp","href":"https:\/\/api.w.org\/{rel}","templated":true}]}}