{"id":8373,"date":"2024-12-02T11:33:44","date_gmt":"2024-12-02T10:33:44","guid":{"rendered":"https:\/\/odlicno.mojwww.si\/?post_type=product&#038;p=8373"},"modified":"2025-01-05T00:28:57","modified_gmt":"2025-01-04T23:28:57","slug":"odlicno-erdnussbutter-300-g-4-1-gratis","status":"publish","type":"product","link":"https:\/\/odlicno.si\/de\/produkte\/300-g-500-g-de\/odlicno-erdnussbutter-300-g-4-1-gratis\/","title":{"rendered":"ODLI\u010cNO Erdnussbutter, 300 g, 4 + 1 GRATIS 5 x 300 g"},"content":{"rendered":"<p class=\"text-align-justify\">Ausgezeichnete Erdnussbutter ist <strong>cremig<\/strong>, 100% <strong>nat\u00fcrlich<\/strong> und aus den besten ger\u00f6steten Erdn\u00fcssen hergestellt. Eine Zutat f\u00fcr endloses Vergn\u00fcgen.<\/p>\n","protected":false},"excerpt":{"rendered":"<p>Ausgezeichnete Erdnussbutter ist cremig, 100% nat\u00fcrlich und aus den besten ger\u00f6steten Erdn\u00fcssen hergestellt. Eine Zutat f\u00fcr endloses Vergn\u00fcgen.<\/p>\n","protected":false},"featured_media":12414,"template":"","meta":{"_acf_changed":false},"product_brand":[],"product_cat":[290,273,108],"product_tag":[],"class_list":{"0":"post-8373","1":"product","2":"type-product","3":"status-publish","4":"has-post-thumbnail","6":"product_cat-300-g-500-g-de","7":"product_cat-aufstocken-weil-es-sich-lohnt","8":"product_cat-aufstriche","10":"first","11":"instock","12":"taxable","13":"shipping-taxable","14":"purchasable","15":"product-type-simple"},"acf":[],"mb":[],"jetpack_sharing_enabled":true,"mfb_rest_fields":["title","jetpack_sharing_enabled"],"_links":{"self":[{"href":"https:\/\/odlicno.si\/de\/wp-json\/wp\/v2\/product\/8373","targetHints":{"allow":["GET"]}}],"collection":[{"href":"https:\/\/odlicno.si\/de\/wp-json\/wp\/v2\/product"}],"about":[{"href":"https:\/\/odlicno.si\/de\/wp-json\/wp\/v2\/types\/product"}],"wp:featuredmedia":[{"embeddable":true,"href":"https:\/\/odlicno.si\/de\/wp-json\/wp\/v2\/media\/12414"}],"wp:attachment":[{"href":"https:\/\/odlicno.si\/de\/wp-json\/wp\/v2\/media?parent=8373"}],"wp:term":[{"taxonomy":"product_brand","embeddable":true,"href":"https:\/\/odlicno.si\/de\/wp-json\/wp\/v2\/product_brand?post=8373"},{"taxonomy":"product_cat","embeddable":true,"href":"https:\/\/odlicno.si\/de\/wp-json\/wp\/v2\/product_cat?post=8373"},{"taxonomy":"product_tag","embeddable":true,"href":"https:\/\/odlicno.si\/de\/wp-json\/wp\/v2\/product_tag?post=8373"}],"curies":[{"name":"wp","href":"https:\/\/api.w.org\/{rel}","templated":true}]}}