{"id":8367,"date":"2024-12-02T11:33:20","date_gmt":"2024-12-02T10:33:20","guid":{"rendered":"https:\/\/odlicno.mojwww.si\/?post_type=product&#038;p=8367"},"modified":"2024-12-03T13:28:38","modified_gmt":"2024-12-03T12:28:38","slug":"odlicno-chili-cashewkerne-200-g","status":"publish","type":"product","link":"https:\/\/odlicno.si\/de\/produkte\/mischungen-snacks\/snacks\/odlicno-chili-cashewkerne-200-g\/","title":{"rendered":"ODLI\u010cNO Chili Cashewkerne, 200 g"},"content":{"rendered":"<p>Cashewn\u00fcsse werden in unserer eigenen R\u00f6sterei ger\u00f6stet. Sie werden <strong>echten Chilli<\/strong> und Gew\u00fcrzen dazugegeben, um einen gro\u00dfartigen w\u00fcrzigen Snack zu kreieren. Sie k\u00f6nnen auch zur Zubereitung von asiatisch inspirierten Gerichten verwendet werden.<\/p>\n<p>Das Produkt wird in Schutzatmosph\u00e4re verpackt, um <strong>Knusprigkeit und echten Geschmack zu erhalten.<\/strong><\/p>\n","protected":false},"excerpt":{"rendered":"<p>Cashewn\u00fcsse werden in unserer eigenen R\u00f6sterei ger\u00f6stet. Sie werden echten Chilli und Gew\u00fcrzen dazugegeben, um einen gro\u00dfartigen w\u00fcrzigen Snack zu kreieren. Sie k\u00f6nnen auch zur Zubereitung von asiatisch inspirierten Gerichten verwendet werden. Das Produkt wird in Schutzatmosph\u00e4re verpackt, um Knusprigkeit und echten Geschmack zu erhalten.<\/p>\n","protected":false},"featured_media":3126,"template":"","meta":{"_acf_changed":false},"product_brand":[],"product_cat":[285,261,111,109,270],"product_tag":[],"class_list":{"0":"post-8367","1":"product","2":"type-product","3":"status-publish","4":"has-post-thumbnail","6":"product_cat-100-g-300-g-de","7":"product_cat-kochen","8":"product_cat-mischungen-snacks","9":"product_cat-snacks","10":"product_cat-unterhaltung-events","12":"first","13":"instock","14":"taxable","15":"shipping-taxable","16":"purchasable","17":"product-type-simple"},"acf":[],"mb":[],"jetpack_sharing_enabled":true,"mfb_rest_fields":["title","jetpack_sharing_enabled"],"_links":{"self":[{"href":"https:\/\/odlicno.si\/de\/wp-json\/wp\/v2\/product\/8367","targetHints":{"allow":["GET"]}}],"collection":[{"href":"https:\/\/odlicno.si\/de\/wp-json\/wp\/v2\/product"}],"about":[{"href":"https:\/\/odlicno.si\/de\/wp-json\/wp\/v2\/types\/product"}],"wp:featuredmedia":[{"embeddable":true,"href":"https:\/\/odlicno.si\/de\/wp-json\/wp\/v2\/media\/3126"}],"wp:attachment":[{"href":"https:\/\/odlicno.si\/de\/wp-json\/wp\/v2\/media?parent=8367"}],"wp:term":[{"taxonomy":"product_brand","embeddable":true,"href":"https:\/\/odlicno.si\/de\/wp-json\/wp\/v2\/product_brand?post=8367"},{"taxonomy":"product_cat","embeddable":true,"href":"https:\/\/odlicno.si\/de\/wp-json\/wp\/v2\/product_cat?post=8367"},{"taxonomy":"product_tag","embeddable":true,"href":"https:\/\/odlicno.si\/de\/wp-json\/wp\/v2\/product_tag?post=8367"}],"curies":[{"name":"wp","href":"https:\/\/api.w.org\/{rel}","templated":true}]}}