{"id":8365,"date":"2024-12-02T11:33:19","date_gmt":"2024-12-02T10:33:19","guid":{"rendered":"https:\/\/odlicno.mojwww.si\/?post_type=product&#038;p=8365"},"modified":"2025-01-05T00:29:51","modified_gmt":"2025-01-04T23:29:51","slug":"odlicno-schoko-cranberrys","status":"publish","type":"product","link":"https:\/\/odlicno.si\/de\/produkte\/100-g-300-g-de\/odlicno-schoko-cranberrys\/","title":{"rendered":"Odli\u010dno Schoko-Cranberrys 200 g"},"content":{"rendered":"<p style=\"margin-bottom: 11px;\"><span style=\"font-size: 14px;\"><span style=\"line-height: 107%;\"><span style=\"font-family: Calibri,sans-serif;\">Weiche, saftige Cranberries in Zartbitter- und Milchschokolade sind ein Hochgenuss f\u00fcr alle Liebhaber des s\u00fc\u00dfen Geschmacks. Schokolade aus Slowenien.<\/span><\/span><\/span><\/p>\n","protected":false},"excerpt":{"rendered":"<p>Weiche, saftige Cranberries in Zartbitter- und Milchschokolade sind ein Hochgenuss f\u00fcr alle Liebhaber des s\u00fc\u00dfen Geschmacks. Schokolade aus Slowenien.<\/p>\n","protected":false},"featured_media":15872,"template":"","meta":{"_acf_changed":false},"product_brand":[],"product_cat":[285,252,261,100,270],"product_tag":[],"class_list":{"0":"post-8365","1":"product","2":"type-product","3":"status-publish","4":"has-post-thumbnail","6":"product_cat-100-g-300-g-de","7":"product_cat-fur-schokoholics","8":"product_cat-kochen","9":"product_cat-schoko","10":"product_cat-unterhaltung-events","12":"first","13":"instock","14":"taxable","15":"shipping-taxable","16":"purchasable","17":"product-type-simple"},"acf":[],"mb":[],"jetpack_sharing_enabled":true,"mfb_rest_fields":["title","jetpack_sharing_enabled"],"_links":{"self":[{"href":"https:\/\/odlicno.si\/de\/wp-json\/wp\/v2\/product\/8365","targetHints":{"allow":["GET"]}}],"collection":[{"href":"https:\/\/odlicno.si\/de\/wp-json\/wp\/v2\/product"}],"about":[{"href":"https:\/\/odlicno.si\/de\/wp-json\/wp\/v2\/types\/product"}],"wp:featuredmedia":[{"embeddable":true,"href":"https:\/\/odlicno.si\/de\/wp-json\/wp\/v2\/media\/15872"}],"wp:attachment":[{"href":"https:\/\/odlicno.si\/de\/wp-json\/wp\/v2\/media?parent=8365"}],"wp:term":[{"taxonomy":"product_brand","embeddable":true,"href":"https:\/\/odlicno.si\/de\/wp-json\/wp\/v2\/product_brand?post=8365"},{"taxonomy":"product_cat","embeddable":true,"href":"https:\/\/odlicno.si\/de\/wp-json\/wp\/v2\/product_cat?post=8365"},{"taxonomy":"product_tag","embeddable":true,"href":"https:\/\/odlicno.si\/de\/wp-json\/wp\/v2\/product_tag?post=8365"}],"curies":[{"name":"wp","href":"https:\/\/api.w.org\/{rel}","templated":true}]}}