{"id":8362,"date":"2024-12-02T11:33:19","date_gmt":"2024-12-02T10:33:19","guid":{"rendered":"https:\/\/odlicno.mojwww.si\/?post_type=product&#038;p=8362"},"modified":"2025-01-05T00:29:44","modified_gmt":"2025-01-04T23:29:44","slug":"odlicno-schoko-trockenfruechte-und-nuesse","status":"publish","type":"product","link":"https:\/\/odlicno.si\/de\/produkte\/mischungen-snacks\/mischungen\/odlicno-schoko-trockenfruechte-und-nuesse\/","title":{"rendered":"Odli\u010dno Schoko-Trockenfr\u00fcchte und N\u00fcsse 200 g"},"content":{"rendered":"<p>Erdn\u00fcsse, Rosinen, Haseln\u00fcsse und Mandeln in dunkler und Milchschokolade. Die beste Wahl f\u00fcr einen s\u00fc\u00dfen Snack.<\/p>\n","protected":false},"excerpt":{"rendered":"<p>Erdn\u00fcsse, Rosinen, Haseln\u00fcsse und Mandeln in dunkler und Milchschokolade. Die beste Wahl f\u00fcr einen s\u00fc\u00dfen Snack.<\/p>\n","protected":false},"featured_media":15884,"template":"","meta":{"_acf_changed":false},"product_brand":[],"product_cat":[285,252,110,111,100,270],"product_tag":[],"class_list":{"0":"post-8362","1":"product","2":"type-product","3":"status-publish","4":"has-post-thumbnail","6":"product_cat-100-g-300-g-de","7":"product_cat-fur-schokoholics","8":"product_cat-mischungen","9":"product_cat-mischungen-snacks","10":"product_cat-schoko","11":"product_cat-unterhaltung-events","13":"first","14":"instock","15":"taxable","16":"shipping-taxable","17":"purchasable","18":"product-type-simple"},"acf":[],"mb":[],"jetpack_sharing_enabled":true,"mfb_rest_fields":["title","jetpack_sharing_enabled"],"_links":{"self":[{"href":"https:\/\/odlicno.si\/de\/wp-json\/wp\/v2\/product\/8362","targetHints":{"allow":["GET"]}}],"collection":[{"href":"https:\/\/odlicno.si\/de\/wp-json\/wp\/v2\/product"}],"about":[{"href":"https:\/\/odlicno.si\/de\/wp-json\/wp\/v2\/types\/product"}],"wp:featuredmedia":[{"embeddable":true,"href":"https:\/\/odlicno.si\/de\/wp-json\/wp\/v2\/media\/15884"}],"wp:attachment":[{"href":"https:\/\/odlicno.si\/de\/wp-json\/wp\/v2\/media?parent=8362"}],"wp:term":[{"taxonomy":"product_brand","embeddable":true,"href":"https:\/\/odlicno.si\/de\/wp-json\/wp\/v2\/product_brand?post=8362"},{"taxonomy":"product_cat","embeddable":true,"href":"https:\/\/odlicno.si\/de\/wp-json\/wp\/v2\/product_cat?post=8362"},{"taxonomy":"product_tag","embeddable":true,"href":"https:\/\/odlicno.si\/de\/wp-json\/wp\/v2\/product_tag?post=8362"}],"curies":[{"name":"wp","href":"https:\/\/api.w.org\/{rel}","templated":true}]}}