{"id":8361,"date":"2024-12-02T11:42:47","date_gmt":"2024-12-02T10:42:47","guid":{"rendered":"https:\/\/odlicno.mojwww.si\/?post_type=product&#038;p=8361"},"modified":"2024-12-03T13:28:34","modified_gmt":"2024-12-03T12:28:34","slug":"odlicno-studentenfutter-250-g","status":"publish","type":"product","link":"https:\/\/odlicno.si\/de\/produkte\/mischungen-snacks\/mischungen\/odlicno-studentenfutter-250-g\/","title":{"rendered":"ODLI\u010cNO Studentenfutter, 250 g"},"content":{"rendered":"<p>Ihre und unsere Lieblingsmischung aus Erdn\u00fcssen, Haseln\u00fcssen, Cashewn\u00fcssen, Mandeln und Rosinen. Eine ausgezeichnete <strong>Energiequelle<\/strong> f\u00fcr Tage voller Herausforderungen.<\/p>\n","protected":false},"excerpt":{"rendered":"<p>Ihre und unsere Lieblingsmischung aus Erdn\u00fcssen, Haseln\u00fcssen, Cashewn\u00fcssen, Mandeln und Rosinen. Eine ausgezeichnete Energiequelle f\u00fcr Tage voller Herausforderungen.<\/p>\n","protected":false},"featured_media":9515,"template":"","meta":{"_acf_changed":false},"product_brand":[],"product_cat":[285,258,110,111,109,270],"product_tag":[],"class_list":{"0":"post-8361","1":"product","2":"type-product","3":"status-publish","4":"has-post-thumbnail","6":"product_cat-100-g-300-g-de","7":"product_cat-fur-ausfluge-wanderungen","8":"product_cat-mischungen","9":"product_cat-mischungen-snacks","10":"product_cat-snacks","11":"product_cat-unterhaltung-events","13":"first","14":"instock","15":"taxable","16":"shipping-taxable","17":"purchasable","18":"product-type-simple"},"acf":[],"mb":[],"jetpack_sharing_enabled":true,"mfb_rest_fields":["title","jetpack_sharing_enabled"],"_links":{"self":[{"href":"https:\/\/odlicno.si\/de\/wp-json\/wp\/v2\/product\/8361","targetHints":{"allow":["GET"]}}],"collection":[{"href":"https:\/\/odlicno.si\/de\/wp-json\/wp\/v2\/product"}],"about":[{"href":"https:\/\/odlicno.si\/de\/wp-json\/wp\/v2\/types\/product"}],"wp:featuredmedia":[{"embeddable":true,"href":"https:\/\/odlicno.si\/de\/wp-json\/wp\/v2\/media\/9515"}],"wp:attachment":[{"href":"https:\/\/odlicno.si\/de\/wp-json\/wp\/v2\/media?parent=8361"}],"wp:term":[{"taxonomy":"product_brand","embeddable":true,"href":"https:\/\/odlicno.si\/de\/wp-json\/wp\/v2\/product_brand?post=8361"},{"taxonomy":"product_cat","embeddable":true,"href":"https:\/\/odlicno.si\/de\/wp-json\/wp\/v2\/product_cat?post=8361"},{"taxonomy":"product_tag","embeddable":true,"href":"https:\/\/odlicno.si\/de\/wp-json\/wp\/v2\/product_tag?post=8361"}],"curies":[{"name":"wp","href":"https:\/\/api.w.org\/{rel}","templated":true}]}}