{"id":8359,"date":"2024-12-02T11:42:47","date_gmt":"2024-12-02T10:42:47","guid":{"rendered":"https:\/\/odlicno.mojwww.si\/?post_type=product&#038;p=8359"},"modified":"2024-12-03T13:28:33","modified_gmt":"2024-12-03T12:28:33","slug":"ekstra-mix-odlicno-250-g","status":"publish","type":"product","link":"https:\/\/odlicno.si\/de\/produkte\/mischungen-snacks\/mischungen\/ekstra-mix-odlicno-250-g\/","title":{"rendered":"Ekstra mix Odli\u010dno, 250 g"},"content":{"rendered":"<p class=\"text-align-justify\">Diese Mischung kombiniert Erdn\u00fcsse, Preiselbeeren, Haseln\u00fcsse, Cashewn\u00fcsse, Mandeln und Rosinen, um Ihnen bei der Bew\u00e4ltigung Ihrer t\u00e4glichen Herausforderungen zu helfen. Egal, ob Sie w\u00e4hrend des Arbeitstages Energie, einen schnellen Snack f\u00fcr unterwegs oder einen leckeren Snack w\u00e4hrend des Trainings ben\u00f6tigen, die Ekstra-Mischung ist die richtige Wahl.<\/p>\n<blockquote>\n<p>Hoher Ballaststoffgehalt!<\/p>\n<\/blockquote>\n","protected":false},"excerpt":{"rendered":"<p>Diese Mischung kombiniert Erdn\u00fcsse, Preiselbeeren, Haseln\u00fcsse, Cashewn\u00fcsse, Mandeln und Rosinen, um Ihnen bei der Bew\u00e4ltigung Ihrer t\u00e4glichen Herausforderungen zu helfen. Egal, ob Sie w\u00e4hrend des Arbeitstages Energie, einen schnellen Snack f\u00fcr unterwegs oder einen leckeren Snack w\u00e4hrend des Trainings ben\u00f6tigen, die Ekstra-Mischung ist die richtige Wahl. Hoher Ballaststoffgehalt!<\/p>\n","protected":false},"featured_media":6166,"template":"","meta":{"_acf_changed":false},"product_brand":[],"product_cat":[285,258,110,111,109,270],"product_tag":[],"class_list":{"0":"post-8359","1":"product","2":"type-product","3":"status-publish","4":"has-post-thumbnail","6":"product_cat-100-g-300-g-de","7":"product_cat-fur-ausfluge-wanderungen","8":"product_cat-mischungen","9":"product_cat-mischungen-snacks","10":"product_cat-snacks","11":"product_cat-unterhaltung-events","13":"first","14":"instock","15":"featured","16":"taxable","17":"shipping-taxable","18":"purchasable","19":"product-type-simple"},"acf":[],"mb":[],"jetpack_sharing_enabled":true,"mfb_rest_fields":["title","jetpack_sharing_enabled"],"_links":{"self":[{"href":"https:\/\/odlicno.si\/de\/wp-json\/wp\/v2\/product\/8359","targetHints":{"allow":["GET"]}}],"collection":[{"href":"https:\/\/odlicno.si\/de\/wp-json\/wp\/v2\/product"}],"about":[{"href":"https:\/\/odlicno.si\/de\/wp-json\/wp\/v2\/types\/product"}],"wp:featuredmedia":[{"embeddable":true,"href":"https:\/\/odlicno.si\/de\/wp-json\/wp\/v2\/media\/6166"}],"wp:attachment":[{"href":"https:\/\/odlicno.si\/de\/wp-json\/wp\/v2\/media?parent=8359"}],"wp:term":[{"taxonomy":"product_brand","embeddable":true,"href":"https:\/\/odlicno.si\/de\/wp-json\/wp\/v2\/product_brand?post=8359"},{"taxonomy":"product_cat","embeddable":true,"href":"https:\/\/odlicno.si\/de\/wp-json\/wp\/v2\/product_cat?post=8359"},{"taxonomy":"product_tag","embeddable":true,"href":"https:\/\/odlicno.si\/de\/wp-json\/wp\/v2\/product_tag?post=8359"}],"curies":[{"name":"wp","href":"https:\/\/api.w.org\/{rel}","templated":true}]}}