{"id":8355,"date":"2024-12-02T11:32:57","date_gmt":"2024-12-02T10:32:57","guid":{"rendered":"https:\/\/odlicno.mojwww.si\/?post_type=product&#038;p=8355"},"modified":"2024-12-03T13:28:31","modified_gmt":"2024-12-03T12:28:31","slug":"odlicno-tropische-trockenfruechte-250-g","status":"publish","type":"product","link":"https:\/\/odlicno.si\/de\/produkte\/100-g-300-g-de\/odlicno-tropische-trockenfruechte-250-g\/","title":{"rendered":"ODLI\u010cNO Tropische Trockenfr\u00fcchte, 250 g"},"content":{"rendered":"<p>S\u00fc\u00dfe kleine W\u00fcrfel aus Ananas und Papaya f\u00fcr Liebhaber exotischer Aromen.<\/p>\n<p>Der reduzierte Preis gilt f\u00fcr Produkte mit Mindesthaltbarkeitsdatum 09\/21.<\/p>\n","protected":false},"excerpt":{"rendered":"<p>S\u00fc\u00dfe kleine W\u00fcrfel aus Ananas und Papaya f\u00fcr Liebhaber exotischer Aromen. Der reduzierte Preis gilt f\u00fcr Produkte mit Mindesthaltbarkeitsdatum 09\/21.<\/p>\n","protected":false},"featured_media":5106,"template":"","meta":{"_acf_changed":false},"product_brand":[],"product_cat":[285,267,258,261,101],"product_tag":[],"class_list":{"0":"post-8355","1":"product","2":"type-product","3":"status-publish","4":"has-post-thumbnail","6":"product_cat-100-g-300-g-de","7":"product_cat-backen","8":"product_cat-fur-ausfluge-wanderungen","9":"product_cat-kochen","10":"product_cat-trockenfruchte","12":"first","13":"instock","14":"taxable","15":"shipping-taxable","16":"purchasable","17":"product-type-simple"},"acf":[],"mb":[],"jetpack_sharing_enabled":true,"mfb_rest_fields":["title","jetpack_sharing_enabled"],"_links":{"self":[{"href":"https:\/\/odlicno.si\/de\/wp-json\/wp\/v2\/product\/8355","targetHints":{"allow":["GET"]}}],"collection":[{"href":"https:\/\/odlicno.si\/de\/wp-json\/wp\/v2\/product"}],"about":[{"href":"https:\/\/odlicno.si\/de\/wp-json\/wp\/v2\/types\/product"}],"wp:featuredmedia":[{"embeddable":true,"href":"https:\/\/odlicno.si\/de\/wp-json\/wp\/v2\/media\/5106"}],"wp:attachment":[{"href":"https:\/\/odlicno.si\/de\/wp-json\/wp\/v2\/media?parent=8355"}],"wp:term":[{"taxonomy":"product_brand","embeddable":true,"href":"https:\/\/odlicno.si\/de\/wp-json\/wp\/v2\/product_brand?post=8355"},{"taxonomy":"product_cat","embeddable":true,"href":"https:\/\/odlicno.si\/de\/wp-json\/wp\/v2\/product_cat?post=8355"},{"taxonomy":"product_tag","embeddable":true,"href":"https:\/\/odlicno.si\/de\/wp-json\/wp\/v2\/product_tag?post=8355"}],"curies":[{"name":"wp","href":"https:\/\/api.w.org\/{rel}","templated":true}]}}