{"id":8351,"date":"2024-12-02T11:42:35","date_gmt":"2024-12-02T10:42:35","guid":{"rendered":"https:\/\/odlicno.mojwww.si\/?post_type=product&#038;p=8351"},"modified":"2024-12-03T13:28:28","modified_gmt":"2024-12-03T12:28:28","slug":"trockene-feigen-odlicno-200-g","status":"publish","type":"product","link":"https:\/\/odlicno.si\/de\/produkte\/100-g-300-g-de\/trockene-feigen-odlicno-200-g\/","title":{"rendered":"Trockene Feigen Odli\u010dno, 200 g"},"content":{"rendered":"<p>K\u00f6stliche t\u00fcrkische Feigen in praktischer Verpackung, weich und nat\u00fcrlich s\u00fc\u00df, ohne Zusatzstoffe.<\/p>\n","protected":false},"excerpt":{"rendered":"<p>K\u00f6stliche t\u00fcrkische Feigen in praktischer Verpackung, weich und nat\u00fcrlich s\u00fc\u00df, ohne Zusatzstoffe.<\/p>\n","protected":false},"featured_media":13575,"template":"","meta":{"_acf_changed":false},"product_brand":[],"product_cat":[285,267,261,101],"product_tag":[],"class_list":{"0":"post-8351","1":"product","2":"type-product","3":"status-publish","4":"has-post-thumbnail","6":"product_cat-100-g-300-g-de","7":"product_cat-backen","8":"product_cat-kochen","9":"product_cat-trockenfruchte","11":"first","12":"instock","13":"taxable","14":"shipping-taxable","15":"purchasable","16":"product-type-simple"},"acf":[],"mb":[],"jetpack_sharing_enabled":true,"mfb_rest_fields":["title","jetpack_sharing_enabled"],"_links":{"self":[{"href":"https:\/\/odlicno.si\/de\/wp-json\/wp\/v2\/product\/8351","targetHints":{"allow":["GET"]}}],"collection":[{"href":"https:\/\/odlicno.si\/de\/wp-json\/wp\/v2\/product"}],"about":[{"href":"https:\/\/odlicno.si\/de\/wp-json\/wp\/v2\/types\/product"}],"wp:featuredmedia":[{"embeddable":true,"href":"https:\/\/odlicno.si\/de\/wp-json\/wp\/v2\/media\/13575"}],"wp:attachment":[{"href":"https:\/\/odlicno.si\/de\/wp-json\/wp\/v2\/media?parent=8351"}],"wp:term":[{"taxonomy":"product_brand","embeddable":true,"href":"https:\/\/odlicno.si\/de\/wp-json\/wp\/v2\/product_brand?post=8351"},{"taxonomy":"product_cat","embeddable":true,"href":"https:\/\/odlicno.si\/de\/wp-json\/wp\/v2\/product_cat?post=8351"},{"taxonomy":"product_tag","embeddable":true,"href":"https:\/\/odlicno.si\/de\/wp-json\/wp\/v2\/product_tag?post=8351"}],"curies":[{"name":"wp","href":"https:\/\/api.w.org\/{rel}","templated":true}]}}