{"id":8349,"date":"2024-12-02T11:42:35","date_gmt":"2024-12-02T10:42:35","guid":{"rendered":"https:\/\/odlicno.mojwww.si\/?post_type=product&#038;p=8349"},"modified":"2024-12-03T13:28:27","modified_gmt":"2024-12-03T12:28:27","slug":"odlicno-sultaninen-500-g","status":"publish","type":"product","link":"https:\/\/odlicno.si\/de\/produkte\/500-g-1000-g-de\/odlicno-sultaninen-500-g\/","title":{"rendered":"ODLI\u010cNO Sultaninen, 500 g"},"content":{"rendered":"<p>Die <strong>s\u00fc\u00dfsauren<\/strong> Rosinen sind ein Muss beim Backen der <strong>traditionellen slowenischen Potica<\/strong> und anderer Desserts, in Mischungen mit N\u00fcssen und auch herzhaften Gerichten aus dem Nahen Osten.<\/p>\n","protected":false},"excerpt":{"rendered":"<p>Die s\u00fc\u00dfsauren Rosinen sind ein Muss beim Backen der traditionellen slowenischen Potica und anderer Desserts, in Mischungen mit N\u00fcssen und auch herzhaften Gerichten aus dem Nahen Osten.<\/p>\n","protected":false},"featured_media":6136,"template":"","meta":{"_acf_changed":false},"product_brand":[],"product_cat":[293,267,261,101],"product_tag":[],"class_list":{"0":"post-8349","1":"product","2":"type-product","3":"status-publish","4":"has-post-thumbnail","6":"product_cat-500-g-1000-g-de","7":"product_cat-backen","8":"product_cat-kochen","9":"product_cat-trockenfruchte","11":"first","12":"instock","13":"taxable","14":"shipping-taxable","15":"purchasable","16":"product-type-simple"},"acf":[],"mb":[],"jetpack_sharing_enabled":true,"mfb_rest_fields":["title","jetpack_sharing_enabled"],"_links":{"self":[{"href":"https:\/\/odlicno.si\/de\/wp-json\/wp\/v2\/product\/8349","targetHints":{"allow":["GET"]}}],"collection":[{"href":"https:\/\/odlicno.si\/de\/wp-json\/wp\/v2\/product"}],"about":[{"href":"https:\/\/odlicno.si\/de\/wp-json\/wp\/v2\/types\/product"}],"wp:featuredmedia":[{"embeddable":true,"href":"https:\/\/odlicno.si\/de\/wp-json\/wp\/v2\/media\/6136"}],"wp:attachment":[{"href":"https:\/\/odlicno.si\/de\/wp-json\/wp\/v2\/media?parent=8349"}],"wp:term":[{"taxonomy":"product_brand","embeddable":true,"href":"https:\/\/odlicno.si\/de\/wp-json\/wp\/v2\/product_brand?post=8349"},{"taxonomy":"product_cat","embeddable":true,"href":"https:\/\/odlicno.si\/de\/wp-json\/wp\/v2\/product_cat?post=8349"},{"taxonomy":"product_tag","embeddable":true,"href":"https:\/\/odlicno.si\/de\/wp-json\/wp\/v2\/product_tag?post=8349"}],"curies":[{"name":"wp","href":"https:\/\/api.w.org\/{rel}","templated":true}]}}