{"id":8346,"date":"2024-12-02T11:32:56","date_gmt":"2024-12-02T10:32:56","guid":{"rendered":"https:\/\/odlicno.mojwww.si\/?post_type=product&#038;p=8346"},"modified":"2024-12-03T13:28:25","modified_gmt":"2024-12-03T12:28:25","slug":"odlicno-rosinen-thompson-300-g","status":"publish","type":"product","link":"https:\/\/odlicno.si\/de\/produkte\/100-g-300-g-de\/odlicno-rosinen-thompson-300-g\/","title":{"rendered":"ODLI\u010cNO Rosinen Thompson, 300 g"},"content":{"rendered":"<p><strong>Nat\u00fcrlich s\u00fc\u00dfe <\/strong>Thompson Rosinen sind in jeder Speisekammer unentbehrlich. Sie k\u00f6nnen zum Backen von Desserts oder als Snack verwendet werden.<\/p>\n","protected":false},"excerpt":{"rendered":"<p>Nat\u00fcrlich s\u00fc\u00dfe Thompson Rosinen sind in jeder Speisekammer unentbehrlich. Sie k\u00f6nnen zum Backen von Desserts oder als Snack verwendet werden.<\/p>\n","protected":false},"featured_media":4590,"template":"","meta":{"_acf_changed":false},"product_brand":[],"product_cat":[285,267,261,101],"product_tag":[],"class_list":{"0":"post-8346","1":"product","2":"type-product","3":"status-publish","4":"has-post-thumbnail","6":"product_cat-100-g-300-g-de","7":"product_cat-backen","8":"product_cat-kochen","9":"product_cat-trockenfruchte","11":"first","12":"instock","13":"taxable","14":"shipping-taxable","15":"purchasable","16":"product-type-simple"},"acf":[],"mb":[],"jetpack_sharing_enabled":true,"mfb_rest_fields":["title","jetpack_sharing_enabled"],"_links":{"self":[{"href":"https:\/\/odlicno.si\/de\/wp-json\/wp\/v2\/product\/8346","targetHints":{"allow":["GET"]}}],"collection":[{"href":"https:\/\/odlicno.si\/de\/wp-json\/wp\/v2\/product"}],"about":[{"href":"https:\/\/odlicno.si\/de\/wp-json\/wp\/v2\/types\/product"}],"wp:featuredmedia":[{"embeddable":true,"href":"https:\/\/odlicno.si\/de\/wp-json\/wp\/v2\/media\/4590"}],"wp:attachment":[{"href":"https:\/\/odlicno.si\/de\/wp-json\/wp\/v2\/media?parent=8346"}],"wp:term":[{"taxonomy":"product_brand","embeddable":true,"href":"https:\/\/odlicno.si\/de\/wp-json\/wp\/v2\/product_brand?post=8346"},{"taxonomy":"product_cat","embeddable":true,"href":"https:\/\/odlicno.si\/de\/wp-json\/wp\/v2\/product_cat?post=8346"},{"taxonomy":"product_tag","embeddable":true,"href":"https:\/\/odlicno.si\/de\/wp-json\/wp\/v2\/product_tag?post=8346"}],"curies":[{"name":"wp","href":"https:\/\/api.w.org\/{rel}","templated":true}]}}