{"id":8345,"date":"2024-12-02T11:42:35","date_gmt":"2024-12-02T10:42:35","guid":{"rendered":"https:\/\/odlicno.mojwww.si\/?post_type=product&#038;p=8345"},"modified":"2024-12-03T13:28:24","modified_gmt":"2024-12-03T12:28:24","slug":"odlicno-rosinen-cranberry-mischung-250-g","status":"publish","type":"product","link":"https:\/\/odlicno.si\/de\/produkte\/100-g-300-g-de\/odlicno-rosinen-cranberry-mischung-250-g\/","title":{"rendered":"ODLI\u010cNO Rosinen-Cranberry-Mischung, 250 g"},"content":{"rendered":"<p>Eine <strong>bunte Mischung<\/strong> aus <strong>drei verschiedenen Sorten<\/strong> Rosinen und Cranberrys ist f\u00fcr den t\u00e4glichen Gebrauch in Desserts, Fr\u00fchst\u00fccks-M\u00fcslis oder Mischungen mit N\u00fcssen geeignet.<\/p>\n","protected":false},"excerpt":{"rendered":"<p>Eine bunte Mischung aus drei verschiedenen Sorten Rosinen und Cranberrys ist f\u00fcr den t\u00e4glichen Gebrauch in Desserts, Fr\u00fchst\u00fccks-M\u00fcslis oder Mischungen mit N\u00fcssen geeignet.<\/p>\n","protected":false},"featured_media":6124,"template":"","meta":{"_acf_changed":false},"product_brand":[],"product_cat":[285,267,261,101],"product_tag":[],"class_list":{"0":"post-8345","1":"product","2":"type-product","3":"status-publish","4":"has-post-thumbnail","6":"product_cat-100-g-300-g-de","7":"product_cat-backen","8":"product_cat-kochen","9":"product_cat-trockenfruchte","11":"first","12":"instock","13":"taxable","14":"shipping-taxable","15":"purchasable","16":"product-type-simple"},"acf":[],"mb":[],"jetpack_sharing_enabled":true,"mfb_rest_fields":["title","jetpack_sharing_enabled"],"_links":{"self":[{"href":"https:\/\/odlicno.si\/de\/wp-json\/wp\/v2\/product\/8345","targetHints":{"allow":["GET"]}}],"collection":[{"href":"https:\/\/odlicno.si\/de\/wp-json\/wp\/v2\/product"}],"about":[{"href":"https:\/\/odlicno.si\/de\/wp-json\/wp\/v2\/types\/product"}],"wp:featuredmedia":[{"embeddable":true,"href":"https:\/\/odlicno.si\/de\/wp-json\/wp\/v2\/media\/6124"}],"wp:attachment":[{"href":"https:\/\/odlicno.si\/de\/wp-json\/wp\/v2\/media?parent=8345"}],"wp:term":[{"taxonomy":"product_brand","embeddable":true,"href":"https:\/\/odlicno.si\/de\/wp-json\/wp\/v2\/product_brand?post=8345"},{"taxonomy":"product_cat","embeddable":true,"href":"https:\/\/odlicno.si\/de\/wp-json\/wp\/v2\/product_cat?post=8345"},{"taxonomy":"product_tag","embeddable":true,"href":"https:\/\/odlicno.si\/de\/wp-json\/wp\/v2\/product_tag?post=8345"}],"curies":[{"name":"wp","href":"https:\/\/api.w.org\/{rel}","templated":true}]}}