{"id":8344,"date":"2024-12-02T11:32:56","date_gmt":"2024-12-02T10:32:56","guid":{"rendered":"https:\/\/odlicno.mojwww.si\/?post_type=product&#038;p=8344"},"modified":"2026-02-02T12:04:43","modified_gmt":"2026-02-02T11:04:43","slug":"odlicno-pflaumen-entsteint-500-g","status":"publish","type":"product","link":"https:\/\/odlicno.si\/de\/produkte\/300-g-500-g-de\/odlicno-pflaumen-entsteint-500-g\/","title":{"rendered":"Entsteinte Pflaumen Ausgezeichnet 500 g"},"content":{"rendered":"<p>Die saftigen, weichen und <strong>nat\u00fcrlich s\u00fc\u00dfen<\/strong> Pflaumen sind uns allen gut bekannt und eine gute Wahl f\u00fcr unsere t\u00e4gliche Ern\u00e4hrung. Sie k\u00f6nnen direkt verzehrt oder vor der Verwendung eingeweicht werden.<\/p>\n<p>Sie passen gut zu einer Vielzahl von Fr\u00fchst\u00fccksflocken, k\u00f6nnen zum Backen verwendet oder mit Frischk\u00e4se gef\u00fcllt werden. Die M\u00f6glichkeiten sind endlos!<\/p>\n<blockquote><p>Reich an Ballaststoffen!<\/p><\/blockquote>\n","protected":false},"excerpt":{"rendered":"<p>Die saftigen, weichen und nat\u00fcrlich s\u00fc\u00dfen Pflaumen sind uns allen gut bekannt und eine gute Wahl f\u00fcr unsere t\u00e4gliche Ern\u00e4hrung. Sie k\u00f6nnen direkt verzehrt oder vor der Verwendung eingeweicht werden. Sie passen gut zu einer Vielzahl von Fr\u00fchst\u00fccksflocken, k\u00f6nnen zum Backen verwendet oder mit Frischk\u00e4se gef\u00fcllt werden. Die M\u00f6glichkeiten sind endlos! Reich an Ballaststoffen!<\/p>\n","protected":false},"featured_media":4818,"template":"","meta":{"_acf_changed":false},"product_brand":[],"product_cat":[290,267,261,101],"product_tag":[],"class_list":{"0":"post-8344","1":"product","2":"type-product","3":"status-publish","4":"has-post-thumbnail","6":"product_cat-300-g-500-g-de","7":"product_cat-backen","8":"product_cat-kochen","9":"product_cat-trockenfruchte","11":"first","12":"instock","13":"taxable","14":"shipping-taxable","15":"purchasable","16":"product-type-simple"},"acf":[],"mb":[],"jetpack_sharing_enabled":true,"mfb_rest_fields":["title","jetpack_sharing_enabled"],"_links":{"self":[{"href":"https:\/\/odlicno.si\/de\/wp-json\/wp\/v2\/product\/8344","targetHints":{"allow":["GET"]}}],"collection":[{"href":"https:\/\/odlicno.si\/de\/wp-json\/wp\/v2\/product"}],"about":[{"href":"https:\/\/odlicno.si\/de\/wp-json\/wp\/v2\/types\/product"}],"wp:featuredmedia":[{"embeddable":true,"href":"https:\/\/odlicno.si\/de\/wp-json\/wp\/v2\/media\/4818"}],"wp:attachment":[{"href":"https:\/\/odlicno.si\/de\/wp-json\/wp\/v2\/media?parent=8344"}],"wp:term":[{"taxonomy":"product_brand","embeddable":true,"href":"https:\/\/odlicno.si\/de\/wp-json\/wp\/v2\/product_brand?post=8344"},{"taxonomy":"product_cat","embeddable":true,"href":"https:\/\/odlicno.si\/de\/wp-json\/wp\/v2\/product_cat?post=8344"},{"taxonomy":"product_tag","embeddable":true,"href":"https:\/\/odlicno.si\/de\/wp-json\/wp\/v2\/product_tag?post=8344"}],"curies":[{"name":"wp","href":"https:\/\/api.w.org\/{rel}","templated":true}]}}