{"id":8343,"date":"2024-12-02T11:32:56","date_gmt":"2024-12-02T10:32:56","guid":{"rendered":"https:\/\/odlicno.mojwww.si\/?post_type=product&#038;p=8343"},"modified":"2026-02-02T12:09:41","modified_gmt":"2026-02-02T11:09:41","slug":"odlicno-pflaumen-entsteint-250-g","status":"publish","type":"product","link":"https:\/\/odlicno.si\/de\/produkte\/100-g-300-g-de\/odlicno-pflaumen-entsteint-250-g\/","title":{"rendered":"Entsteinte Pflaumen Ausgezeichnet 250 g"},"content":{"rendered":"<p>Die saftigen, weichen und <strong>nat\u00fcrlich s\u00fc\u00dfen<\/strong> Pflaumen sind uns allen gut bekannt und eine gute Wahl f\u00fcr unsere t\u00e4gliche Ern\u00e4hrung. Sie k\u00f6nnen direkt verzehrt oder vor der Verwendung eingeweicht werden.<\/p>\n<p>Sie passen gut zu einer Vielzahl von Fr\u00fchst\u00fccksflocken, k\u00f6nnen zum Backen verwendet oder mit Frischk\u00e4se gef\u00fcllt werden. Die M\u00f6glichkeiten sind endlos!<\/p>\n<p><strong>Lassen Sie sich von Rezepten inspirieren:<\/strong><\/p>\n<ul>\n<li><a href=\"https:\/\/odlicno.si\/blog\/domac-lesnikov-namaz-s-slivami\/\">Hausgemachter Haselnussaufstrich mit Pflaumen<\/a><\/li>\n<\/ul>\n","protected":false},"excerpt":{"rendered":"<p>Die saftigen, weichen und nat\u00fcrlich s\u00fc\u00dfen Pflaumen sind uns allen gut bekannt und eine gute Wahl f\u00fcr unsere t\u00e4gliche Ern\u00e4hrung. Sie k\u00f6nnen direkt verzehrt oder vor der Verwendung eingeweicht werden. Sie passen gut zu einer Vielzahl von Fr\u00fchst\u00fccksflocken, k\u00f6nnen zum Backen verwendet oder mit Frischk\u00e4se gef\u00fcllt werden. Die M\u00f6glichkeiten sind endlos! Lassen Sie sich von [&hellip;]<\/p>\n","protected":false},"featured_media":9528,"template":"","meta":{"_acf_changed":false},"product_brand":[],"product_cat":[285,267,258,261,101,270,303],"product_tag":[],"class_list":{"0":"post-8343","1":"product","2":"type-product","3":"status-publish","4":"has-post-thumbnail","6":"product_cat-100-g-300-g-de","7":"product_cat-backen","8":"product_cat-fur-ausfluge-wanderungen","9":"product_cat-kochen","10":"product_cat-trockenfruchte","11":"product_cat-unterhaltung-events","12":"product_cat-verkaufsschlager","14":"first","15":"instock","16":"taxable","17":"shipping-taxable","18":"purchasable","19":"product-type-simple"},"acf":[],"mb":[],"jetpack_sharing_enabled":true,"mfb_rest_fields":["title","jetpack_sharing_enabled"],"_links":{"self":[{"href":"https:\/\/odlicno.si\/de\/wp-json\/wp\/v2\/product\/8343","targetHints":{"allow":["GET"]}}],"collection":[{"href":"https:\/\/odlicno.si\/de\/wp-json\/wp\/v2\/product"}],"about":[{"href":"https:\/\/odlicno.si\/de\/wp-json\/wp\/v2\/types\/product"}],"wp:featuredmedia":[{"embeddable":true,"href":"https:\/\/odlicno.si\/de\/wp-json\/wp\/v2\/media\/9528"}],"wp:attachment":[{"href":"https:\/\/odlicno.si\/de\/wp-json\/wp\/v2\/media?parent=8343"}],"wp:term":[{"taxonomy":"product_brand","embeddable":true,"href":"https:\/\/odlicno.si\/de\/wp-json\/wp\/v2\/product_brand?post=8343"},{"taxonomy":"product_cat","embeddable":true,"href":"https:\/\/odlicno.si\/de\/wp-json\/wp\/v2\/product_cat?post=8343"},{"taxonomy":"product_tag","embeddable":true,"href":"https:\/\/odlicno.si\/de\/wp-json\/wp\/v2\/product_tag?post=8343"}],"curies":[{"name":"wp","href":"https:\/\/api.w.org\/{rel}","templated":true}]}}