{"id":8340,"date":"2024-12-02T11:42:34","date_gmt":"2024-12-02T10:42:34","guid":{"rendered":"https:\/\/odlicno.mojwww.si\/?post_type=product&#038;p=8340"},"modified":"2024-12-03T13:28:21","modified_gmt":"2024-12-03T12:28:21","slug":"erdnuesse-geroestet-gesalzen-odlicno-500-g","status":"publish","type":"product","link":"https:\/\/odlicno.si\/de\/produkte\/nusse-samen\/erdnusse\/erdnuesse-geroestet-gesalzen-odlicno-500-g\/","title":{"rendered":"Erdn\u00fcsse ger\u00f6stet &amp; gesalzen Odli\u010dno, 500 g"},"content":{"rendered":"<p class=\"text-align-justify\">Ger\u00f6stete und gesalzene Erdn\u00fcsse sind ein toller, knuspriger Snack f\u00fcr jeden Anlass. Erdn\u00fcsse werden in Sonnenblumen\u00f6l ger\u00f6stet und gesalzen, was ihnen einen reichen Geschmack und eine angenehme Textur verleiht. Sie eignen sich zum Genie\u00dfen bei verschiedenen Anl\u00e4ssen, wie z. B. bei Zusammenk\u00fcnften, als Snack f\u00fcr unterwegs oder einfach als Knabberzeug zwischendurch.<\/p>\n<blockquote>\n<p class=\"text-align-justify\">F\u00fcr jede gute Party und Zusammenkunft!<\/p>\n<\/blockquote>\n","protected":false},"excerpt":{"rendered":"<p>Ger\u00f6stete und gesalzene Erdn\u00fcsse sind ein toller, knuspriger Snack f\u00fcr jeden Anlass. Erdn\u00fcsse werden in Sonnenblumen\u00f6l ger\u00f6stet und gesalzen, was ihnen einen reichen Geschmack und eine angenehme Textur verleiht. Sie eignen sich zum Genie\u00dfen bei verschiedenen Anl\u00e4ssen, wie z. B. bei Zusammenk\u00fcnften, als Snack f\u00fcr unterwegs oder einfach als Knabberzeug zwischendurch. F\u00fcr jede gute Party [&hellip;]<\/p>\n","protected":false},"featured_media":6116,"template":"","meta":{"_acf_changed":false},"product_brand":[],"product_cat":[293,106,258,261,111,107,109,270],"product_tag":[],"class_list":{"0":"post-8340","1":"product","2":"type-product","3":"status-publish","4":"has-post-thumbnail","6":"product_cat-500-g-1000-g-de","7":"product_cat-erdnusse","8":"product_cat-fur-ausfluge-wanderungen","9":"product_cat-kochen","10":"product_cat-mischungen-snacks","11":"product_cat-nusse-samen","12":"product_cat-snacks","13":"product_cat-unterhaltung-events","15":"first","16":"instock","17":"taxable","18":"shipping-taxable","19":"purchasable","20":"product-type-simple"},"acf":[],"mb":[],"jetpack_sharing_enabled":true,"mfb_rest_fields":["title","jetpack_sharing_enabled"],"_links":{"self":[{"href":"https:\/\/odlicno.si\/de\/wp-json\/wp\/v2\/product\/8340","targetHints":{"allow":["GET"]}}],"collection":[{"href":"https:\/\/odlicno.si\/de\/wp-json\/wp\/v2\/product"}],"about":[{"href":"https:\/\/odlicno.si\/de\/wp-json\/wp\/v2\/types\/product"}],"wp:featuredmedia":[{"embeddable":true,"href":"https:\/\/odlicno.si\/de\/wp-json\/wp\/v2\/media\/6116"}],"wp:attachment":[{"href":"https:\/\/odlicno.si\/de\/wp-json\/wp\/v2\/media?parent=8340"}],"wp:term":[{"taxonomy":"product_brand","embeddable":true,"href":"https:\/\/odlicno.si\/de\/wp-json\/wp\/v2\/product_brand?post=8340"},{"taxonomy":"product_cat","embeddable":true,"href":"https:\/\/odlicno.si\/de\/wp-json\/wp\/v2\/product_cat?post=8340"},{"taxonomy":"product_tag","embeddable":true,"href":"https:\/\/odlicno.si\/de\/wp-json\/wp\/v2\/product_tag?post=8340"}],"curies":[{"name":"wp","href":"https:\/\/api.w.org\/{rel}","templated":true}]}}