{"id":8339,"date":"2024-12-02T11:42:34","date_gmt":"2024-12-02T10:42:34","guid":{"rendered":"https:\/\/odlicno.mojwww.si\/?post_type=product&#038;p=8339"},"modified":"2024-12-03T13:28:20","modified_gmt":"2024-12-03T12:28:20","slug":"odlicno-erdnuesse-geroestet-gesalzen-1000-g","status":"publish","type":"product","link":"https:\/\/odlicno.si\/de\/produkte\/nusse-samen\/erdnusse\/odlicno-erdnuesse-geroestet-gesalzen-1000-g\/","title":{"rendered":"ODLI\u010cNO Erdn\u00fcsse ger\u00f6stet &amp; gesalzen, 1000 g"},"content":{"rendered":"<p>Erdn\u00fcsse werden in unserer eigenen R\u00f6sterei in nachhaltig angebautem Sonnenblumen\u00f6l, ger\u00f6stet und gesalzen. Sie sind ein gro\u00dfer knuspriger Snack f\u00fcr alle Gelegenheiten.<\/p>\n","protected":false},"excerpt":{"rendered":"<p>Erdn\u00fcsse werden in unserer eigenen R\u00f6sterei in nachhaltig angebautem Sonnenblumen\u00f6l, ger\u00f6stet und gesalzen. Sie sind ein gro\u00dfer knuspriger Snack f\u00fcr alle Gelegenheiten.<\/p>\n","protected":false},"featured_media":9959,"template":"","meta":{"_acf_changed":false},"product_brand":[],"product_cat":[293,273,267,106,261,111,107,109,270],"product_tag":[],"class_list":{"0":"post-8339","1":"product","2":"type-product","3":"status-publish","4":"has-post-thumbnail","6":"product_cat-500-g-1000-g-de","7":"product_cat-aufstocken-weil-es-sich-lohnt","8":"product_cat-backen","9":"product_cat-erdnusse","10":"product_cat-kochen","11":"product_cat-mischungen-snacks","12":"product_cat-nusse-samen","13":"product_cat-snacks","14":"product_cat-unterhaltung-events","16":"first","17":"instock","18":"taxable","19":"shipping-taxable","20":"purchasable","21":"product-type-simple"},"acf":[],"mb":[],"jetpack_sharing_enabled":true,"mfb_rest_fields":["title","jetpack_sharing_enabled"],"_links":{"self":[{"href":"https:\/\/odlicno.si\/de\/wp-json\/wp\/v2\/product\/8339","targetHints":{"allow":["GET"]}}],"collection":[{"href":"https:\/\/odlicno.si\/de\/wp-json\/wp\/v2\/product"}],"about":[{"href":"https:\/\/odlicno.si\/de\/wp-json\/wp\/v2\/types\/product"}],"wp:featuredmedia":[{"embeddable":true,"href":"https:\/\/odlicno.si\/de\/wp-json\/wp\/v2\/media\/9959"}],"wp:attachment":[{"href":"https:\/\/odlicno.si\/de\/wp-json\/wp\/v2\/media?parent=8339"}],"wp:term":[{"taxonomy":"product_brand","embeddable":true,"href":"https:\/\/odlicno.si\/de\/wp-json\/wp\/v2\/product_brand?post=8339"},{"taxonomy":"product_cat","embeddable":true,"href":"https:\/\/odlicno.si\/de\/wp-json\/wp\/v2\/product_cat?post=8339"},{"taxonomy":"product_tag","embeddable":true,"href":"https:\/\/odlicno.si\/de\/wp-json\/wp\/v2\/product_tag?post=8339"}],"curies":[{"name":"wp","href":"https:\/\/api.w.org\/{rel}","templated":true}]}}