{"id":8338,"date":"2024-12-02T11:32:55","date_gmt":"2024-12-02T10:32:55","guid":{"rendered":"https:\/\/odlicno.mojwww.si\/?post_type=product&#038;p=8338"},"modified":"2025-01-21T16:32:09","modified_gmt":"2025-01-21T15:32:09","slug":"odlicno-mandeln-150-g","status":"publish","type":"product","link":"https:\/\/odlicno.si\/de\/produkte\/nusse-samen\/nusse\/odlicno-mandeln-150-g\/","title":{"rendered":"ODLI\u010cNO Mandeln, 150 g"},"content":{"rendered":"<p>Nat\u00fcrlich knusprige kalifornische Mandeln sind mild im Geschmack und werden sehr h\u00e4ufig in der t\u00e4glichen Ern\u00e4hrung verwendet.<\/p>\n","protected":false},"excerpt":{"rendered":"<p>Nat\u00fcrlich knusprige kalifornische Mandeln sind mild im Geschmack und werden sehr h\u00e4ufig in der t\u00e4glichen Ern\u00e4hrung verwendet.<\/p>\n","protected":false},"featured_media":9762,"template":"","meta":{"_acf_changed":false},"product_brand":[],"product_cat":[285,267,258,261,105,107],"product_tag":[],"class_list":{"0":"post-8338","1":"product","2":"type-product","3":"status-publish","4":"has-post-thumbnail","6":"product_cat-100-g-300-g-de","7":"product_cat-backen","8":"product_cat-fur-ausfluge-wanderungen","9":"product_cat-kochen","10":"product_cat-nusse","11":"product_cat-nusse-samen","13":"first","14":"instock","15":"taxable","16":"shipping-taxable","17":"purchasable","18":"product-type-simple"},"acf":[],"mb":[],"jetpack_sharing_enabled":true,"mfb_rest_fields":["title","jetpack_sharing_enabled"],"_links":{"self":[{"href":"https:\/\/odlicno.si\/de\/wp-json\/wp\/v2\/product\/8338","targetHints":{"allow":["GET"]}}],"collection":[{"href":"https:\/\/odlicno.si\/de\/wp-json\/wp\/v2\/product"}],"about":[{"href":"https:\/\/odlicno.si\/de\/wp-json\/wp\/v2\/types\/product"}],"wp:featuredmedia":[{"embeddable":true,"href":"https:\/\/odlicno.si\/de\/wp-json\/wp\/v2\/media\/9762"}],"wp:attachment":[{"href":"https:\/\/odlicno.si\/de\/wp-json\/wp\/v2\/media?parent=8338"}],"wp:term":[{"taxonomy":"product_brand","embeddable":true,"href":"https:\/\/odlicno.si\/de\/wp-json\/wp\/v2\/product_brand?post=8338"},{"taxonomy":"product_cat","embeddable":true,"href":"https:\/\/odlicno.si\/de\/wp-json\/wp\/v2\/product_cat?post=8338"},{"taxonomy":"product_tag","embeddable":true,"href":"https:\/\/odlicno.si\/de\/wp-json\/wp\/v2\/product_tag?post=8338"}],"curies":[{"name":"wp","href":"https:\/\/api.w.org\/{rel}","templated":true}]}}