{"id":8337,"date":"2024-12-03T13:25:06","date_gmt":"2024-12-02T10:32:55","guid":{"rendered":"https:\/\/odlicno.mojwww.si\/?post_type=product&#038;p=8337"},"modified":"2024-12-13T09:51:18","modified_gmt":"2024-12-13T08:51:18","slug":"odlicno-mandeln-400-g","status":"publish","type":"product","link":"https:\/\/odlicno.si\/de\/produkte\/nusse-samen\/nusse\/odlicno-mandeln-400-g\/","title":{"rendered":"ODLI\u010cNO Mandeln, 400 g"},"content":{"rendered":"<p>Nat\u00fcrlich knusprige kalifornische Mandeln sind mild im Geschmack und werden sehr h\u00e4ufig in der t\u00e4glichen Ern\u00e4hrung verwendet.<\/p>\n","protected":false},"excerpt":{"rendered":"<p>Nat\u00fcrlich knusprige kalifornische Mandeln sind mild im Geschmack und werden sehr h\u00e4ufig in der t\u00e4glichen Ern\u00e4hrung verwendet.<\/p>\n","protected":false},"featured_media":10790,"template":"","meta":{"_acf_changed":false},"product_brand":[],"product_cat":[290,267,261,105,107],"product_tag":[],"class_list":{"0":"post-8337","1":"product","2":"type-product","3":"status-publish","4":"has-post-thumbnail","6":"product_cat-300-g-500-g-de","7":"product_cat-backen","8":"product_cat-kochen","9":"product_cat-nusse","10":"product_cat-nusse-samen","12":"first","13":"instock","14":"taxable","15":"shipping-taxable","16":"purchasable","17":"product-type-simple"},"acf":[],"mb":[],"jetpack_sharing_enabled":true,"mfb_rest_fields":["title","jetpack_sharing_enabled"],"_links":{"self":[{"href":"https:\/\/odlicno.si\/de\/wp-json\/wp\/v2\/product\/8337","targetHints":{"allow":["GET"]}}],"collection":[{"href":"https:\/\/odlicno.si\/de\/wp-json\/wp\/v2\/product"}],"about":[{"href":"https:\/\/odlicno.si\/de\/wp-json\/wp\/v2\/types\/product"}],"wp:featuredmedia":[{"embeddable":true,"href":"https:\/\/odlicno.si\/de\/wp-json\/wp\/v2\/media\/10790"}],"wp:attachment":[{"href":"https:\/\/odlicno.si\/de\/wp-json\/wp\/v2\/media?parent=8337"}],"wp:term":[{"taxonomy":"product_brand","embeddable":true,"href":"https:\/\/odlicno.si\/de\/wp-json\/wp\/v2\/product_brand?post=8337"},{"taxonomy":"product_cat","embeddable":true,"href":"https:\/\/odlicno.si\/de\/wp-json\/wp\/v2\/product_cat?post=8337"},{"taxonomy":"product_tag","embeddable":true,"href":"https:\/\/odlicno.si\/de\/wp-json\/wp\/v2\/product_tag?post=8337"}],"curies":[{"name":"wp","href":"https:\/\/api.w.org\/{rel}","templated":true}]}}