{"id":8333,"date":"2024-12-02T11:42:13","date_gmt":"2024-12-02T10:42:13","guid":{"rendered":"https:\/\/odlicno.mojwww.si\/?post_type=product&#038;p=8333"},"modified":"2024-12-03T13:28:16","modified_gmt":"2024-12-03T12:28:16","slug":"odlicno-haselnuesse-150-g","status":"publish","type":"product","link":"https:\/\/odlicno.si\/de\/produkte\/nusse-samen\/nusse\/odlicno-haselnuesse-150-g\/","title":{"rendered":"ODLI\u010cNO Haseln\u00fcsse, 150 g"},"content":{"rendered":"<p>Haselnusskerne haben einen gro\u00dfen Geschmack und sind super <strong>knusprig.<\/strong> Sie k\u00f6nnen in Fr\u00fchst\u00fccks-M\u00fcslis, zum Backen von Desserts oder zur Zubereitung exotischer Gerichte verwendet werden. Das Produkt ist <strong>frei von Zusatzstoffen.<\/strong><\/p>\n","protected":false},"excerpt":{"rendered":"<p>Haselnusskerne haben einen gro\u00dfen Geschmack und sind super knusprig. Sie k\u00f6nnen in Fr\u00fchst\u00fccks-M\u00fcslis, zum Backen von Desserts oder zur Zubereitung exotischer Gerichte verwendet werden. Das Produkt ist frei von Zusatzstoffen.<\/p>\n","protected":false},"featured_media":10938,"template":"","meta":{"_acf_changed":false},"product_brand":[],"product_cat":[285,267,258,261,105,107],"product_tag":[],"class_list":{"0":"post-8333","1":"product","2":"type-product","3":"status-publish","4":"has-post-thumbnail","6":"product_cat-100-g-300-g-de","7":"product_cat-backen","8":"product_cat-fur-ausfluge-wanderungen","9":"product_cat-kochen","10":"product_cat-nusse","11":"product_cat-nusse-samen","13":"first","14":"instock","15":"taxable","16":"shipping-taxable","17":"purchasable","18":"product-type-simple"},"acf":[],"mb":[],"jetpack_sharing_enabled":true,"mfb_rest_fields":["title","jetpack_sharing_enabled"],"_links":{"self":[{"href":"https:\/\/odlicno.si\/de\/wp-json\/wp\/v2\/product\/8333","targetHints":{"allow":["GET"]}}],"collection":[{"href":"https:\/\/odlicno.si\/de\/wp-json\/wp\/v2\/product"}],"about":[{"href":"https:\/\/odlicno.si\/de\/wp-json\/wp\/v2\/types\/product"}],"wp:featuredmedia":[{"embeddable":true,"href":"https:\/\/odlicno.si\/de\/wp-json\/wp\/v2\/media\/10938"}],"wp:attachment":[{"href":"https:\/\/odlicno.si\/de\/wp-json\/wp\/v2\/media?parent=8333"}],"wp:term":[{"taxonomy":"product_brand","embeddable":true,"href":"https:\/\/odlicno.si\/de\/wp-json\/wp\/v2\/product_brand?post=8333"},{"taxonomy":"product_cat","embeddable":true,"href":"https:\/\/odlicno.si\/de\/wp-json\/wp\/v2\/product_cat?post=8333"},{"taxonomy":"product_tag","embeddable":true,"href":"https:\/\/odlicno.si\/de\/wp-json\/wp\/v2\/product_tag?post=8333"}],"curies":[{"name":"wp","href":"https:\/\/api.w.org\/{rel}","templated":true}]}}